
{"id":73202,"date":"2021-12-28T13:44:12","date_gmt":"2021-12-28T13:44:12","guid":{"rendered":"https:\/\/www.fluture.md\/?post_type=product&#038;p=73202"},"modified":"2022-05-25T08:23:14","modified_gmt":"2022-05-25T08:23:14","slug":"cam-scaun-pentru-copii-pappananna-c240-ursulet","status":"publish","type":"product","link":"https:\/\/www.fluture.md\/ru\/product\/cam-scaun-pentru-copii-pappananna-c240-ursulet\/","title":{"rendered":"CAM \u0421\u0442\u0443\u043b\u044c\u0447\u0438\u043a \u0434\u043b\u044f \u043a\u043e\u0440\u043c\u043b\u0435\u043d\u0438\u044f Pappananna C240 \u041c\u0438\u0448\u043a\u0430"},"content":{"rendered":"<p>\u041e\u043f\u0438\u0441\u0430\u043d\u0438\u0435:<\/p>\n<p>\u0412\u041e\u0417\u0420\u0410\u0421\u0422:<br \/>\n&#8212; C \u0440\u043e\u0436\u0434\u0435\u043d\u0438\u044f \u0434\u043e 9 \u043c\u0435\u0441. \u043a\u0430\u043a \u0443\u0434\u043e\u0431\u043d\u044b\u0439 \u0448\u0435\u0437\u043b\u043e\u043d\u0433;<br \/>\n&#8212; C 6 \u0434\u043e 36 \u043c\u0435\u0441. \u0432 \u0440\u0435\u0436\u0438\u043c\u0435 \u0441\u0442\u0443\u043b\u044c\u0447\u0438\u043a\u0430.<\/p>\n<p>\u0425\u0410\u0420\u0410\u041a\u0422\u0415\u0420\u0418\u0421\u0422\u0418\u041a\u0418:<br \/>\n&#8212; 8 \u0443\u0440\u043e\u0432\u043d\u0435\u0439 \u0440\u0435\u0433\u0443\u043b\u0438\u0440\u043e\u0432\u043a\u0438 \u043f\u043e \u0432\u044b\u0441\u043e\u0442\u0435;<br \/>\n&#8212; \u0420\u0435\u0433\u0443\u043b\u0438\u0440\u0443\u0435\u043c\u0430\u044f \u0441\u043f\u0438\u043d\u043a\u0430 \u0432 4 \u043f\u043e\u043b\u043e\u0436\u0435\u043d\u0438\u044f\u0445;<br \/>\n&#8212; \u0420\u0435\u0433\u0443\u043b\u0438\u0440\u0443\u0435\u043c\u0430\u044f \u043f\u043e\u0434\u043d\u043e\u0436\u043a\u0430 \u043f\u043e \u0432\u044b\u0441\u043e\u0442\u0435 (3 \u043f\u043e\u043b\u043e\u0436\u0435\u043d\u0438\u044f);<br \/>\n&#8212; \u0411\u043e\u043b\u044c\u0448\u043e\u0439 \u0441\u044a\u0435\u043c\u043d\u044b\u0439 \u043f\u043e\u0434\u043d\u043e\u0441;<br \/>\n&#8212; \u041c\u044f\u0433\u043a\u0438\u0435 \u0432 5-\u0442\u043e\u0447\u0435\u0447\u043d\u044b\u0435 \u0440\u0435\u043c\u043d\u0438 \u0431\u0435\u0437\u043e\u043f\u0430\u0441\u043d\u043e\u0441\u0442\u0438 \u0441 \u043c\u044f\u0433\u043a\u0438\u043c\u0438 \u0432\u0441\u0442\u0430\u0432\u043a\u0430\u043c\u0438;<br \/>\n&#8212; \u041a\u043e\u043b\u0435\u0441\u0438\u043a\u0438 \u043d\u0430 \u0437\u0430\u0434\u043d\u0438\u0445 \u043d\u043e\u0436\u043a\u0430\u0445;<br \/>\n&#8212; \u041a\u043e\u043c\u043f\u0430\u043a\u0442\u0435\u043d \u043f\u0440\u0438 \u0441\u043b\u043e\u0436\u0435\u043d\u0438\u0438.<\/p>\n<p>\u0420\u0410\u0417\u041c\u0415\u0420:<br \/>\n&#8212; \u0412 \u0440\u0430\u0437\u043b\u043e\u0436\u0435\u043d\u043d\u043e\u043c \u0432\u0438\u0434\u0435: 55\u044576\u0445106 \u0441\u043c.<br \/>\n&#8212; \u0412 \u0441\u043b\u043e\u0436\u0435\u043d\u043d\u043e\u043c \u0432\u0438\u0434\u0435: 55\u044531\u044589 \u0441\u043c.<\/p>\n<p>\u0412\u0415\u0421: 8,9 \u043a\u0433.<br \/>\n<iframe loading=\"lazy\" title=\"PAPPANANNA RU\" width=\"1220\" height=\"686\" src=\"https:\/\/www.youtube.com\/embed\/0bhRAVwY_Uo?feature=oembed\" frameborder=\"0\" allow=\"accelerometer; autoplay; clipboard-write; encrypted-media; gyroscope; picture-in-picture\" allowfullscreen><\/iframe><\/p>\n<p>Varsta:<br \/>\n&#8212; De la na\u0219tere p\u00e2n\u0103 la 9 luni ca un confortabil \u0219ezlong;<br \/>\n&#8212; De la 6 pina la 36 de luni \u00een modul scaun.<\/p>\n<p>Caracteristici:<br \/>\n&#8212; 8 nivele de reglare a \u00een\u0103l\u021bimii;<br \/>\n&#8212; Spatar reglabil in 4 pozitii;<br \/>\n&#8212; Suport pentru picioare reglabil \u00een \u00een\u0103l\u021bime (3 pozi\u021bii);<br \/>\n&#8212; Tav\u0103 deta\u0219abil\u0103 mare;<br \/>\n&#8212; Centura de siguranta cu sistem de prindere in 5 puncte;<br \/>\n&#8212; Roti pe picioarele din spate;<br \/>\n&#8212; Se asambleaza compact.<\/p>\n<p>Dimensiuni:<br \/>\n&#8212; Deschis: 55x76x106 cm.<br \/>\n&#8212; Inchis: 55x31x89 cm.<\/p>\n<p>Greutate: 8,9 kg.<\/p>\n<p><iframe loading=\"lazy\" title=\"PAPPANANNA RU\" width=\"1220\" height=\"686\" src=\"https:\/\/www.youtube.com\/embed\/0bhRAVwY_Uo?feature=oembed\" frameborder=\"0\" allow=\"accelerometer; autoplay; clipboard-write; encrypted-media; gyroscope; picture-in-picture\" allowfullscreen><\/iframe><\/p>","protected":false},"excerpt":{"rendered":"<p>\u041e\u043f\u0438\u0441\u0430\u043d\u0438\u0435: \u0412\u041e\u0417\u0420\u0410\u0421\u0422: &#8212; C \u0440\u043e\u0436\u0434\u0435\u043d\u0438\u044f \u0434\u043e 9 \u043c\u0435\u0441. \u043a\u0430\u043a \u0443\u0434\u043e\u0431\u043d\u044b\u0439 \u0448\u0435\u0437\u043b\u043e\u043d\u0433; &#8212; C 6 \u0434\u043e 36 \u043c\u0435\u0441. \u0432 \u0440\u0435\u0436\u0438\u043c\u0435 \u0441\u0442\u0443\u043b\u044c\u0447\u0438\u043a\u0430. \u0425\u0410\u0420\u0410\u041a\u0422\u0415\u0420\u0418\u0421\u0422\u0418\u041a\u0418: &#8212; 8 \u0443\u0440\u043e\u0432\u043d\u0435\u0439 \u0440\u0435\u0433\u0443\u043b\u0438\u0440\u043e\u0432\u043a\u0438 \u043f\u043e \u0432\u044b\u0441\u043e\u0442\u0435; &#8212; \u0420\u0435\u0433\u0443\u043b\u0438\u0440\u0443\u0435\u043c\u0430\u044f \u0441\u043f\u0438\u043d\u043a\u0430 \u0432 4 \u043f\u043e\u043b\u043e\u0436\u0435\u043d\u0438\u044f\u0445; &#8212; \u0420\u0435\u0433\u0443\u043b\u0438\u0440\u0443\u0435\u043c\u0430\u044f \u043f\u043e\u0434\u043d\u043e\u0436\u043a\u0430 \u043f\u043e \u0432\u044b\u0441\u043e\u0442\u0435 (3 \u043f\u043e\u043b\u043e\u0436\u0435\u043d\u0438\u044f); &#8212; \u0411\u043e\u043b\u044c\u0448\u043e\u0439 \u0441\u044a\u0435\u043c\u043d\u044b\u0439 \u043f\u043e\u0434\u043d\u043e\u0441; &#8212; \u041c\u044f\u0433\u043a\u0438\u0435 \u0432 5-\u0442\u043e\u0447\u0435\u0447\u043d\u044b\u0435 \u0440\u0435\u043c\u043d\u0438 \u0431\u0435\u0437\u043e\u043f\u0430\u0441\u043d\u043e\u0441\u0442\u0438 \u0441 \u043c\u044f\u0433\u043a\u0438\u043c\u0438 \u0432\u0441\u0442\u0430\u0432\u043a\u0430\u043c\u0438; &#8212; \u041a\u043e\u043b\u0435\u0441\u0438\u043a\u0438 \u043d\u0430 \u0437\u0430\u0434\u043d\u0438\u0445 \u043d\u043e\u0436\u043a\u0430\u0445; &#8212; \u041a\u043e\u043c\u043f\u0430\u043a\u0442\u0435\u043d \u043f\u0440\u0438 \u0441\u043b\u043e\u0436\u0435\u043d\u0438\u0438. \u0420\u0410\u0417\u041c\u0415\u0420: &#8212; \u0412 \u0440\u0430\u0437\u043b\u043e\u0436\u0435\u043d\u043d\u043e\u043c \u0432\u0438\u0434\u0435: 55\u044576\u0445106 \u0441\u043c. &#8212; \u0412 \u0441\u043b\u043e\u0436\u0435\u043d\u043d\u043e\u043c \u0432\u0438\u0434\u0435: 55\u044531\u044589 \u0441\u043c. \u0412\u0415\u0421: 8,9 \u043a\u0433. Varsta: &#8212; De la na\u0219tere p\u00e2n\u0103&hellip;<\/p>\n","protected":false},"featured_media":73210,"comment_status":"open","ping_status":"closed","template":"","meta":[],"product_cat":[792,405,310,202],"product_tag":[],"yoast_head":"<!-- This site is optimized with the Yoast SEO plugin v21.9.1 - https:\/\/yoast.com\/wordpress\/plugins\/seo\/ -->\n<title>CAM \u0421\u0442\u0443\u043b\u044c\u0447\u0438\u043a \u0434\u043b\u044f \u043a\u043e\u0440\u043c\u043b\u0435\u043d\u0438\u044f Pappananna C240 \u041c\u0438\u0448\u043a\u0430 - www.fluture.md<\/title>\n<meta name=\"robots\" content=\"index, follow, max-snippet:-1, max-image-preview:large, max-video-preview:-1\" \/>\n<link rel=\"canonical\" href=\"https:\/\/www.fluture.md\/product\/cam-scaun-pentru-copii-pappananna-c240-ursulet\/\" \/>\n<meta property=\"og:locale\" content=\"ru_RU\" \/>\n<meta property=\"og:type\" content=\"article\" \/>\n<meta property=\"og:title\" content=\"[:ru]CAM \u0421\u0442\u0443\u043b\u044c\u0447\u0438\u043a \u0434\u043b\u044f \u043a\u043e\u0440\u043c\u043b\u0435\u043d\u0438\u044f Pappananna C240 \u041c\u0438\u0448\u043a\u0430[:ro]CAM Scaun pentru copii Pappananna C240 Ursulet[:] - www.fluture.md\" \/>\n<meta property=\"og:description\" content=\"\u041e\u043f\u0438\u0441\u0430\u043d\u0438\u0435: \u0412\u041e\u0417\u0420\u0410\u0421\u0422: &#8212; C \u0440\u043e\u0436\u0434\u0435\u043d\u0438\u044f \u0434\u043e 9 \u043c\u0435\u0441. \u043a\u0430\u043a \u0443\u0434\u043e\u0431\u043d\u044b\u0439 \u0448\u0435\u0437\u043b\u043e\u043d\u0433; &#8212; C 6 \u0434\u043e 36 \u043c\u0435\u0441. \u0432 \u0440\u0435\u0436\u0438\u043c\u0435 \u0441\u0442\u0443\u043b\u044c\u0447\u0438\u043a\u0430. \u0425\u0410\u0420\u0410\u041a\u0422\u0415\u0420\u0418\u0421\u0422\u0418\u041a\u0418: &#8212; 8 \u0443\u0440\u043e\u0432\u043d\u0435\u0439 \u0440\u0435\u0433\u0443\u043b\u0438\u0440\u043e\u0432\u043a\u0438 \u043f\u043e \u0432\u044b\u0441\u043e\u0442\u0435; &#8212; \u0420\u0435\u0433\u0443\u043b\u0438\u0440\u0443\u0435\u043c\u0430\u044f \u0441\u043f\u0438\u043d\u043a\u0430 \u0432 4 \u043f\u043e\u043b\u043e\u0436\u0435\u043d\u0438\u044f\u0445; &#8212; \u0420\u0435\u0433\u0443\u043b\u0438\u0440\u0443\u0435\u043c\u0430\u044f \u043f\u043e\u0434\u043d\u043e\u0436\u043a\u0430 \u043f\u043e \u0432\u044b\u0441\u043e\u0442\u0435 (3 \u043f\u043e\u043b\u043e\u0436\u0435\u043d\u0438\u044f); &#8212; \u0411\u043e\u043b\u044c\u0448\u043e\u0439 \u0441\u044a\u0435\u043c\u043d\u044b\u0439 \u043f\u043e\u0434\u043d\u043e\u0441; &#8212; \u041c\u044f\u0433\u043a\u0438\u0435 \u0432 5-\u0442\u043e\u0447\u0435\u0447\u043d\u044b\u0435 \u0440\u0435\u043c\u043d\u0438 \u0431\u0435\u0437\u043e\u043f\u0430\u0441\u043d\u043e\u0441\u0442\u0438 \u0441 \u043c\u044f\u0433\u043a\u0438\u043c\u0438 \u0432\u0441\u0442\u0430\u0432\u043a\u0430\u043c\u0438; &#8212; \u041a\u043e\u043b\u0435\u0441\u0438\u043a\u0438 \u043d\u0430 \u0437\u0430\u0434\u043d\u0438\u0445 \u043d\u043e\u0436\u043a\u0430\u0445; &#8212; \u041a\u043e\u043c\u043f\u0430\u043a\u0442\u0435\u043d \u043f\u0440\u0438 \u0441\u043b\u043e\u0436\u0435\u043d\u0438\u0438. \u0420\u0410\u0417\u041c\u0415\u0420: &#8212; \u0412 \u0440\u0430\u0437\u043b\u043e\u0436\u0435\u043d\u043d\u043e\u043c \u0432\u0438\u0434\u0435: 55\u044576\u0445106 \u0441\u043c. &#8212; \u0412 \u0441\u043b\u043e\u0436\u0435\u043d\u043d\u043e\u043c \u0432\u0438\u0434\u0435: 55\u044531\u044589 \u0441\u043c. \u0412\u0415\u0421: 8,9 \u043a\u0433. Varsta: &#8212; De la na\u0219tere p\u00e2n\u0103&hellip;\" \/>\n<meta property=\"og:url\" content=\"https:\/\/www.fluture.md\/product\/cam-scaun-pentru-copii-pappananna-c240-ursulet\/\" \/>\n<meta property=\"og:site_name\" content=\"www.fluture.md\" \/>\n<meta property=\"article:modified_time\" content=\"2022-05-25T08:23:14+00:00\" \/>\n<meta property=\"og:image\" content=\"https:\/\/www.fluture.md\/wp-content\/uploads\/2021\/12\/CAM-Scaun-pentru-copii-Pappananna-C240-Ursulet-8.jpg\" \/>\n\t<meta property=\"og:image:width\" content=\"500\" \/>\n\t<meta property=\"og:image:height\" content=\"450\" \/>\n\t<meta property=\"og:image:type\" content=\"image\/jpeg\" \/>\n<meta name=\"twitter:card\" content=\"summary_large_image\" \/>\n<meta name=\"twitter:label1\" content=\"\u041f\u0440\u0438\u043c\u0435\u0440\u043d\u043e\u0435 \u0432\u0440\u0435\u043c\u044f \u0434\u043b\u044f \u0447\u0442\u0435\u043d\u0438\u044f\" \/>\n\t<meta name=\"twitter:data1\" content=\"1 \u043c\u0438\u043d\u0443\u0442\u0430\" \/>\n<script type=\"application\/ld+json\" class=\"yoast-schema-graph\">{\"@context\":\"https:\/\/schema.org\",\"@graph\":[{\"@type\":\"WebPage\",\"@id\":\"https:\/\/www.fluture.md\/product\/cam-scaun-pentru-copii-pappananna-c240-ursulet\/\",\"url\":\"https:\/\/www.fluture.md\/product\/cam-scaun-pentru-copii-pappananna-c240-ursulet\/\",\"name\":\"[:ru]CAM \u0421\u0442\u0443\u043b\u044c\u0447\u0438\u043a \u0434\u043b\u044f \u043a\u043e\u0440\u043c\u043b\u0435\u043d\u0438\u044f Pappananna C240 \u041c\u0438\u0448\u043a\u0430[:ro]CAM Scaun pentru copii Pappananna C240 Ursulet[:] - www.fluture.md\",\"isPartOf\":{\"@id\":\"https:\/\/www.fluture.md\/ru\/#website\"},\"datePublished\":\"2021-12-28T13:44:12+00:00\",\"dateModified\":\"2022-05-25T08:23:14+00:00\",\"breadcrumb\":{\"@id\":\"https:\/\/www.fluture.md\/product\/cam-scaun-pentru-copii-pappananna-c240-ursulet\/#breadcrumb\"},\"inLanguage\":\"ru-RU\",\"potentialAction\":[{\"@type\":\"ReadAction\",\"target\":[\"https:\/\/www.fluture.md\/product\/cam-scaun-pentru-copii-pappananna-c240-ursulet\/\"]}]},{\"@type\":\"BreadcrumbList\",\"@id\":\"https:\/\/www.fluture.md\/product\/cam-scaun-pentru-copii-pappananna-c240-ursulet\/#breadcrumb\",\"itemListElement\":[{\"@type\":\"ListItem\",\"position\":1,\"name\":\"\u0413\u043b\u0430\u0432\u043d\u0430\u044f \u0441\u0442\u0440\u0430\u043d\u0438\u0446\u0430\",\"item\":\"https:\/\/www.fluture.md\/\"},{\"@type\":\"ListItem\",\"position\":2,\"name\":\"Magazin online\",\"item\":\"https:\/\/www.fluture.md\/shop\/\"},{\"@type\":\"ListItem\",\"position\":3,\"name\":\"CAM Scaun pentru copii Pappananna C240 Ursulet\"}]},{\"@type\":\"WebSite\",\"@id\":\"https:\/\/www.fluture.md\/ru\/#website\",\"url\":\"https:\/\/www.fluture.md\/ru\/\",\"name\":\"www.fluture.md\",\"description\":\"\u041c\u0435\u0431\u0435\u043b\u044c \u0438 \u0430\u043a\u0441\u0435\u0441\u0441\u0443\u0430\u0440\u044b \u0434\u043b\u044f \u043d\u043e\u0432\u043e\u0440\u043e\u0436\u0434\u0435\u043d\u043d\u044b\u0445 \u0441 \u0431\u0435\u0441\u043f\u043b\u0430\u0442\u043d\u043e\u0439 \u0434\u043e\u0441\u0442\u0430\u0432\u043a\u043e\u0439 \u043f\u043e \u041c\u043e\u043b\u0434\u043e\u0432\u0435\",\"potentialAction\":[{\"@type\":\"SearchAction\",\"target\":{\"@type\":\"EntryPoint\",\"urlTemplate\":\"https:\/\/www.fluture.md\/ru\/?s={search_term_string}\"},\"query-input\":\"required name=search_term_string\"}],\"inLanguage\":\"ru-RU\"}]}<\/script>\n<!-- \/ Yoast SEO plugin. -->","yoast_head_json":{"title":"[:ru]CAM \u0421\u0442\u0443\u043b\u044c\u0447\u0438\u043a \u0434\u043b\u044f \u043a\u043e\u0440\u043c\u043b\u0435\u043d\u0438\u044f Pappananna C240 \u041c\u0438\u0448\u043a\u0430[:ro]CAM Scaun pentru copii Pappananna C240 Ursulet[:] - www.fluture.md","robots":{"index":"index","follow":"follow","max-snippet":"max-snippet:-1","max-image-preview":"max-image-preview:large","max-video-preview":"max-video-preview:-1"},"canonical":"https:\/\/www.fluture.md\/product\/cam-scaun-pentru-copii-pappananna-c240-ursulet\/","og_locale":"ru_RU","og_type":"article","og_title":"[:ru]CAM \u0421\u0442\u0443\u043b\u044c\u0447\u0438\u043a \u0434\u043b\u044f \u043a\u043e\u0440\u043c\u043b\u0435\u043d\u0438\u044f Pappananna C240 \u041c\u0438\u0448\u043a\u0430[:ro]CAM Scaun pentru copii Pappananna C240 Ursulet[:] - www.fluture.md","og_description":"\u041e\u043f\u0438\u0441\u0430\u043d\u0438\u0435: \u0412\u041e\u0417\u0420\u0410\u0421\u0422: &#8212; C \u0440\u043e\u0436\u0434\u0435\u043d\u0438\u044f \u0434\u043e 9 \u043c\u0435\u0441. \u043a\u0430\u043a \u0443\u0434\u043e\u0431\u043d\u044b\u0439 \u0448\u0435\u0437\u043b\u043e\u043d\u0433; &#8212; C 6 \u0434\u043e 36 \u043c\u0435\u0441. \u0432 \u0440\u0435\u0436\u0438\u043c\u0435 \u0441\u0442\u0443\u043b\u044c\u0447\u0438\u043a\u0430. \u0425\u0410\u0420\u0410\u041a\u0422\u0415\u0420\u0418\u0421\u0422\u0418\u041a\u0418: &#8212; 8 \u0443\u0440\u043e\u0432\u043d\u0435\u0439 \u0440\u0435\u0433\u0443\u043b\u0438\u0440\u043e\u0432\u043a\u0438 \u043f\u043e \u0432\u044b\u0441\u043e\u0442\u0435; &#8212; \u0420\u0435\u0433\u0443\u043b\u0438\u0440\u0443\u0435\u043c\u0430\u044f \u0441\u043f\u0438\u043d\u043a\u0430 \u0432 4 \u043f\u043e\u043b\u043e\u0436\u0435\u043d\u0438\u044f\u0445; &#8212; \u0420\u0435\u0433\u0443\u043b\u0438\u0440\u0443\u0435\u043c\u0430\u044f \u043f\u043e\u0434\u043d\u043e\u0436\u043a\u0430 \u043f\u043e \u0432\u044b\u0441\u043e\u0442\u0435 (3 \u043f\u043e\u043b\u043e\u0436\u0435\u043d\u0438\u044f); &#8212; \u0411\u043e\u043b\u044c\u0448\u043e\u0439 \u0441\u044a\u0435\u043c\u043d\u044b\u0439 \u043f\u043e\u0434\u043d\u043e\u0441; &#8212; \u041c\u044f\u0433\u043a\u0438\u0435 \u0432 5-\u0442\u043e\u0447\u0435\u0447\u043d\u044b\u0435 \u0440\u0435\u043c\u043d\u0438 \u0431\u0435\u0437\u043e\u043f\u0430\u0441\u043d\u043e\u0441\u0442\u0438 \u0441 \u043c\u044f\u0433\u043a\u0438\u043c\u0438 \u0432\u0441\u0442\u0430\u0432\u043a\u0430\u043c\u0438; &#8212; \u041a\u043e\u043b\u0435\u0441\u0438\u043a\u0438 \u043d\u0430 \u0437\u0430\u0434\u043d\u0438\u0445 \u043d\u043e\u0436\u043a\u0430\u0445; &#8212; \u041a\u043e\u043c\u043f\u0430\u043a\u0442\u0435\u043d \u043f\u0440\u0438 \u0441\u043b\u043e\u0436\u0435\u043d\u0438\u0438. \u0420\u0410\u0417\u041c\u0415\u0420: &#8212; \u0412 \u0440\u0430\u0437\u043b\u043e\u0436\u0435\u043d\u043d\u043e\u043c \u0432\u0438\u0434\u0435: 55\u044576\u0445106 \u0441\u043c. &#8212; \u0412 \u0441\u043b\u043e\u0436\u0435\u043d\u043d\u043e\u043c \u0432\u0438\u0434\u0435: 55\u044531\u044589 \u0441\u043c. \u0412\u0415\u0421: 8,9 \u043a\u0433. Varsta: &#8212; De la na\u0219tere p\u00e2n\u0103&hellip;","og_url":"https:\/\/www.fluture.md\/product\/cam-scaun-pentru-copii-pappananna-c240-ursulet\/","og_site_name":"www.fluture.md","article_modified_time":"2022-05-25T08:23:14+00:00","og_image":[{"width":500,"height":450,"url":"https:\/\/www.fluture.md\/wp-content\/uploads\/2021\/12\/CAM-Scaun-pentru-copii-Pappananna-C240-Ursulet-8.jpg","type":"image\/jpeg"}],"twitter_card":"summary_large_image","twitter_misc":{"\u041f\u0440\u0438\u043c\u0435\u0440\u043d\u043e\u0435 \u0432\u0440\u0435\u043c\u044f \u0434\u043b\u044f \u0447\u0442\u0435\u043d\u0438\u044f":"1 \u043c\u0438\u043d\u0443\u0442\u0430"},"schema":{"@context":"https:\/\/schema.org","@graph":[{"@type":"WebPage","@id":"https:\/\/www.fluture.md\/product\/cam-scaun-pentru-copii-pappananna-c240-ursulet\/","url":"https:\/\/www.fluture.md\/product\/cam-scaun-pentru-copii-pappananna-c240-ursulet\/","name":"[:ru]CAM \u0421\u0442\u0443\u043b\u044c\u0447\u0438\u043a \u0434\u043b\u044f \u043a\u043e\u0440\u043c\u043b\u0435\u043d\u0438\u044f Pappananna C240 \u041c\u0438\u0448\u043a\u0430[:ro]CAM Scaun pentru copii Pappananna C240 Ursulet[:] - www.fluture.md","isPartOf":{"@id":"https:\/\/www.fluture.md\/ru\/#website"},"datePublished":"2021-12-28T13:44:12+00:00","dateModified":"2022-05-25T08:23:14+00:00","breadcrumb":{"@id":"https:\/\/www.fluture.md\/product\/cam-scaun-pentru-copii-pappananna-c240-ursulet\/#breadcrumb"},"inLanguage":"ru-RU","potentialAction":[{"@type":"ReadAction","target":["https:\/\/www.fluture.md\/product\/cam-scaun-pentru-copii-pappananna-c240-ursulet\/"]}]},{"@type":"BreadcrumbList","@id":"https:\/\/www.fluture.md\/product\/cam-scaun-pentru-copii-pappananna-c240-ursulet\/#breadcrumb","itemListElement":[{"@type":"ListItem","position":1,"name":"\u0413\u043b\u0430\u0432\u043d\u0430\u044f \u0441\u0442\u0440\u0430\u043d\u0438\u0446\u0430","item":"https:\/\/www.fluture.md\/"},{"@type":"ListItem","position":2,"name":"Magazin online","item":"https:\/\/www.fluture.md\/shop\/"},{"@type":"ListItem","position":3,"name":"CAM Scaun pentru copii Pappananna C240 Ursulet"}]},{"@type":"WebSite","@id":"https:\/\/www.fluture.md\/ru\/#website","url":"https:\/\/www.fluture.md\/ru\/","name":"www.fluture.md","description":"\u041c\u0435\u0431\u0435\u043b\u044c \u0438 \u0430\u043a\u0441\u0435\u0441\u0441\u0443\u0430\u0440\u044b \u0434\u043b\u044f \u043d\u043e\u0432\u043e\u0440\u043e\u0436\u0434\u0435\u043d\u043d\u044b\u0445 \u0441 \u0431\u0435\u0441\u043f\u043b\u0430\u0442\u043d\u043e\u0439 \u0434\u043e\u0441\u0442\u0430\u0432\u043a\u043e\u0439 \u043f\u043e \u041c\u043e\u043b\u0434\u043e\u0432\u0435","potentialAction":[{"@type":"SearchAction","target":{"@type":"EntryPoint","urlTemplate":"https:\/\/www.fluture.md\/ru\/?s={search_term_string}"},"query-input":"required name=search_term_string"}],"inLanguage":"ru-RU"}]}},"_links":{"self":[{"href":"https:\/\/www.fluture.md\/ru\/wp-json\/wp\/v2\/product\/73202"}],"collection":[{"href":"https:\/\/www.fluture.md\/ru\/wp-json\/wp\/v2\/product"}],"about":[{"href":"https:\/\/www.fluture.md\/ru\/wp-json\/wp\/v2\/types\/product"}],"replies":[{"embeddable":true,"href":"https:\/\/www.fluture.md\/ru\/wp-json\/wp\/v2\/comments?post=73202"}],"wp:featuredmedia":[{"embeddable":true,"href":"https:\/\/www.fluture.md\/ru\/wp-json\/wp\/v2\/media\/73210"}],"wp:attachment":[{"href":"https:\/\/www.fluture.md\/ru\/wp-json\/wp\/v2\/media?parent=73202"}],"wp:term":[{"taxonomy":"product_cat","embeddable":true,"href":"https:\/\/www.fluture.md\/ru\/wp-json\/wp\/v2\/product_cat?post=73202"},{"taxonomy":"product_tag","embeddable":true,"href":"https:\/\/www.fluture.md\/ru\/wp-json\/wp\/v2\/product_tag?post=73202"}],"curies":[{"name":"wp","href":"https:\/\/api.w.org\/{rel}","templated":true}]}}