
{"id":33045,"date":"2020-06-25T17:04:49","date_gmt":"2020-06-25T17:04:49","guid":{"rendered":"https:\/\/www.fluture.md\/?post_type=product&#038;p=33045"},"modified":"2022-07-29T10:21:28","modified_gmt":"2022-07-29T10:21:28","slug":"patut-berioza-bej-2","status":"publish","type":"product","link":"https:\/\/www.fluture.md\/ru\/product\/patut-berioza-bej-2\/","title":{"rendered":"\u041a\u0440\u043e\u0432\u0430\u0442\u043a\u0430 SKV-Company \u0411\u0435\u0440\u0435\u0437\u043a\u0430 (124001) \u0411\u0435\u043b\u0430\u044f"},"content":{"rendered":"<p><strong><span style=\"vertical-align: inherit;\"><span style=\"vertical-align: inherit;\">\u0421\u041a\u0412-\u041a\u043e\u043c\u043f\u0430\u043d\u0438\u044f \u0411\u0435\u0440\u0435\u0437\u043a\u0430 (124001) \u0411\u0435\u043b\u0430\u044f<\/span><\/span><\/strong><\/p>\n<table border=\"0\" cellspacing=\"0\" cellpadding=\"0\">\n<tbody>\n<tr>\n<td>\n<div><span style=\"vertical-align: inherit;\"><span style=\"vertical-align: inherit;\">\u0422\u0438\u043f<\/span><\/span><\/div>\n<\/td>\n<td><span style=\"vertical-align: inherit;\"><span style=\"vertical-align: inherit;\">\u043a\u0440\u043e\u0432\u0430\u0442\u043a\u0430<\/span><\/span><\/td>\n<\/tr>\n<tr>\n<td>\n<div><span style=\"vertical-align: inherit;\"><span style=\"vertical-align: inherit;\">\u041c\u0430\u0442\u0435\u0440\u0438\u0430\u043b<\/span><\/span><\/div>\n<\/td>\n<td><span style=\"vertical-align: inherit;\"><span style=\"vertical-align: inherit;\">\u0431\u0435\u0440\u0435\u0437\u0430<\/span><\/span><\/td>\n<\/tr>\n<tr>\n<td>\n<div><span style=\"vertical-align: inherit;\"><span style=\"vertical-align: inherit;\">\u0426\u0432\u0435\u0442<\/span><\/span><\/div>\n<\/td>\n<td><span style=\"vertical-align: inherit;\"><span style=\"vertical-align: inherit;\">\u0431\u0435\u043b\u044b\u0439<\/span><\/span><\/td>\n<\/tr>\n<tr>\n<td>\n<div><span style=\"vertical-align: inherit;\"><span style=\"vertical-align: inherit;\">\u0421\u043f\u0438\u043d\u043a\u0438<\/span><\/span><\/div>\n<\/td>\n<td><span style=\"vertical-align: inherit;\"><span style=\"vertical-align: inherit;\">\u0440\u0435\u0435\u0447\u043d\u044b\u0435<\/span><\/span><\/td>\n<\/tr>\n<tr>\n<td>\n<div><span style=\"vertical-align: inherit;\"><span style=\"vertical-align: inherit;\">\u0421\u0442\u0435\u043d\u043a\u0438<\/span><\/span><\/div>\n<\/td>\n<td><span style=\"vertical-align: inherit;\"><span style=\"vertical-align: inherit;\">\u0440\u0435\u0435\u0447\u043d\u044b\u0435<\/span><\/span><\/td>\n<\/tr>\n<tr>\n<td>\n<div><span style=\"vertical-align: inherit;\"><span style=\"vertical-align: inherit;\">\u0418\u0441\u043b\u043e \u0443\u0440\u043e\u0432\u043d\u0435\u0439 \u0432\u044b\u0441\u043e\u0442\u044b \u043b\u043e\u0436\u0430<\/span><\/span><\/div>\n<\/td>\n<td><span style=\"vertical-align: inherit;\"><span style=\"vertical-align: inherit;\">2<\/span><\/span><\/td>\n<\/tr>\n<tr>\n<td>\n<div><span style=\"vertical-align: inherit;\"><span style=\"vertical-align: inherit;\">\u0420\u0430\u0437\u043c\u0435\u0440\u044b \u043a\u0440\u043e\u0432\u0430\u0442\u0438<\/span><\/span><\/div>\n<\/td>\n<td><span style=\"vertical-align: inherit;\"><span style=\"vertical-align: inherit;\">1150x1250x720 \u043c\u043c<\/span><\/span><\/td>\n<\/tr>\n<tr>\n<td>\n<div><span style=\"vertical-align: inherit;\"><span style=\"vertical-align: inherit;\">\u0420\u0430\u0437\u043c\u0435\u0440\u044b \u0443\u043f\u0430\u043a\u043e\u0432\u043a\u0438<\/span><\/span><\/div>\n<\/td>\n<td><span style=\"vertical-align: inherit;\"><span style=\"vertical-align: inherit;\">1240\u0445150\u0445710 \u043c\u043c<\/span><\/span><\/td>\n<\/tr>\n<tr>\n<td>\n<div><span style=\"vertical-align: inherit;\"><span style=\"vertical-align: inherit;\">\u0412\u0435\u0441<\/span><\/span><\/div>\n<\/td>\n<td><span style=\"vertical-align: inherit;\"><span style=\"vertical-align: inherit;\">20 \u043a\u0433<\/span><\/span><\/td>\n<\/tr>\n<tr>\n<td>\n<div><span style=\"vertical-align: inherit;\"><span style=\"vertical-align: inherit;\">\u041e\u043f\u0443\u0441\u043a\u0430\u044e\u0449\u0430\u044f\u0441\u044f \u0441\u0442\u0435\u043d\u043a\u0430 \/ \u0441\u044a\u0435\u043c\u043d\u0430\u044f<\/span><\/span><\/div>\n<\/td>\n<td><span style=\"vertical-align: inherit;\"><span style=\"vertical-align: inherit;\">\u0435\u0441\u0442\u044c<\/span><\/span><\/td>\n<\/tr>\n<tr>\n<td>\n<div><span style=\"vertical-align: inherit;\"><span style=\"vertical-align: inherit;\">\u041a\u0430\u0447\u0430\u044e\u0449\u0438\u0439 \u043c\u0435\u0445\u0430\u043d\u0438\u0437\u043c<\/span><\/span><\/div>\n<\/td>\n<td><span style=\"vertical-align: inherit;\"><span style=\"vertical-align: inherit;\">\u0435\u0441\u0442\u044c<\/span><\/span><\/td>\n<\/tr>\n<tr>\n<td>\n<div><span style=\"vertical-align: inherit;\"><span style=\"vertical-align: inherit;\">\u0420\u0430\u0437\u043c\u0435\u0440\u044b \u043c\u0430\u0442\u0440\u0430\u0441\u0430<\/span><\/span><\/div>\n<\/td>\n<td><span style=\"vertical-align: inherit;\"><span style=\"vertical-align: inherit;\">1200&#215;600 \u043c\u043c<\/span><\/span><\/td>\n<\/tr>\n<tr>\n<td>\n<div><span style=\"vertical-align: inherit;\"><span style=\"vertical-align: inherit;\">\u041f\u0440\u043e\u0438\u0437\u0432\u043e\u0434\u0438\u0442\u0435\u043b\u044c<\/span><\/span><\/div>\n<\/td>\n<td><span style=\"vertical-align: inherit;\"><span style=\"vertical-align: inherit;\">SKV-Company<\/span><\/span><\/td>\n<\/tr>\n<\/tbody>\n<\/table>\n<p><\/p>","protected":false},"excerpt":{"rendered":"<p>\u0421\u041a\u0412-\u041a\u043e\u043c\u043f\u0430\u043d\u0438\u044f \u0411\u0435\u0440\u0435\u0437\u043a\u0430 (124001) \u0411\u0435\u043b\u0430\u044f \u0422\u0438\u043f \u043a\u0440\u043e\u0432\u0430\u0442\u043a\u0430 \u041c\u0430\u0442\u0435\u0440\u0438\u0430\u043b \u0431\u0435\u0440\u0435\u0437\u0430 \u0426\u0432\u0435\u0442 \u0431\u0435\u043b\u044b\u0439 \u0421\u043f\u0438\u043d\u043a\u0438 \u0440\u0435\u0435\u0447\u043d\u044b\u0435 \u0421\u0442\u0435\u043d\u043a\u0438 \u0440\u0435\u0435\u0447\u043d\u044b\u0435 \u0418\u0441\u043b\u043e \u0443\u0440\u043e\u0432\u043d\u0435\u0439 \u0432\u044b\u0441\u043e\u0442\u044b \u043b\u043e\u0436\u0430 2 \u0420\u0430\u0437\u043c\u0435\u0440\u044b \u043a\u0440\u043e\u0432\u0430\u0442\u0438 1150x1250x720 \u043c\u043c \u0420\u0430\u0437\u043c\u0435\u0440\u044b \u0443\u043f\u0430\u043a\u043e\u0432\u043a\u0438 1240\u0445150\u0445710 \u043c\u043c \u0412\u0435\u0441 20 \u043a\u0433 \u041e\u043f\u0443\u0441\u043a\u0430\u044e\u0449\u0430\u044f\u0441\u044f \u0441\u0442\u0435\u043d\u043a\u0430 \/ \u0441\u044a\u0435\u043c\u043d\u0430\u044f \u0435\u0441\u0442\u044c \u041a\u0430\u0447\u0430\u044e\u0449\u0438\u0439 \u043c\u0435\u0445\u0430\u043d\u0438\u0437\u043c \u0435\u0441\u0442\u044c \u0420\u0430\u0437\u043c\u0435\u0440\u044b \u043c\u0430\u0442\u0440\u0430\u0441\u0430 1200&#215;600 \u043c\u043c \u041f\u0440\u043e\u0438\u0437\u0432\u043e\u0434\u0438\u0442\u0435\u043b\u044c SKV-Company<\/p>\n","protected":false},"featured_media":69906,"comment_status":"closed","ping_status":"closed","template":"","meta":[],"product_cat":[247,248,249],"product_tag":[],"yoast_head":"<!-- This site is optimized with the Yoast SEO plugin v21.9.1 - https:\/\/yoast.com\/wordpress\/plugins\/seo\/ -->\n<title>\u041a\u0440\u043e\u0432\u0430\u0442\u043a\u0430 SKV-Company \u0411\u0435\u0440\u0435\u0437\u043a\u0430 (124001) \u0411\u0435\u043b\u0430\u044f - www.fluture.md<\/title>\n<meta name=\"description\" content=\"P\u0103tuc pentru copii din lemn natural Beryozka (124001) Alb. Disponibil servicii de livrare si montare in Chisinau si Moldova. Disponibil in credit.\" \/>\n<meta name=\"robots\" content=\"index, follow, max-snippet:-1, max-image-preview:large, max-video-preview:-1\" \/>\n<link rel=\"canonical\" href=\"https:\/\/www.fluture.md\/product\/patut-berioza-bej-2\/\" \/>\n<meta property=\"og:locale\" content=\"ru_RU\" \/>\n<meta property=\"og:type\" content=\"article\" \/>\n<meta property=\"og:title\" content=\"[:ru]\u041a\u0440\u043e\u0432\u0430\u0442\u043a\u0430 SKV-Company \u0411\u0435\u0440\u0435\u0437\u043a\u0430 (124001) \u0411\u0435\u043b\u0430\u044f[:ro]P\u0103tu\u0163 SKV-Company Beryozka (124001) Alb[:] - www.fluture.md\" \/>\n<meta property=\"og:description\" content=\"P\u0103tuc pentru copii din lemn natural Beryozka (124001) Alb. Disponibil servicii de livrare si montare in Chisinau si Moldova. Disponibil in credit.\" \/>\n<meta property=\"og:url\" content=\"https:\/\/www.fluture.md\/product\/patut-berioza-bej-2\/\" \/>\n<meta property=\"og:site_name\" content=\"www.fluture.md\" \/>\n<meta property=\"article:modified_time\" content=\"2022-07-29T10:21:28+00:00\" \/>\n<meta property=\"og:image\" content=\"https:\/\/www.fluture.md\/wp-content\/uploads\/2020\/06\/P\u0103tu\u0163-SKV-Company-Beryozka-124001-Alb.png\" \/>\n\t<meta property=\"og:image:width\" content=\"800\" \/>\n\t<meta property=\"og:image:height\" content=\"800\" \/>\n\t<meta property=\"og:image:type\" content=\"image\/png\" \/>\n<meta name=\"twitter:card\" content=\"summary_large_image\" \/>\n<script type=\"application\/ld+json\" class=\"yoast-schema-graph\">{\"@context\":\"https:\/\/schema.org\",\"@graph\":[{\"@type\":\"WebPage\",\"@id\":\"https:\/\/www.fluture.md\/product\/patut-berioza-bej-2\/\",\"url\":\"https:\/\/www.fluture.md\/product\/patut-berioza-bej-2\/\",\"name\":\"[:ru]\u041a\u0440\u043e\u0432\u0430\u0442\u043a\u0430 SKV-Company \u0411\u0435\u0440\u0435\u0437\u043a\u0430 (124001) \u0411\u0435\u043b\u0430\u044f[:ro]P\u0103tu\u0163 SKV-Company Beryozka (124001) Alb[:] - www.fluture.md\",\"isPartOf\":{\"@id\":\"https:\/\/www.fluture.md\/ru\/#website\"},\"datePublished\":\"2020-06-25T17:04:49+00:00\",\"dateModified\":\"2022-07-29T10:21:28+00:00\",\"description\":\"P\u0103tuc pentru copii din lemn natural Beryozka (124001) Alb. Disponibil servicii de livrare si montare in Chisinau si Moldova. Disponibil in credit.\",\"breadcrumb\":{\"@id\":\"https:\/\/www.fluture.md\/product\/patut-berioza-bej-2\/#breadcrumb\"},\"inLanguage\":\"ru-RU\",\"potentialAction\":[{\"@type\":\"ReadAction\",\"target\":[\"https:\/\/www.fluture.md\/product\/patut-berioza-bej-2\/\"]}]},{\"@type\":\"BreadcrumbList\",\"@id\":\"https:\/\/www.fluture.md\/product\/patut-berioza-bej-2\/#breadcrumb\",\"itemListElement\":[{\"@type\":\"ListItem\",\"position\":1,\"name\":\"\u0413\u043b\u0430\u0432\u043d\u0430\u044f \u0441\u0442\u0440\u0430\u043d\u0438\u0446\u0430\",\"item\":\"https:\/\/www.fluture.md\/\"},{\"@type\":\"ListItem\",\"position\":2,\"name\":\"Magazin online\",\"item\":\"https:\/\/www.fluture.md\/shop\/\"},{\"@type\":\"ListItem\",\"position\":3,\"name\":\"P\u0103tu\u0163 SKV-Company Beryozka (124001) Alb\"}]},{\"@type\":\"WebSite\",\"@id\":\"https:\/\/www.fluture.md\/ru\/#website\",\"url\":\"https:\/\/www.fluture.md\/ru\/\",\"name\":\"www.fluture.md\",\"description\":\"\u041c\u0435\u0431\u0435\u043b\u044c \u0438 \u0430\u043a\u0441\u0435\u0441\u0441\u0443\u0430\u0440\u044b \u0434\u043b\u044f \u043d\u043e\u0432\u043e\u0440\u043e\u0436\u0434\u0435\u043d\u043d\u044b\u0445 \u0441 \u0431\u0435\u0441\u043f\u043b\u0430\u0442\u043d\u043e\u0439 \u0434\u043e\u0441\u0442\u0430\u0432\u043a\u043e\u0439 \u043f\u043e \u041c\u043e\u043b\u0434\u043e\u0432\u0435\",\"potentialAction\":[{\"@type\":\"SearchAction\",\"target\":{\"@type\":\"EntryPoint\",\"urlTemplate\":\"https:\/\/www.fluture.md\/ru\/?s={search_term_string}\"},\"query-input\":\"required name=search_term_string\"}],\"inLanguage\":\"ru-RU\"}]}<\/script>\n<!-- \/ Yoast SEO plugin. -->","yoast_head_json":{"title":"[:ru]\u041a\u0440\u043e\u0432\u0430\u0442\u043a\u0430 SKV-Company \u0411\u0435\u0440\u0435\u0437\u043a\u0430 (124001) \u0411\u0435\u043b\u0430\u044f[:ro]P\u0103tu\u0163 SKV-Company Beryozka (124001) Alb[:] - www.fluture.md","description":"P\u0103tuc pentru copii din lemn natural Beryozka (124001) Alb. Disponibil servicii de livrare si montare in Chisinau si Moldova. Disponibil in credit.","robots":{"index":"index","follow":"follow","max-snippet":"max-snippet:-1","max-image-preview":"max-image-preview:large","max-video-preview":"max-video-preview:-1"},"canonical":"https:\/\/www.fluture.md\/product\/patut-berioza-bej-2\/","og_locale":"ru_RU","og_type":"article","og_title":"[:ru]\u041a\u0440\u043e\u0432\u0430\u0442\u043a\u0430 SKV-Company \u0411\u0435\u0440\u0435\u0437\u043a\u0430 (124001) \u0411\u0435\u043b\u0430\u044f[:ro]P\u0103tu\u0163 SKV-Company Beryozka (124001) Alb[:] - www.fluture.md","og_description":"P\u0103tuc pentru copii din lemn natural Beryozka (124001) Alb. Disponibil servicii de livrare si montare in Chisinau si Moldova. Disponibil in credit.","og_url":"https:\/\/www.fluture.md\/product\/patut-berioza-bej-2\/","og_site_name":"www.fluture.md","article_modified_time":"2022-07-29T10:21:28+00:00","og_image":[{"width":800,"height":800,"url":"https:\/\/www.fluture.md\/wp-content\/uploads\/2020\/06\/P\u0103tu\u0163-SKV-Company-Beryozka-124001-Alb.png","type":"image\/png"}],"twitter_card":"summary_large_image","schema":{"@context":"https:\/\/schema.org","@graph":[{"@type":"WebPage","@id":"https:\/\/www.fluture.md\/product\/patut-berioza-bej-2\/","url":"https:\/\/www.fluture.md\/product\/patut-berioza-bej-2\/","name":"[:ru]\u041a\u0440\u043e\u0432\u0430\u0442\u043a\u0430 SKV-Company \u0411\u0435\u0440\u0435\u0437\u043a\u0430 (124001) \u0411\u0435\u043b\u0430\u044f[:ro]P\u0103tu\u0163 SKV-Company Beryozka (124001) Alb[:] - www.fluture.md","isPartOf":{"@id":"https:\/\/www.fluture.md\/ru\/#website"},"datePublished":"2020-06-25T17:04:49+00:00","dateModified":"2022-07-29T10:21:28+00:00","description":"P\u0103tuc pentru copii din lemn natural Beryozka (124001) Alb. Disponibil servicii de livrare si montare in Chisinau si Moldova. Disponibil in credit.","breadcrumb":{"@id":"https:\/\/www.fluture.md\/product\/patut-berioza-bej-2\/#breadcrumb"},"inLanguage":"ru-RU","potentialAction":[{"@type":"ReadAction","target":["https:\/\/www.fluture.md\/product\/patut-berioza-bej-2\/"]}]},{"@type":"BreadcrumbList","@id":"https:\/\/www.fluture.md\/product\/patut-berioza-bej-2\/#breadcrumb","itemListElement":[{"@type":"ListItem","position":1,"name":"\u0413\u043b\u0430\u0432\u043d\u0430\u044f \u0441\u0442\u0440\u0430\u043d\u0438\u0446\u0430","item":"https:\/\/www.fluture.md\/"},{"@type":"ListItem","position":2,"name":"Magazin online","item":"https:\/\/www.fluture.md\/shop\/"},{"@type":"ListItem","position":3,"name":"P\u0103tu\u0163 SKV-Company Beryozka (124001) Alb"}]},{"@type":"WebSite","@id":"https:\/\/www.fluture.md\/ru\/#website","url":"https:\/\/www.fluture.md\/ru\/","name":"www.fluture.md","description":"\u041c\u0435\u0431\u0435\u043b\u044c \u0438 \u0430\u043a\u0441\u0435\u0441\u0441\u0443\u0430\u0440\u044b \u0434\u043b\u044f \u043d\u043e\u0432\u043e\u0440\u043e\u0436\u0434\u0435\u043d\u043d\u044b\u0445 \u0441 \u0431\u0435\u0441\u043f\u043b\u0430\u0442\u043d\u043e\u0439 \u0434\u043e\u0441\u0442\u0430\u0432\u043a\u043e\u0439 \u043f\u043e \u041c\u043e\u043b\u0434\u043e\u0432\u0435","potentialAction":[{"@type":"SearchAction","target":{"@type":"EntryPoint","urlTemplate":"https:\/\/www.fluture.md\/ru\/?s={search_term_string}"},"query-input":"required name=search_term_string"}],"inLanguage":"ru-RU"}]}},"_links":{"self":[{"href":"https:\/\/www.fluture.md\/ru\/wp-json\/wp\/v2\/product\/33045"}],"collection":[{"href":"https:\/\/www.fluture.md\/ru\/wp-json\/wp\/v2\/product"}],"about":[{"href":"https:\/\/www.fluture.md\/ru\/wp-json\/wp\/v2\/types\/product"}],"replies":[{"embeddable":true,"href":"https:\/\/www.fluture.md\/ru\/wp-json\/wp\/v2\/comments?post=33045"}],"wp:featuredmedia":[{"embeddable":true,"href":"https:\/\/www.fluture.md\/ru\/wp-json\/wp\/v2\/media\/69906"}],"wp:attachment":[{"href":"https:\/\/www.fluture.md\/ru\/wp-json\/wp\/v2\/media?parent=33045"}],"wp:term":[{"taxonomy":"product_cat","embeddable":true,"href":"https:\/\/www.fluture.md\/ru\/wp-json\/wp\/v2\/product_cat?post=33045"},{"taxonomy":"product_tag","embeddable":true,"href":"https:\/\/www.fluture.md\/ru\/wp-json\/wp\/v2\/product_tag?post=33045"}],"curies":[{"name":"wp","href":"https:\/\/api.w.org\/{rel}","templated":true}]}}