
{"id":29774,"date":"2020-05-04T22:23:35","date_gmt":"2020-05-04T22:23:35","guid":{"rendered":"https:\/\/www.fluture.md\/?post_type=product&#038;p=29774"},"modified":"2022-09-15T14:05:19","modified_gmt":"2022-09-15T14:05:19","slug":"scaun-auto-cam-quantico-isofix-gr-2-3-15-36-kg-bej","status":"publish","type":"product","link":"https:\/\/www.fluture.md\/ru\/product\/scaun-auto-cam-quantico-isofix-gr-2-3-15-36-kg-bej\/","title":{"rendered":"CAM \u0410\u0432\u0442\u043e\u043a\u0440\u0435\u0441\u043b\u043e Quantico Isofix 151 \u0433\u0440. 2\/3 (15-36 \u043a\u0433.) \u0431\u0435\u0436\u0435\u0432\u044b\u0439"},"content":{"rendered":"<p>\u041e\u043f\u0438\u0441\u0430\u043d\u0438\u0435:<\/p>\n<ul>\n<li>\u0410\u0432\u0442\u043e\u043a\u0440\u0435\u0441\u043b\u043e Quantico \u043e\u0442\u043d\u043e\u0441\u0438\u0442\u0441\u044f \u043a \u0433\u0440\u0443\u043f\u043f\u0435 2\/3 (15-36 \u043a\u0433.);<\/li>\n<li>\u0421\u0438\u0441\u0442\u0435\u043c\u0430 \u043a\u0440\u0435\u043f\u043b\u0435\u043d\u0438\u044f ISOFIX;<\/li>\n<li>\u0411\u043e\u043a\u043e\u0432\u0430\u044f \u0437\u0430\u0449\u0438\u0442\u0430 \u043e\u0442 \u0443\u0434\u0430\u0440\u0430 \u0434\u043b\u044f \u0433\u043e\u043b\u043e\u0432\u044b;<\/li>\n<li>\u041c\u044f\u0433\u043a\u0438\u0439 \u043f\u043e\u0434\u0433\u043e\u043b\u043e\u0432\u043d\u0438\u043a, \u0440\u0435\u0433\u0443\u043b\u0438\u0440\u0443\u0435\u043c\u044b\u0439 \u043f\u043e \u0432\u044b\u0441\u043e\u0442\u0435;<\/li>\n<li>\u0420\u0435\u0433\u0443\u043b\u0438\u0440\u0443\u044e\u0449\u0430\u044f\u0441\u044f \u043f\u043e \u043d\u0430\u043a\u043b\u043e\u043d\u0443 \u0441\u043f\u0438\u043d\u043a\u0430;<\/li>\n<li>\u0412\u0441\u0442\u0440\u043e\u0435\u043d\u043d\u0430\u044f \u043d\u0430\u043f\u0440\u0430\u0432\u043b\u044f\u044e\u0449\u0430\u044f \u0434\u043b\u044f \u0440\u0435\u043c\u043d\u044f;<\/li>\n<li>\u041d\u0430\u043b\u0438\u0447\u0438\u0435 \u0434\u0435\u0440\u0436\u0430\u0442\u0435\u043b\u044f \u0434\u043b\u044f \u043d\u0430\u043f\u0438\u0442\u043a\u043e\u0432;<\/li>\n<li>\u041e\u0431\u0438\u0432\u043a\u0430 \u043b\u0435\u0433\u043a\u043e \u0441\u043d\u0438\u043c\u0430\u0435\u0442\u0441\u044f \u0438 \u0441\u0442\u0438\u0440\u0430\u0435\u0442\u0441\u044f \u043f\u0440\u0438 \u0442\u0435\u043c\u043f\u0435\u0440\u0430\u0442\u0443\u0440\u0435 30 \u0433\u0440\u0430\u0434\u0443\u0441\u0430\u0445 C;<\/li>\n<li>\u041c\u043e\u0436\u0435\u0442 \u0431\u044b\u0442\u044c \u0443\u0441\u0442\u0430\u043d\u043e\u0432\u043b\u0435\u043d\u043e \u0432 \u0430\u0432\u0442\u043e\u043c\u043e\u0431\u0438\u043b\u0435 \u043a\u0430\u043a \u0441 \u043f\u043e\u043c\u043e\u0449\u044c\u044e \u0441\u0438\u0441\u0442\u0435\u043c\u044b ISOFIX, \u0442\u0430\u043a \u0438 \u0441 \u043f\u043e\u043c\u043e\u0449\u044c\u044e \u0448\u0442\u0430\u0442\u043d\u044b\u0445 \u0440\u0435\u043c\u043d\u0435\u0439 \u0431\u0435\u0437\u043e\u043f\u0430\u0441\u043d\u043e\u0441\u0442\u0438;<\/li>\n<li>\u0423\u0441\u0442\u0430\u043d\u0430\u0432\u043b\u0438\u0432\u0430\u0435\u0442\u0441\u044f \u0432\u0441\u0435\u0433\u0434\u0430 \u043b\u0438\u0446\u043e\u043c \u043f\u043e \u0445\u043e\u0434\u0443 \u0434\u0432\u0438\u0436\u0435\u043d\u0438\u044f;<\/li>\n<li>\u0420\u0430\u0437\u043c\u0435\u0440\u044b(\u0414\/\u0428\/\u0412): 64\u044548\u044564\/84 \u0441\u043c;<\/li>\n<li>\u0412\u0435\u0441: 5,7 \u043a\u0433;<\/li>\n<\/ul>\n<p>\u0421\u0434\u0435\u043b\u0430\u043d\u043e \u0432 \u0418\u0442\u0430\u043b\u0438\u0438;<\/p>\n<p>\u0421\u043e\u043e\u0442\u0432\u0435\u0442\u0441\u0442\u0432\u0443\u0435\u0442 \u0435\u0432\u0440\u043e\u043f\u0435\u0439\u0441\u043a\u043e\u043c\u0443 \u0441\u0442\u0430\u043d\u0434\u0430\u0440\u0442\u0443 \u0431\u0435\u0437\u043e\u043f\u0430\u0441\u043d\u043e\u0441\u0442\u0438 ECE R44\/04;<\/p>\n<p>\u0425\u0430\u0440\u0430\u043a\u0442\u0435\u0440\u0438\u0441\u0442\u0438\u043a\u0438:<\/p>\n<p>\u0413\u0440\u0443\u043f\u043f\u0430 &#8212; 2\/3 (15-36 \u043a\u0433.) \u043e\u0442 3 \u0434\u043e 12 \u043b\u0435\u0442<\/p>\n<p>\u0410\u0432\u0442\u043e\u043a\u0440\u0435\u0441\u043b\u043e CAM Quantico Isofix \u0433\u0440. 2\/3 (15-36 \u043a\u0433.) \u0431\u0435\u0436\u0435\u0432\u044b\u0439 2600000063241<\/p>\n<p><iframe loading=\"lazy\" title=\"QUANTICO RU\" width=\"1220\" height=\"686\" src=\"https:\/\/www.youtube.com\/embed\/ffYfe55g21Q?feature=oembed\" frameborder=\"0\" allow=\"accelerometer; autoplay; clipboard-write; encrypted-media; gyroscope; picture-in-picture\" allowfullscreen><\/iframe><\/p>\n<ul>\n<li>Scaun auto Quantico face parte din grupa 2\/3 (15-36 kg);<\/li>\n<li>Sistem de fixare ISOFIX;<\/li>\n<li>Protec\u021bie la impact lateral pentru cap;<\/li>\n<li>Suport pentru cap moale, reglabil \u00een \u00een\u0103l\u021bime;<\/li>\n<li>Spatar reglabil;<\/li>\n<li>Prezen\u021ba unui de\u021bin\u0103tor de b\u0103uturi;<\/li>\n<li>Tapiteria e detasabila si lavabila in 30 grade C;<\/li>\n<li>Pot fi instalate \u00een ma\u0219in\u0103 at\u00e2t cu ajutorul sistemului ISOFIX, c\u00e2t \u0219i cu ajutorul centurilor de siguran\u021b\u0103 obi\u0219nuite;<\/li>\n<li>Dimensiuni (L\/W\/H): 64\u044548\u044564\/84 cm.<\/li>\n<li>Greutate: 5,7 kg.<\/li>\n<\/ul>\n<p>Fabricat \u00een Italia;<\/p>\n<p>Respect\u0103 standardul european de siguran\u021b\u0103 ECE R44 \/ 04;<\/p>\n<p>Caracteristici:<\/p>\n<p>Grupa &#8212; 1\/2\/3 (9-36 kg.) de la 1 an &#8212; 12 ani<\/p>\n<p>Scaun auto CAM Quantico Isofix gr. 2\/3 (15-36 kg.) bej 2600000063241<\/p>\n<p><iframe loading=\"lazy\" title=\"QUANTICO RU\" width=\"1220\" height=\"686\" src=\"https:\/\/www.youtube.com\/embed\/ffYfe55g21Q?feature=oembed\" frameborder=\"0\" allow=\"accelerometer; autoplay; clipboard-write; encrypted-media; gyroscope; picture-in-picture\" allowfullscreen><\/iframe><\/p>","protected":false},"excerpt":{"rendered":"<p>\u041e\u043f\u0438\u0441\u0430\u043d\u0438\u0435: \u0410\u0432\u0442\u043e\u043a\u0440\u0435\u0441\u043b\u043e Quantico \u043e\u0442\u043d\u043e\u0441\u0438\u0442\u0441\u044f \u043a \u0433\u0440\u0443\u043f\u043f\u0435 2\/3 (15-36 \u043a\u0433.); \u0421\u0438\u0441\u0442\u0435\u043c\u0430 \u043a\u0440\u0435\u043f\u043b\u0435\u043d\u0438\u044f ISOFIX; \u0411\u043e\u043a\u043e\u0432\u0430\u044f \u0437\u0430\u0449\u0438\u0442\u0430 \u043e\u0442 \u0443\u0434\u0430\u0440\u0430 \u0434\u043b\u044f \u0433\u043e\u043b\u043e\u0432\u044b; \u041c\u044f\u0433\u043a\u0438\u0439 \u043f\u043e\u0434\u0433\u043e\u043b\u043e\u0432\u043d\u0438\u043a, \u0440\u0435\u0433\u0443\u043b\u0438\u0440\u0443\u0435\u043c\u044b\u0439 \u043f\u043e \u0432\u044b\u0441\u043e\u0442\u0435; \u0420\u0435\u0433\u0443\u043b\u0438\u0440\u0443\u044e\u0449\u0430\u044f\u0441\u044f \u043f\u043e \u043d\u0430\u043a\u043b\u043e\u043d\u0443 \u0441\u043f\u0438\u043d\u043a\u0430; \u0412\u0441\u0442\u0440\u043e\u0435\u043d\u043d\u0430\u044f \u043d\u0430\u043f\u0440\u0430\u0432\u043b\u044f\u044e\u0449\u0430\u044f \u0434\u043b\u044f \u0440\u0435\u043c\u043d\u044f; \u041d\u0430\u043b\u0438\u0447\u0438\u0435 \u0434\u0435\u0440\u0436\u0430\u0442\u0435\u043b\u044f \u0434\u043b\u044f \u043d\u0430\u043f\u0438\u0442\u043a\u043e\u0432; \u041e\u0431\u0438\u0432\u043a\u0430 \u043b\u0435\u0433\u043a\u043e \u0441\u043d\u0438\u043c\u0430\u0435\u0442\u0441\u044f \u0438 \u0441\u0442\u0438\u0440\u0430\u0435\u0442\u0441\u044f \u043f\u0440\u0438 \u0442\u0435\u043c\u043f\u0435\u0440\u0430\u0442\u0443\u0440\u0435 30 \u0433\u0440\u0430\u0434\u0443\u0441\u0430\u0445 C; \u041c\u043e\u0436\u0435\u0442 \u0431\u044b\u0442\u044c \u0443\u0441\u0442\u0430\u043d\u043e\u0432\u043b\u0435\u043d\u043e \u0432 \u0430\u0432\u0442\u043e\u043c\u043e\u0431\u0438\u043b\u0435 \u043a\u0430\u043a \u0441 \u043f\u043e\u043c\u043e\u0449\u044c\u044e \u0441\u0438\u0441\u0442\u0435\u043c\u044b ISOFIX, \u0442\u0430\u043a \u0438 \u0441 \u043f\u043e\u043c\u043e\u0449\u044c\u044e \u0448\u0442\u0430\u0442\u043d\u044b\u0445 \u0440\u0435\u043c\u043d\u0435\u0439 \u0431\u0435\u0437\u043e\u043f\u0430\u0441\u043d\u043e\u0441\u0442\u0438; \u0423\u0441\u0442\u0430\u043d\u0430\u0432\u043b\u0438\u0432\u0430\u0435\u0442\u0441\u044f \u0432\u0441\u0435\u0433\u0434\u0430 \u043b\u0438\u0446\u043e\u043c \u043f\u043e \u0445\u043e\u0434\u0443 \u0434\u0432\u0438\u0436\u0435\u043d\u0438\u044f; \u0420\u0430\u0437\u043c\u0435\u0440\u044b(\u0414\/\u0428\/\u0412): 64\u044548\u044564\/84 \u0441\u043c; \u0412\u0435\u0441: 5,7 \u043a\u0433; \u0421\u0434\u0435\u043b\u0430\u043d\u043e \u0432 \u0418\u0442\u0430\u043b\u0438\u0438; \u0421\u043e\u043e\u0442\u0432\u0435\u0442\u0441\u0442\u0432\u0443\u0435\u0442 \u0435\u0432\u0440\u043e\u043f\u0435\u0439\u0441\u043a\u043e\u043c\u0443 \u0441\u0442\u0430\u043d\u0434\u0430\u0440\u0442\u0443 \u0431\u0435\u0437\u043e\u043f\u0430\u0441\u043d\u043e\u0441\u0442\u0438 ECE R44\/04; \u0425\u0430\u0440\u0430\u043a\u0442\u0435\u0440\u0438\u0441\u0442\u0438\u043a\u0438:&hellip;<\/p>\n","protected":false},"featured_media":59036,"comment_status":"closed","ping_status":"closed","template":"","meta":[],"product_cat":[792,87,245],"product_tag":[],"yoast_head":"<!-- This site is optimized with the Yoast SEO plugin v21.9.1 - https:\/\/yoast.com\/wordpress\/plugins\/seo\/ -->\n<title>CAM \u0410\u0432\u0442\u043e\u043a\u0440\u0435\u0441\u043b\u043e Quantico Isofix 151 \u0433\u0440. 2\/3 (15-36 \u043a\u0433.) \u0431\u0435\u0436\u0435\u0432\u044b\u0439 - www.fluture.md<\/title>\n<meta name=\"robots\" content=\"index, follow, max-snippet:-1, max-image-preview:large, max-video-preview:-1\" \/>\n<link rel=\"canonical\" href=\"https:\/\/www.fluture.md\/product\/scaun-auto-cam-quantico-isofix-gr-2-3-15-36-kg-bej\/\" \/>\n<meta property=\"og:locale\" content=\"ru_RU\" \/>\n<meta property=\"og:type\" content=\"article\" \/>\n<meta property=\"og:title\" content=\"[:ru]CAM \u0410\u0432\u0442\u043e\u043a\u0440\u0435\u0441\u043b\u043e Quantico Isofix 151 \u0433\u0440. 2\/3 (15-36 \u043a\u0433.) \u0431\u0435\u0436\u0435\u0432\u044b\u0439[:ro]Scaun auto CAM Quantico Isofix gr. 2\/3 (15-36 kg.) bej[:] - www.fluture.md\" \/>\n<meta property=\"og:description\" content=\"\u041e\u043f\u0438\u0441\u0430\u043d\u0438\u0435: \u0410\u0432\u0442\u043e\u043a\u0440\u0435\u0441\u043b\u043e Quantico \u043e\u0442\u043d\u043e\u0441\u0438\u0442\u0441\u044f \u043a \u0433\u0440\u0443\u043f\u043f\u0435 2\/3 (15-36 \u043a\u0433.); \u0421\u0438\u0441\u0442\u0435\u043c\u0430 \u043a\u0440\u0435\u043f\u043b\u0435\u043d\u0438\u044f ISOFIX; \u0411\u043e\u043a\u043e\u0432\u0430\u044f \u0437\u0430\u0449\u0438\u0442\u0430 \u043e\u0442 \u0443\u0434\u0430\u0440\u0430 \u0434\u043b\u044f \u0433\u043e\u043b\u043e\u0432\u044b; \u041c\u044f\u0433\u043a\u0438\u0439 \u043f\u043e\u0434\u0433\u043e\u043b\u043e\u0432\u043d\u0438\u043a, \u0440\u0435\u0433\u0443\u043b\u0438\u0440\u0443\u0435\u043c\u044b\u0439 \u043f\u043e \u0432\u044b\u0441\u043e\u0442\u0435; \u0420\u0435\u0433\u0443\u043b\u0438\u0440\u0443\u044e\u0449\u0430\u044f\u0441\u044f \u043f\u043e \u043d\u0430\u043a\u043b\u043e\u043d\u0443 \u0441\u043f\u0438\u043d\u043a\u0430; \u0412\u0441\u0442\u0440\u043e\u0435\u043d\u043d\u0430\u044f \u043d\u0430\u043f\u0440\u0430\u0432\u043b\u044f\u044e\u0449\u0430\u044f \u0434\u043b\u044f \u0440\u0435\u043c\u043d\u044f; \u041d\u0430\u043b\u0438\u0447\u0438\u0435 \u0434\u0435\u0440\u0436\u0430\u0442\u0435\u043b\u044f \u0434\u043b\u044f \u043d\u0430\u043f\u0438\u0442\u043a\u043e\u0432; \u041e\u0431\u0438\u0432\u043a\u0430 \u043b\u0435\u0433\u043a\u043e \u0441\u043d\u0438\u043c\u0430\u0435\u0442\u0441\u044f \u0438 \u0441\u0442\u0438\u0440\u0430\u0435\u0442\u0441\u044f \u043f\u0440\u0438 \u0442\u0435\u043c\u043f\u0435\u0440\u0430\u0442\u0443\u0440\u0435 30 \u0433\u0440\u0430\u0434\u0443\u0441\u0430\u0445 C; \u041c\u043e\u0436\u0435\u0442 \u0431\u044b\u0442\u044c \u0443\u0441\u0442\u0430\u043d\u043e\u0432\u043b\u0435\u043d\u043e \u0432 \u0430\u0432\u0442\u043e\u043c\u043e\u0431\u0438\u043b\u0435 \u043a\u0430\u043a \u0441 \u043f\u043e\u043c\u043e\u0449\u044c\u044e \u0441\u0438\u0441\u0442\u0435\u043c\u044b ISOFIX, \u0442\u0430\u043a \u0438 \u0441 \u043f\u043e\u043c\u043e\u0449\u044c\u044e \u0448\u0442\u0430\u0442\u043d\u044b\u0445 \u0440\u0435\u043c\u043d\u0435\u0439 \u0431\u0435\u0437\u043e\u043f\u0430\u0441\u043d\u043e\u0441\u0442\u0438; \u0423\u0441\u0442\u0430\u043d\u0430\u0432\u043b\u0438\u0432\u0430\u0435\u0442\u0441\u044f \u0432\u0441\u0435\u0433\u0434\u0430 \u043b\u0438\u0446\u043e\u043c \u043f\u043e \u0445\u043e\u0434\u0443 \u0434\u0432\u0438\u0436\u0435\u043d\u0438\u044f; \u0420\u0430\u0437\u043c\u0435\u0440\u044b(\u0414\/\u0428\/\u0412): 64\u044548\u044564\/84 \u0441\u043c; \u0412\u0435\u0441: 5,7 \u043a\u0433; \u0421\u0434\u0435\u043b\u0430\u043d\u043e \u0432 \u0418\u0442\u0430\u043b\u0438\u0438; \u0421\u043e\u043e\u0442\u0432\u0435\u0442\u0441\u0442\u0432\u0443\u0435\u0442 \u0435\u0432\u0440\u043e\u043f\u0435\u0439\u0441\u043a\u043e\u043c\u0443 \u0441\u0442\u0430\u043d\u0434\u0430\u0440\u0442\u0443 \u0431\u0435\u0437\u043e\u043f\u0430\u0441\u043d\u043e\u0441\u0442\u0438 ECE R44\/04; \u0425\u0430\u0440\u0430\u043a\u0442\u0435\u0440\u0438\u0441\u0442\u0438\u043a\u0438:&hellip;\" \/>\n<meta property=\"og:url\" content=\"https:\/\/www.fluture.md\/product\/scaun-auto-cam-quantico-isofix-gr-2-3-15-36-kg-bej\/\" \/>\n<meta property=\"og:site_name\" content=\"www.fluture.md\" \/>\n<meta property=\"article:modified_time\" content=\"2022-09-15T14:05:19+00:00\" \/>\n<meta property=\"og:image\" content=\"https:\/\/www.fluture.md\/wp-content\/uploads\/2020\/05\/Scaun-auto-CAM-Quantico-Isofix-gr.png\" \/>\n\t<meta property=\"og:image:width\" content=\"600\" \/>\n\t<meta property=\"og:image:height\" content=\"600\" \/>\n\t<meta property=\"og:image:type\" content=\"image\/png\" \/>\n<meta name=\"twitter:card\" content=\"summary_large_image\" \/>\n<meta name=\"twitter:label1\" content=\"\u041f\u0440\u0438\u043c\u0435\u0440\u043d\u043e\u0435 \u0432\u0440\u0435\u043c\u044f \u0434\u043b\u044f \u0447\u0442\u0435\u043d\u0438\u044f\" \/>\n\t<meta name=\"twitter:data1\" content=\"1 \u043c\u0438\u043d\u0443\u0442\u0430\" \/>\n<script type=\"application\/ld+json\" class=\"yoast-schema-graph\">{\"@context\":\"https:\/\/schema.org\",\"@graph\":[{\"@type\":\"WebPage\",\"@id\":\"https:\/\/www.fluture.md\/product\/scaun-auto-cam-quantico-isofix-gr-2-3-15-36-kg-bej\/\",\"url\":\"https:\/\/www.fluture.md\/product\/scaun-auto-cam-quantico-isofix-gr-2-3-15-36-kg-bej\/\",\"name\":\"[:ru]CAM \u0410\u0432\u0442\u043e\u043a\u0440\u0435\u0441\u043b\u043e Quantico Isofix 151 \u0433\u0440. 2\/3 (15-36 \u043a\u0433.) \u0431\u0435\u0436\u0435\u0432\u044b\u0439[:ro]Scaun auto CAM Quantico Isofix gr. 2\/3 (15-36 kg.) bej[:] - www.fluture.md\",\"isPartOf\":{\"@id\":\"https:\/\/www.fluture.md\/ru\/#website\"},\"datePublished\":\"2020-05-04T22:23:35+00:00\",\"dateModified\":\"2022-09-15T14:05:19+00:00\",\"breadcrumb\":{\"@id\":\"https:\/\/www.fluture.md\/product\/scaun-auto-cam-quantico-isofix-gr-2-3-15-36-kg-bej\/#breadcrumb\"},\"inLanguage\":\"ru-RU\",\"potentialAction\":[{\"@type\":\"ReadAction\",\"target\":[\"https:\/\/www.fluture.md\/product\/scaun-auto-cam-quantico-isofix-gr-2-3-15-36-kg-bej\/\"]}]},{\"@type\":\"BreadcrumbList\",\"@id\":\"https:\/\/www.fluture.md\/product\/scaun-auto-cam-quantico-isofix-gr-2-3-15-36-kg-bej\/#breadcrumb\",\"itemListElement\":[{\"@type\":\"ListItem\",\"position\":1,\"name\":\"\u0413\u043b\u0430\u0432\u043d\u0430\u044f \u0441\u0442\u0440\u0430\u043d\u0438\u0446\u0430\",\"item\":\"https:\/\/www.fluture.md\/\"},{\"@type\":\"ListItem\",\"position\":2,\"name\":\"Magazin online\",\"item\":\"https:\/\/www.fluture.md\/shop\/\"},{\"@type\":\"ListItem\",\"position\":3,\"name\":\"Scaun auto CAM Quantico Isofix gr. 2\/3 (15-36 kg.) bej\"}]},{\"@type\":\"WebSite\",\"@id\":\"https:\/\/www.fluture.md\/ru\/#website\",\"url\":\"https:\/\/www.fluture.md\/ru\/\",\"name\":\"www.fluture.md\",\"description\":\"\u041c\u0435\u0431\u0435\u043b\u044c \u0438 \u0430\u043a\u0441\u0435\u0441\u0441\u0443\u0430\u0440\u044b \u0434\u043b\u044f \u043d\u043e\u0432\u043e\u0440\u043e\u0436\u0434\u0435\u043d\u043d\u044b\u0445 \u0441 \u0431\u0435\u0441\u043f\u043b\u0430\u0442\u043d\u043e\u0439 \u0434\u043e\u0441\u0442\u0430\u0432\u043a\u043e\u0439 \u043f\u043e \u041c\u043e\u043b\u0434\u043e\u0432\u0435\",\"potentialAction\":[{\"@type\":\"SearchAction\",\"target\":{\"@type\":\"EntryPoint\",\"urlTemplate\":\"https:\/\/www.fluture.md\/ru\/?s={search_term_string}\"},\"query-input\":\"required name=search_term_string\"}],\"inLanguage\":\"ru-RU\"}]}<\/script>\n<!-- \/ Yoast SEO plugin. -->","yoast_head_json":{"title":"[:ru]CAM \u0410\u0432\u0442\u043e\u043a\u0440\u0435\u0441\u043b\u043e Quantico Isofix 151 \u0433\u0440. 2\/3 (15-36 \u043a\u0433.) \u0431\u0435\u0436\u0435\u0432\u044b\u0439[:ro]Scaun auto CAM Quantico Isofix gr. 2\/3 (15-36 kg.) bej[:] - www.fluture.md","robots":{"index":"index","follow":"follow","max-snippet":"max-snippet:-1","max-image-preview":"max-image-preview:large","max-video-preview":"max-video-preview:-1"},"canonical":"https:\/\/www.fluture.md\/product\/scaun-auto-cam-quantico-isofix-gr-2-3-15-36-kg-bej\/","og_locale":"ru_RU","og_type":"article","og_title":"[:ru]CAM \u0410\u0432\u0442\u043e\u043a\u0440\u0435\u0441\u043b\u043e Quantico Isofix 151 \u0433\u0440. 2\/3 (15-36 \u043a\u0433.) \u0431\u0435\u0436\u0435\u0432\u044b\u0439[:ro]Scaun auto CAM Quantico Isofix gr. 2\/3 (15-36 kg.) bej[:] - www.fluture.md","og_description":"\u041e\u043f\u0438\u0441\u0430\u043d\u0438\u0435: \u0410\u0432\u0442\u043e\u043a\u0440\u0435\u0441\u043b\u043e Quantico \u043e\u0442\u043d\u043e\u0441\u0438\u0442\u0441\u044f \u043a \u0433\u0440\u0443\u043f\u043f\u0435 2\/3 (15-36 \u043a\u0433.); \u0421\u0438\u0441\u0442\u0435\u043c\u0430 \u043a\u0440\u0435\u043f\u043b\u0435\u043d\u0438\u044f ISOFIX; \u0411\u043e\u043a\u043e\u0432\u0430\u044f \u0437\u0430\u0449\u0438\u0442\u0430 \u043e\u0442 \u0443\u0434\u0430\u0440\u0430 \u0434\u043b\u044f \u0433\u043e\u043b\u043e\u0432\u044b; \u041c\u044f\u0433\u043a\u0438\u0439 \u043f\u043e\u0434\u0433\u043e\u043b\u043e\u0432\u043d\u0438\u043a, \u0440\u0435\u0433\u0443\u043b\u0438\u0440\u0443\u0435\u043c\u044b\u0439 \u043f\u043e \u0432\u044b\u0441\u043e\u0442\u0435; \u0420\u0435\u0433\u0443\u043b\u0438\u0440\u0443\u044e\u0449\u0430\u044f\u0441\u044f \u043f\u043e \u043d\u0430\u043a\u043b\u043e\u043d\u0443 \u0441\u043f\u0438\u043d\u043a\u0430; \u0412\u0441\u0442\u0440\u043e\u0435\u043d\u043d\u0430\u044f \u043d\u0430\u043f\u0440\u0430\u0432\u043b\u044f\u044e\u0449\u0430\u044f \u0434\u043b\u044f \u0440\u0435\u043c\u043d\u044f; \u041d\u0430\u043b\u0438\u0447\u0438\u0435 \u0434\u0435\u0440\u0436\u0430\u0442\u0435\u043b\u044f \u0434\u043b\u044f \u043d\u0430\u043f\u0438\u0442\u043a\u043e\u0432; \u041e\u0431\u0438\u0432\u043a\u0430 \u043b\u0435\u0433\u043a\u043e \u0441\u043d\u0438\u043c\u0430\u0435\u0442\u0441\u044f \u0438 \u0441\u0442\u0438\u0440\u0430\u0435\u0442\u0441\u044f \u043f\u0440\u0438 \u0442\u0435\u043c\u043f\u0435\u0440\u0430\u0442\u0443\u0440\u0435 30 \u0433\u0440\u0430\u0434\u0443\u0441\u0430\u0445 C; \u041c\u043e\u0436\u0435\u0442 \u0431\u044b\u0442\u044c \u0443\u0441\u0442\u0430\u043d\u043e\u0432\u043b\u0435\u043d\u043e \u0432 \u0430\u0432\u0442\u043e\u043c\u043e\u0431\u0438\u043b\u0435 \u043a\u0430\u043a \u0441 \u043f\u043e\u043c\u043e\u0449\u044c\u044e \u0441\u0438\u0441\u0442\u0435\u043c\u044b ISOFIX, \u0442\u0430\u043a \u0438 \u0441 \u043f\u043e\u043c\u043e\u0449\u044c\u044e \u0448\u0442\u0430\u0442\u043d\u044b\u0445 \u0440\u0435\u043c\u043d\u0435\u0439 \u0431\u0435\u0437\u043e\u043f\u0430\u0441\u043d\u043e\u0441\u0442\u0438; \u0423\u0441\u0442\u0430\u043d\u0430\u0432\u043b\u0438\u0432\u0430\u0435\u0442\u0441\u044f \u0432\u0441\u0435\u0433\u0434\u0430 \u043b\u0438\u0446\u043e\u043c \u043f\u043e \u0445\u043e\u0434\u0443 \u0434\u0432\u0438\u0436\u0435\u043d\u0438\u044f; \u0420\u0430\u0437\u043c\u0435\u0440\u044b(\u0414\/\u0428\/\u0412): 64\u044548\u044564\/84 \u0441\u043c; \u0412\u0435\u0441: 5,7 \u043a\u0433; \u0421\u0434\u0435\u043b\u0430\u043d\u043e \u0432 \u0418\u0442\u0430\u043b\u0438\u0438; \u0421\u043e\u043e\u0442\u0432\u0435\u0442\u0441\u0442\u0432\u0443\u0435\u0442 \u0435\u0432\u0440\u043e\u043f\u0435\u0439\u0441\u043a\u043e\u043c\u0443 \u0441\u0442\u0430\u043d\u0434\u0430\u0440\u0442\u0443 \u0431\u0435\u0437\u043e\u043f\u0430\u0441\u043d\u043e\u0441\u0442\u0438 ECE R44\/04; \u0425\u0430\u0440\u0430\u043a\u0442\u0435\u0440\u0438\u0441\u0442\u0438\u043a\u0438:&hellip;","og_url":"https:\/\/www.fluture.md\/product\/scaun-auto-cam-quantico-isofix-gr-2-3-15-36-kg-bej\/","og_site_name":"www.fluture.md","article_modified_time":"2022-09-15T14:05:19+00:00","og_image":[{"width":600,"height":600,"url":"https:\/\/www.fluture.md\/wp-content\/uploads\/2020\/05\/Scaun-auto-CAM-Quantico-Isofix-gr.png","type":"image\/png"}],"twitter_card":"summary_large_image","twitter_misc":{"\u041f\u0440\u0438\u043c\u0435\u0440\u043d\u043e\u0435 \u0432\u0440\u0435\u043c\u044f \u0434\u043b\u044f \u0447\u0442\u0435\u043d\u0438\u044f":"1 \u043c\u0438\u043d\u0443\u0442\u0430"},"schema":{"@context":"https:\/\/schema.org","@graph":[{"@type":"WebPage","@id":"https:\/\/www.fluture.md\/product\/scaun-auto-cam-quantico-isofix-gr-2-3-15-36-kg-bej\/","url":"https:\/\/www.fluture.md\/product\/scaun-auto-cam-quantico-isofix-gr-2-3-15-36-kg-bej\/","name":"[:ru]CAM \u0410\u0432\u0442\u043e\u043a\u0440\u0435\u0441\u043b\u043e Quantico Isofix 151 \u0433\u0440. 2\/3 (15-36 \u043a\u0433.) \u0431\u0435\u0436\u0435\u0432\u044b\u0439[:ro]Scaun auto CAM Quantico Isofix gr. 2\/3 (15-36 kg.) bej[:] - www.fluture.md","isPartOf":{"@id":"https:\/\/www.fluture.md\/ru\/#website"},"datePublished":"2020-05-04T22:23:35+00:00","dateModified":"2022-09-15T14:05:19+00:00","breadcrumb":{"@id":"https:\/\/www.fluture.md\/product\/scaun-auto-cam-quantico-isofix-gr-2-3-15-36-kg-bej\/#breadcrumb"},"inLanguage":"ru-RU","potentialAction":[{"@type":"ReadAction","target":["https:\/\/www.fluture.md\/product\/scaun-auto-cam-quantico-isofix-gr-2-3-15-36-kg-bej\/"]}]},{"@type":"BreadcrumbList","@id":"https:\/\/www.fluture.md\/product\/scaun-auto-cam-quantico-isofix-gr-2-3-15-36-kg-bej\/#breadcrumb","itemListElement":[{"@type":"ListItem","position":1,"name":"\u0413\u043b\u0430\u0432\u043d\u0430\u044f \u0441\u0442\u0440\u0430\u043d\u0438\u0446\u0430","item":"https:\/\/www.fluture.md\/"},{"@type":"ListItem","position":2,"name":"Magazin online","item":"https:\/\/www.fluture.md\/shop\/"},{"@type":"ListItem","position":3,"name":"Scaun auto CAM Quantico Isofix gr. 2\/3 (15-36 kg.) bej"}]},{"@type":"WebSite","@id":"https:\/\/www.fluture.md\/ru\/#website","url":"https:\/\/www.fluture.md\/ru\/","name":"www.fluture.md","description":"\u041c\u0435\u0431\u0435\u043b\u044c \u0438 \u0430\u043a\u0441\u0435\u0441\u0441\u0443\u0430\u0440\u044b \u0434\u043b\u044f \u043d\u043e\u0432\u043e\u0440\u043e\u0436\u0434\u0435\u043d\u043d\u044b\u0445 \u0441 \u0431\u0435\u0441\u043f\u043b\u0430\u0442\u043d\u043e\u0439 \u0434\u043e\u0441\u0442\u0430\u0432\u043a\u043e\u0439 \u043f\u043e \u041c\u043e\u043b\u0434\u043e\u0432\u0435","potentialAction":[{"@type":"SearchAction","target":{"@type":"EntryPoint","urlTemplate":"https:\/\/www.fluture.md\/ru\/?s={search_term_string}"},"query-input":"required name=search_term_string"}],"inLanguage":"ru-RU"}]}},"_links":{"self":[{"href":"https:\/\/www.fluture.md\/ru\/wp-json\/wp\/v2\/product\/29774"}],"collection":[{"href":"https:\/\/www.fluture.md\/ru\/wp-json\/wp\/v2\/product"}],"about":[{"href":"https:\/\/www.fluture.md\/ru\/wp-json\/wp\/v2\/types\/product"}],"replies":[{"embeddable":true,"href":"https:\/\/www.fluture.md\/ru\/wp-json\/wp\/v2\/comments?post=29774"}],"wp:featuredmedia":[{"embeddable":true,"href":"https:\/\/www.fluture.md\/ru\/wp-json\/wp\/v2\/media\/59036"}],"wp:attachment":[{"href":"https:\/\/www.fluture.md\/ru\/wp-json\/wp\/v2\/media?parent=29774"}],"wp:term":[{"taxonomy":"product_cat","embeddable":true,"href":"https:\/\/www.fluture.md\/ru\/wp-json\/wp\/v2\/product_cat?post=29774"},{"taxonomy":"product_tag","embeddable":true,"href":"https:\/\/www.fluture.md\/ru\/wp-json\/wp\/v2\/product_tag?post=29774"}],"curies":[{"name":"wp","href":"https:\/\/api.w.org\/{rel}","templated":true}]}}