
{"id":28601,"date":"2020-04-17T16:24:34","date_gmt":"2020-04-17T16:24:34","guid":{"rendered":"https:\/\/www.fluture.md\/?post_type=product&#038;p=28601"},"modified":"2022-04-16T20:26:58","modified_gmt":"2022-04-16T20:26:58","slug":"comoda-de-infasat-veres-900-manhattan-alb-gri","status":"publish","type":"product","link":"https:\/\/www.fluture.md\/ru\/product\/comoda-de-infasat-veres-900-manhattan-alb-gri\/","title":{"rendered":"\u041a\u043e\u043c\u043e\u0434 \u043f\u0435\u043b\u0435\u043d\u0430\u043b\u044c\u043d\u044b\u0439 \u0412\u0435\u0440\u0435\u0441 900 Manhattan \u0431\u0435\u043b\u044b\u0439"},"content":{"rendered":"<p>\u041a\u043e\u043c\u043e\u0434 \u0412\u0435\u0440\u0435\u0441\u00a0 33.2.32.2.17\u00a0 900 Manhattan (\u0431\u0435\u043b\u044b\u0439\/\u0441\u0435\u0440\u044b\u0439)<\/p>\n<p>\u0425\u0430\u0440\u0430\u043a\u0442\u0435\u0440\u0438\u0441\u0442\u0438\u043a\u0438: &#8212; \u041a\u043e\u043b\u0438\u0447\u0435\u0441\u0442\u0432\u043e \u0432\u044b\u0434\u0432\u0438\u0436\u043d\u044b\u0445 \u044f\u0449\u0438\u043a\u043e\u0432 &#8212; 3; &#8212; 2 \u043f\u043e\u043b\u043e\u0447\u043a\u0438 \u0437\u0430 \u0434\u0432\u0435\u0440\u0446\u0430\u043c\u0438; &#8212; \u0422\u0435\u043b\u0435\u0441\u043a\u043e\u043f\u0438\u0447\u0435\u0441\u043a\u0438\u0435 \u043d\u0430\u043f\u0440\u0430\u0432\u043b\u044f\u044e\u0449\u0438\u0435 \u0441 \u043f\u043e\u043b\u043d\u044b\u043c \u0432\u044b\u0434\u0432\u0438\u0436\u0435\u043d\u0438\u0435\u043c, \u0432\u044b\u0441\u043e\u043a\u043e\u0439 \u0441\u0442\u0435\u043f\u0435\u043d\u044c\u044e \u043d\u0430\u0433\u0440\u0443\u0437\u043a\u0438 \u0438 \u0437\u0430\u0449\u0438\u0442\u043e\u0439 \u043e\u0442 \u043f\u043e\u043b\u043d\u043e\u0433\u043e \u0432\u044b\u043d\u0438\u043c\u0430\u043d\u0438\u044f; &#8212; \u0412\u0435\u0440\u0445\u043d\u044f\u044f \u0447\u0430\u0441\u0442\u044c \u043a\u043e\u043c\u043e\u0434\u0430 \u0438 \u043e\u0433\u0440\u0430\u043d\u0438\u0447\u0438\u0442\u0435\u043b\u044c\u043d\u044b\u0435 \u0441\u0442\u0435\u043d\u043a\u0438 \u043d\u0435 \u0438\u043c\u0435\u044e\u0442 \u043e\u0441\u0442\u0440\u044b\u0445 \u0443\u0433\u043b\u043e\u0432; &#8212; \u041a\u043e\u043c\u043e\u0434 \u0438\u0437\u0433\u043e\u0442\u043e\u0432\u043b\u0435\u043d \u0438\u0437 \u0432\u044b\u0441\u043e\u043a\u043e\u043a\u0430\u0447\u0435\u0441\u0442\u0432\u0435\u043d\u043d\u043e\u0433\u043e \u043b\u0430\u043c\u0438\u043d\u0438\u0440\u043e\u0432\u0430\u043d\u043d\u043e\u0433\u043e \u0414\u0421\u041f, \u041c\u0414\u0424; &#8212; \u0418\u0437\u0434\u0435\u043b\u0438\u0435 \u043e\u0442\u0432\u0435\u0447\u0430\u0435\u0442 \u043c\u0435\u0436\u0434\u0443\u043d\u0430\u0440\u043e\u0434\u043d\u044b\u043c \u0442\u0440\u0435\u0431\u043e\u0432\u0430\u043d\u0438\u044f\u043c \u0438 \u0433\u043e\u0441c\u0442\u0430\u043d\u0434\u0430\u0440\u0442\u0430\u043c \u0423\u043a\u0440\u0430\u0438\u043d\u044b (\u0421\u0435\u0440\u0442\u0438\u0444\u0438\u043a\u0430\u0442 \u0413\u043e\u0441\u0441\u0442\u0430\u043d\u0434\u0430\u0440\u0442 ISO 9001); &#8212; \u042d\u043a\u043e\u043b\u043e\u0433\u0438\u0447\u0435\u0441\u043a\u0438\u0439 \u0441\u0435\u0440\u0442\u0438\u0444\u0438\u043a\u0430\u0442 \u0441\u043e\u043e\u0442\u0432\u0435\u0442\u0441\u0442\u0432\u0438\u044f \u0441\u043e \u0441\u0442\u0430\u043d\u0434\u0430\u0440\u0442\u043e\u043c ISO 14024: 2002; &#8212; \u0421\u0435\u0440\u0442\u0438\u0444\u0438\u0446\u0438\u0440\u043e\u0432\u0430\u043d\u043d\u044b\u0435 \u043b\u0430\u043a\u0438 \u043d\u0430 \u0432\u043e\u0434\u043d\u043e\u0439 \u043e\u0441\u043d\u043e\u0432\u0435 \u2013 \u0433\u0430\u0440\u0430\u043d\u0442\u0438\u044f \u0431\u0435\u0437\u043e\u043f\u0430\u0441\u043d\u043e\u0441\u0442\u0438; &#8212; \u041a\u043e\u043c\u043f\u043b\u0435\u043a\u0442\u0443\u0435\u0442\u0441\u044f \u0432\u0441\u0442\u0440\u043e\u0435\u043d\u043d\u044b\u043c \u043a\u0440\u0435\u043f\u0435\u0436\u043d\u044b\u043c \u0440\u0435\u043c\u0435\u0448\u043a\u043e\u043c \u0434\u043b\u044f \u0444\u0438\u043a\u0441\u0438\u0440\u043e\u0432\u0430\u043d\u0438\u044f \u043a \u0441\u0442\u0435\u043d\u0435 (Veres Safety System); &#8212; \u0420\u0430\u0437\u043c\u0435\u0440\u044b: 89\u044549\u044577 \u0441\u043c; &#8212; \u0412\u0435\u0441: 45,8 \u043a\u0433;<\/p>\n<p>&#8212; \u043a\u043e\u043c\u043f\u043b\u0435\u043a\u0442\u0443\u0435\u0442\u0441\u044f \u0432\u0441\u0442\u0440\u043e\u0435\u043d\u043d\u044b\u043c \u043a\u0440\u0435\u043f\u0435\u0436\u043d\u044b\u043c \u0440\u0435\u043c\u0435\u0448\u043a\u043e\u043c \u0434\u043b\u044f \u0444\u0438\u043a\u0441\u0438\u0440\u043e\u0432\u0430\u043d\u0438\u044f \u043a \u0441\u0442\u0435\u043d\u0435;(Veres Safety System).<\/p>\n<p>Veres Safety System &#8212; \u0440\u0430\u0437\u0440\u0430\u0431\u043e\u0442\u0430\u043d\u043d\u0430\u044f \u041a\u043e\u043c\u043f\u0430\u043d\u0438\u0435\u0439 \u0412\u0435\u0440\u0435\u0441, \u0443\u043d\u0438\u043a\u0430\u043b\u044c\u043d\u0430\u044f \u0441\u0438\u0441\u0442\u0435\u043c\u0430 \u0431\u0435\u0437\u043e\u043f\u0430\u0441\u043d\u043e\u0441\u0442\u0438 \u043e\u0442 \u043e\u043f\u0440\u043e\u043a\u0438\u0434\u044b\u0432\u0430\u043d\u0438\u044f \u0434\u043b\u044f \u043a\u043e\u043c\u043e\u0434\u043e\u0432, \u043f\u0435\u043b\u0435\u043d\u0430\u0442\u043e\u0440\u043e\u0432, \u0448\u043a\u0430\u0444\u043e\u0432. \u0412\u0441\u0435 \u043a\u043e\u043c\u043e\u0434\u044b \u0412\u0435\u0440\u0435\u0441 \u043a\u043e\u043c\u043f\u043b\u0435\u043a\u0442\u0443\u044e\u0442\u0441\u044f \u0432\u0441\u0442\u0440\u043e\u0435\u043d\u043d\u044b\u043c \u043a\u0440\u0435\u043f\u0435\u0436\u043d\u044b\u043c \u0440\u0435\u043c\u0435\u0448\u043a\u043e\u043c \u0434\u043b\u044f \u0444\u0438\u043a\u0441\u0430\u0446\u0438\u0438 \u043a \u0441\u0442\u0435\u043d\u0435. \u0421\u0438\u0441\u0442\u0435\u043c\u0430 VSS \u043f\u043e\u0437\u0432\u043e\u043b\u044f\u0435\u0442 \u043f\u0440\u0435\u0434\u043e\u0442\u0432\u0440\u0430\u0442\u0438\u0442\u044c \u043e\u043f\u0440\u043e\u043a\u0438\u0434\u044b\u0432\u0430\u043d\u0438\u0435 \u043a\u043e\u043c\u043e\u0434\u0430 \u043d\u0430 \u0440\u0435\u0431\u0435\u043d\u043a\u0430, \u0430 \u0442\u0430\u043a\u0436\u0435 \u0438\u0437\u0431\u0435\u0436\u0430\u0442\u044c \u0432\u044b\u043f\u0430\u0434\u0435\u043d\u0438\u044f \u044f\u0449\u0438\u043a\u043e\u0432, \u0447\u0442\u043e \u0434\u0435\u043b\u0430\u0435\u0442 \u0438\u0441\u043f\u043e\u043b\u044c\u0437\u043e\u0432\u0430\u043d\u0438\u0435 \u043a\u043e\u043c\u043e\u0434\u0430 \u0431\u043e\u043b\u0435\u0435 \u0431\u0435\u0437\u043e\u043f\u0430\u0441\u043d\u044b\u043c. \u041f\u0440\u0438 \u044d\u0442\u043e\u043c \u0441\u0438\u0441\u0442\u0435\u043c\u0430 VSS \u043f\u043e\u0437\u0432\u043e\u043b\u044f\u0435\u0442 \u043e\u0442\u043e\u0434\u0432\u0438\u0433\u0430\u0442\u044c \u043a\u043e\u043c\u043e\u0434 \u0432 \u0441\u0442\u043e\u0440\u043e\u043d\u0443 \u0432\u043e \u0432\u0440\u0435\u043c\u044f \u0443\u0431\u043e\u0440\u043a\u0438 \u043f\u043e\u0432\u0435\u0440\u0445\u043d\u043e\u0441\u0442\u0438 \u043f\u043e\u043b\u0430 \u043f\u043e\u0434 \u043d\u0438\u043c. VSS \u043f\u043e\u0437\u0432\u043e\u043b\u044f\u0435\u0442 \u0434\u0430\u0432\u0430\u0442\u044c \u043d\u0430 \u043e\u0433\u0440\u0430\u043d\u0438\u0447\u0438\u0442\u0435\u043b\u044c \u0435\u0436\u0435\u0434\u043d\u0435\u0432\u043d\u0443\u044e \u043d\u0430\u0433\u0440\u0443\u0437\u043a\u0443 \u043d\u0430 \u043f\u0440\u043e\u0442\u044f\u0436\u0435\u043d\u0438\u0438 \u0432\u0441\u0435\u0433\u043e \u0441\u0440\u043e\u043a\u0430 \u044d\u043a\u0441\u043f\u043b\u0443\u0430\u0442\u0430\u0446\u0438\u0438 \u0438\u0437\u0434\u0435\u043b\u0438\u044f<\/p>\n<p>\u0412\u043e\u0437\u043c\u043e\u0436\u043d\u043e\u0441\u0442\u044c \u0443\u0441\u0442\u0430\u043d\u043e\u0432\u043a\u0438 \u043f\u0435\u043b\u0435\u043d\u0430\u043b\u044c\u043d\u043e\u0433\u043e \u0431\u043b\u043e\u043a\u0430: 50*70 \u0438\u043b\u0438 72*80 \u0441\u043c.<\/p>\n<p>\u0413\u0430\u0440\u0430\u043d\u0442\u0438\u044f: 12 \u043c\u0435\u0441\u044f\u0446\u0435\u0432.<\/p>\n<p>\u041f\u0440\u043e\u0438\u0437\u0432\u043e\u0434\u0438\u0442\u0435\u043b\u044c: \u0412\u0435\u0440\u0435\u0441 (\u0423\u043a\u0440\u0430\u0438\u043d\u0430).<\/p>\n<p>\u0411\u0435\u0441\u043f\u043b\u0430\u0442\u043d\u0430\u044f \u0434\u043e\u0441\u0442\u0430\u0432\u043a\u0430 \u043f\u043e \u0432\u0441\u0435\u0439 \u041c\u043e\u043b\u0434\u043e\u0432\u0435 \u043e\u0441\u0443\u0449\u0435\u0441\u0442\u0432\u043b\u044f\u0435\u0442\u0441\u044f \u043f\u0440\u044f\u043c\u043e \u043a \u0432\u0430\u043c \u0434\u043e\u043c\u043e\u0439!!!<\/p>\n<p>https:\/\/www.youtube.com\/watch?v=84uZWT8xfnU&#038;feature=emb_title<\/p>","protected":false},"excerpt":{"rendered":"<p>\u041a\u043e\u043c\u043e\u0434 \u0412\u0435\u0440\u0435\u0441\u00a0 33.2.32.2.17\u00a0 900 Manhattan (\u0431\u0435\u043b\u044b\u0439\/\u0441\u0435\u0440\u044b\u0439) \u0425\u0430\u0440\u0430\u043a\u0442\u0435\u0440\u0438\u0441\u0442\u0438\u043a\u0438: &#8212; \u041a\u043e\u043b\u0438\u0447\u0435\u0441\u0442\u0432\u043e \u0432\u044b\u0434\u0432\u0438\u0436\u043d\u044b\u0445 \u044f\u0449\u0438\u043a\u043e\u0432 &#8212; 3; &#8212; 2 \u043f\u043e\u043b\u043e\u0447\u043a\u0438 \u0437\u0430 \u0434\u0432\u0435\u0440\u0446\u0430\u043c\u0438; &#8212; \u0422\u0435\u043b\u0435\u0441\u043a\u043e\u043f\u0438\u0447\u0435\u0441\u043a\u0438\u0435 \u043d\u0430\u043f\u0440\u0430\u0432\u043b\u044f\u044e\u0449\u0438\u0435 \u0441 \u043f\u043e\u043b\u043d\u044b\u043c \u0432\u044b\u0434\u0432\u0438\u0436\u0435\u043d\u0438\u0435\u043c, \u0432\u044b\u0441\u043e\u043a\u043e\u0439 \u0441\u0442\u0435\u043f\u0435\u043d\u044c\u044e \u043d\u0430\u0433\u0440\u0443\u0437\u043a\u0438 \u0438 \u0437\u0430\u0449\u0438\u0442\u043e\u0439 \u043e\u0442 \u043f\u043e\u043b\u043d\u043e\u0433\u043e \u0432\u044b\u043d\u0438\u043c\u0430\u043d\u0438\u044f; &#8212; \u0412\u0435\u0440\u0445\u043d\u044f\u044f \u0447\u0430\u0441\u0442\u044c \u043a\u043e\u043c\u043e\u0434\u0430 \u0438 \u043e\u0433\u0440\u0430\u043d\u0438\u0447\u0438\u0442\u0435\u043b\u044c\u043d\u044b\u0435 \u0441\u0442\u0435\u043d\u043a\u0438 \u043d\u0435 \u0438\u043c\u0435\u044e\u0442 \u043e\u0441\u0442\u0440\u044b\u0445 \u0443\u0433\u043b\u043e\u0432; &#8212; \u041a\u043e\u043c\u043e\u0434 \u0438\u0437\u0433\u043e\u0442\u043e\u0432\u043b\u0435\u043d \u0438\u0437 \u0432\u044b\u0441\u043e\u043a\u043e\u043a\u0430\u0447\u0435\u0441\u0442\u0432\u0435\u043d\u043d\u043e\u0433\u043e \u043b\u0430\u043c\u0438\u043d\u0438\u0440\u043e\u0432\u0430\u043d\u043d\u043e\u0433\u043e \u0414\u0421\u041f, \u041c\u0414\u0424; &#8212; \u0418\u0437\u0434\u0435\u043b\u0438\u0435 \u043e\u0442\u0432\u0435\u0447\u0430\u0435\u0442 \u043c\u0435\u0436\u0434\u0443\u043d\u0430\u0440\u043e\u0434\u043d\u044b\u043c \u0442\u0440\u0435\u0431\u043e\u0432\u0430\u043d\u0438\u044f\u043c \u0438 \u0433\u043e\u0441c\u0442\u0430\u043d\u0434\u0430\u0440\u0442\u0430\u043c \u0423\u043a\u0440\u0430\u0438\u043d\u044b (\u0421\u0435\u0440\u0442\u0438\u0444\u0438\u043a\u0430\u0442 \u0413\u043e\u0441\u0441\u0442\u0430\u043d\u0434\u0430\u0440\u0442 ISO 9001); &#8212; \u042d\u043a\u043e\u043b\u043e\u0433\u0438\u0447\u0435\u0441\u043a\u0438\u0439 \u0441\u0435\u0440\u0442\u0438\u0444\u0438\u043a\u0430\u0442 \u0441\u043e\u043e\u0442\u0432\u0435\u0442\u0441\u0442\u0432\u0438\u044f \u0441\u043e \u0441\u0442\u0430\u043d\u0434\u0430\u0440\u0442\u043e\u043c ISO 14024: 2002; &#8212; \u0421\u0435\u0440\u0442\u0438\u0444\u0438\u0446\u0438\u0440\u043e\u0432\u0430\u043d\u043d\u044b\u0435 \u043b\u0430\u043a\u0438 \u043d\u0430 \u0432\u043e\u0434\u043d\u043e\u0439 \u043e\u0441\u043d\u043e\u0432\u0435 \u2013 \u0433\u0430\u0440\u0430\u043d\u0442\u0438\u044f \u0431\u0435\u0437\u043e\u043f\u0430\u0441\u043d\u043e\u0441\u0442\u0438; &#8212; \u041a\u043e\u043c\u043f\u043b\u0435\u043a\u0442\u0443\u0435\u0442\u0441\u044f \u0432\u0441\u0442\u0440\u043e\u0435\u043d\u043d\u044b\u043c&hellip;<\/p>\n","protected":false},"featured_media":28608,"comment_status":"closed","ping_status":"closed","template":"","meta":[],"product_cat":[792,247,255],"product_tag":[],"yoast_head":"<!-- This site is optimized with the Yoast SEO plugin v21.9.1 - https:\/\/yoast.com\/wordpress\/plugins\/seo\/ -->\n<title>\u041a\u043e\u043c\u043e\u0434 \u043f\u0435\u043b\u0435\u043d\u0430\u043b\u044c\u043d\u044b\u0439 \u0412\u0435\u0440\u0435\u0441 900 Manhattan \u0431\u0435\u043b\u044b\u0439 - www.fluture.md<\/title>\n<meta name=\"robots\" content=\"index, follow, max-snippet:-1, max-image-preview:large, max-video-preview:-1\" \/>\n<link rel=\"canonical\" href=\"https:\/\/www.fluture.md\/product\/comoda-de-infasat-veres-900-manhattan-alb-gri\/\" \/>\n<meta property=\"og:locale\" content=\"ru_RU\" \/>\n<meta property=\"og:type\" content=\"article\" \/>\n<meta property=\"og:title\" content=\"[:ru]\u041a\u043e\u043c\u043e\u0434 \u043f\u0435\u043b\u0435\u043d\u0430\u043b\u044c\u043d\u044b\u0439 \u0412\u0435\u0440\u0435\u0441 900 Manhattan \u0431\u0435\u043b\u044b\u0439[:ro]Comod\u0103 de \u00eenf\u0103\u0219at Veres 900 Manhattan alb - gri[:] - www.fluture.md\" \/>\n<meta property=\"og:description\" content=\"\u041a\u043e\u043c\u043e\u0434 \u0412\u0435\u0440\u0435\u0441\u00a0 33.2.32.2.17\u00a0 900 Manhattan (\u0431\u0435\u043b\u044b\u0439\/\u0441\u0435\u0440\u044b\u0439) \u0425\u0430\u0440\u0430\u043a\u0442\u0435\u0440\u0438\u0441\u0442\u0438\u043a\u0438: &#8212; \u041a\u043e\u043b\u0438\u0447\u0435\u0441\u0442\u0432\u043e \u0432\u044b\u0434\u0432\u0438\u0436\u043d\u044b\u0445 \u044f\u0449\u0438\u043a\u043e\u0432 &#8212; 3; &#8212; 2 \u043f\u043e\u043b\u043e\u0447\u043a\u0438 \u0437\u0430 \u0434\u0432\u0435\u0440\u0446\u0430\u043c\u0438; &#8212; \u0422\u0435\u043b\u0435\u0441\u043a\u043e\u043f\u0438\u0447\u0435\u0441\u043a\u0438\u0435 \u043d\u0430\u043f\u0440\u0430\u0432\u043b\u044f\u044e\u0449\u0438\u0435 \u0441 \u043f\u043e\u043b\u043d\u044b\u043c \u0432\u044b\u0434\u0432\u0438\u0436\u0435\u043d\u0438\u0435\u043c, \u0432\u044b\u0441\u043e\u043a\u043e\u0439 \u0441\u0442\u0435\u043f\u0435\u043d\u044c\u044e \u043d\u0430\u0433\u0440\u0443\u0437\u043a\u0438 \u0438 \u0437\u0430\u0449\u0438\u0442\u043e\u0439 \u043e\u0442 \u043f\u043e\u043b\u043d\u043e\u0433\u043e \u0432\u044b\u043d\u0438\u043c\u0430\u043d\u0438\u044f; &#8212; \u0412\u0435\u0440\u0445\u043d\u044f\u044f \u0447\u0430\u0441\u0442\u044c \u043a\u043e\u043c\u043e\u0434\u0430 \u0438 \u043e\u0433\u0440\u0430\u043d\u0438\u0447\u0438\u0442\u0435\u043b\u044c\u043d\u044b\u0435 \u0441\u0442\u0435\u043d\u043a\u0438 \u043d\u0435 \u0438\u043c\u0435\u044e\u0442 \u043e\u0441\u0442\u0440\u044b\u0445 \u0443\u0433\u043b\u043e\u0432; &#8212; \u041a\u043e\u043c\u043e\u0434 \u0438\u0437\u0433\u043e\u0442\u043e\u0432\u043b\u0435\u043d \u0438\u0437 \u0432\u044b\u0441\u043e\u043a\u043e\u043a\u0430\u0447\u0435\u0441\u0442\u0432\u0435\u043d\u043d\u043e\u0433\u043e \u043b\u0430\u043c\u0438\u043d\u0438\u0440\u043e\u0432\u0430\u043d\u043d\u043e\u0433\u043e \u0414\u0421\u041f, \u041c\u0414\u0424; &#8212; \u0418\u0437\u0434\u0435\u043b\u0438\u0435 \u043e\u0442\u0432\u0435\u0447\u0430\u0435\u0442 \u043c\u0435\u0436\u0434\u0443\u043d\u0430\u0440\u043e\u0434\u043d\u044b\u043c \u0442\u0440\u0435\u0431\u043e\u0432\u0430\u043d\u0438\u044f\u043c \u0438 \u0433\u043e\u0441c\u0442\u0430\u043d\u0434\u0430\u0440\u0442\u0430\u043c \u0423\u043a\u0440\u0430\u0438\u043d\u044b (\u0421\u0435\u0440\u0442\u0438\u0444\u0438\u043a\u0430\u0442 \u0413\u043e\u0441\u0441\u0442\u0430\u043d\u0434\u0430\u0440\u0442 ISO 9001); &#8212; \u042d\u043a\u043e\u043b\u043e\u0433\u0438\u0447\u0435\u0441\u043a\u0438\u0439 \u0441\u0435\u0440\u0442\u0438\u0444\u0438\u043a\u0430\u0442 \u0441\u043e\u043e\u0442\u0432\u0435\u0442\u0441\u0442\u0432\u0438\u044f \u0441\u043e \u0441\u0442\u0430\u043d\u0434\u0430\u0440\u0442\u043e\u043c ISO 14024: 2002; &#8212; \u0421\u0435\u0440\u0442\u0438\u0444\u0438\u0446\u0438\u0440\u043e\u0432\u0430\u043d\u043d\u044b\u0435 \u043b\u0430\u043a\u0438 \u043d\u0430 \u0432\u043e\u0434\u043d\u043e\u0439 \u043e\u0441\u043d\u043e\u0432\u0435 \u2013 \u0433\u0430\u0440\u0430\u043d\u0442\u0438\u044f \u0431\u0435\u0437\u043e\u043f\u0430\u0441\u043d\u043e\u0441\u0442\u0438; &#8212; \u041a\u043e\u043c\u043f\u043b\u0435\u043a\u0442\u0443\u0435\u0442\u0441\u044f \u0432\u0441\u0442\u0440\u043e\u0435\u043d\u043d\u044b\u043c&hellip;\" \/>\n<meta property=\"og:url\" content=\"https:\/\/www.fluture.md\/product\/comoda-de-infasat-veres-900-manhattan-alb-gri\/\" \/>\n<meta property=\"og:site_name\" content=\"www.fluture.md\" \/>\n<meta property=\"article:modified_time\" content=\"2022-04-16T20:26:58+00:00\" \/>\n<meta property=\"og:image\" content=\"https:\/\/www.fluture.md\/wp-content\/uploads\/2020\/04\/comoda_de_infasat_Veres_Manhattan_900_alb_gri.png\" \/>\n\t<meta property=\"og:image:width\" content=\"800\" \/>\n\t<meta property=\"og:image:height\" content=\"800\" \/>\n\t<meta property=\"og:image:type\" content=\"image\/png\" \/>\n<meta name=\"twitter:card\" content=\"summary_large_image\" \/>\n<meta name=\"twitter:label1\" content=\"\u041f\u0440\u0438\u043c\u0435\u0440\u043d\u043e\u0435 \u0432\u0440\u0435\u043c\u044f \u0434\u043b\u044f \u0447\u0442\u0435\u043d\u0438\u044f\" \/>\n\t<meta name=\"twitter:data1\" content=\"1 \u043c\u0438\u043d\u0443\u0442\u0430\" \/>\n<script type=\"application\/ld+json\" class=\"yoast-schema-graph\">{\"@context\":\"https:\/\/schema.org\",\"@graph\":[{\"@type\":\"WebPage\",\"@id\":\"https:\/\/www.fluture.md\/product\/comoda-de-infasat-veres-900-manhattan-alb-gri\/\",\"url\":\"https:\/\/www.fluture.md\/product\/comoda-de-infasat-veres-900-manhattan-alb-gri\/\",\"name\":\"[:ru]\u041a\u043e\u043c\u043e\u0434 \u043f\u0435\u043b\u0435\u043d\u0430\u043b\u044c\u043d\u044b\u0439 \u0412\u0435\u0440\u0435\u0441 900 Manhattan \u0431\u0435\u043b\u044b\u0439[:ro]Comod\u0103 de \u00eenf\u0103\u0219at Veres 900 Manhattan alb - gri[:] - www.fluture.md\",\"isPartOf\":{\"@id\":\"https:\/\/www.fluture.md\/ru\/#website\"},\"datePublished\":\"2020-04-17T16:24:34+00:00\",\"dateModified\":\"2022-04-16T20:26:58+00:00\",\"breadcrumb\":{\"@id\":\"https:\/\/www.fluture.md\/product\/comoda-de-infasat-veres-900-manhattan-alb-gri\/#breadcrumb\"},\"inLanguage\":\"ru-RU\",\"potentialAction\":[{\"@type\":\"ReadAction\",\"target\":[\"https:\/\/www.fluture.md\/product\/comoda-de-infasat-veres-900-manhattan-alb-gri\/\"]}]},{\"@type\":\"BreadcrumbList\",\"@id\":\"https:\/\/www.fluture.md\/product\/comoda-de-infasat-veres-900-manhattan-alb-gri\/#breadcrumb\",\"itemListElement\":[{\"@type\":\"ListItem\",\"position\":1,\"name\":\"\u0413\u043b\u0430\u0432\u043d\u0430\u044f \u0441\u0442\u0440\u0430\u043d\u0438\u0446\u0430\",\"item\":\"https:\/\/www.fluture.md\/\"},{\"@type\":\"ListItem\",\"position\":2,\"name\":\"Magazin online\",\"item\":\"https:\/\/www.fluture.md\/shop\/\"},{\"@type\":\"ListItem\",\"position\":3,\"name\":\"Comod\u0103 de \u00eenf\u0103\u0219at Veres 900 Manhattan alb &#8211; gri\"}]},{\"@type\":\"WebSite\",\"@id\":\"https:\/\/www.fluture.md\/ru\/#website\",\"url\":\"https:\/\/www.fluture.md\/ru\/\",\"name\":\"www.fluture.md\",\"description\":\"\u041c\u0435\u0431\u0435\u043b\u044c \u0438 \u0430\u043a\u0441\u0435\u0441\u0441\u0443\u0430\u0440\u044b \u0434\u043b\u044f \u043d\u043e\u0432\u043e\u0440\u043e\u0436\u0434\u0435\u043d\u043d\u044b\u0445 \u0441 \u0431\u0435\u0441\u043f\u043b\u0430\u0442\u043d\u043e\u0439 \u0434\u043e\u0441\u0442\u0430\u0432\u043a\u043e\u0439 \u043f\u043e \u041c\u043e\u043b\u0434\u043e\u0432\u0435\",\"potentialAction\":[{\"@type\":\"SearchAction\",\"target\":{\"@type\":\"EntryPoint\",\"urlTemplate\":\"https:\/\/www.fluture.md\/ru\/?s={search_term_string}\"},\"query-input\":\"required name=search_term_string\"}],\"inLanguage\":\"ru-RU\"}]}<\/script>\n<!-- \/ Yoast SEO plugin. -->","yoast_head_json":{"title":"[:ru]\u041a\u043e\u043c\u043e\u0434 \u043f\u0435\u043b\u0435\u043d\u0430\u043b\u044c\u043d\u044b\u0439 \u0412\u0435\u0440\u0435\u0441 900 Manhattan \u0431\u0435\u043b\u044b\u0439[:ro]Comod\u0103 de \u00eenf\u0103\u0219at Veres 900 Manhattan alb - gri[:] - www.fluture.md","robots":{"index":"index","follow":"follow","max-snippet":"max-snippet:-1","max-image-preview":"max-image-preview:large","max-video-preview":"max-video-preview:-1"},"canonical":"https:\/\/www.fluture.md\/product\/comoda-de-infasat-veres-900-manhattan-alb-gri\/","og_locale":"ru_RU","og_type":"article","og_title":"[:ru]\u041a\u043e\u043c\u043e\u0434 \u043f\u0435\u043b\u0435\u043d\u0430\u043b\u044c\u043d\u044b\u0439 \u0412\u0435\u0440\u0435\u0441 900 Manhattan \u0431\u0435\u043b\u044b\u0439[:ro]Comod\u0103 de \u00eenf\u0103\u0219at Veres 900 Manhattan alb - gri[:] - www.fluture.md","og_description":"\u041a\u043e\u043c\u043e\u0434 \u0412\u0435\u0440\u0435\u0441\u00a0 33.2.32.2.17\u00a0 900 Manhattan (\u0431\u0435\u043b\u044b\u0439\/\u0441\u0435\u0440\u044b\u0439) \u0425\u0430\u0440\u0430\u043a\u0442\u0435\u0440\u0438\u0441\u0442\u0438\u043a\u0438: &#8212; \u041a\u043e\u043b\u0438\u0447\u0435\u0441\u0442\u0432\u043e \u0432\u044b\u0434\u0432\u0438\u0436\u043d\u044b\u0445 \u044f\u0449\u0438\u043a\u043e\u0432 &#8212; 3; &#8212; 2 \u043f\u043e\u043b\u043e\u0447\u043a\u0438 \u0437\u0430 \u0434\u0432\u0435\u0440\u0446\u0430\u043c\u0438; &#8212; \u0422\u0435\u043b\u0435\u0441\u043a\u043e\u043f\u0438\u0447\u0435\u0441\u043a\u0438\u0435 \u043d\u0430\u043f\u0440\u0430\u0432\u043b\u044f\u044e\u0449\u0438\u0435 \u0441 \u043f\u043e\u043b\u043d\u044b\u043c \u0432\u044b\u0434\u0432\u0438\u0436\u0435\u043d\u0438\u0435\u043c, \u0432\u044b\u0441\u043e\u043a\u043e\u0439 \u0441\u0442\u0435\u043f\u0435\u043d\u044c\u044e \u043d\u0430\u0433\u0440\u0443\u0437\u043a\u0438 \u0438 \u0437\u0430\u0449\u0438\u0442\u043e\u0439 \u043e\u0442 \u043f\u043e\u043b\u043d\u043e\u0433\u043e \u0432\u044b\u043d\u0438\u043c\u0430\u043d\u0438\u044f; &#8212; \u0412\u0435\u0440\u0445\u043d\u044f\u044f \u0447\u0430\u0441\u0442\u044c \u043a\u043e\u043c\u043e\u0434\u0430 \u0438 \u043e\u0433\u0440\u0430\u043d\u0438\u0447\u0438\u0442\u0435\u043b\u044c\u043d\u044b\u0435 \u0441\u0442\u0435\u043d\u043a\u0438 \u043d\u0435 \u0438\u043c\u0435\u044e\u0442 \u043e\u0441\u0442\u0440\u044b\u0445 \u0443\u0433\u043b\u043e\u0432; &#8212; \u041a\u043e\u043c\u043e\u0434 \u0438\u0437\u0433\u043e\u0442\u043e\u0432\u043b\u0435\u043d \u0438\u0437 \u0432\u044b\u0441\u043e\u043a\u043e\u043a\u0430\u0447\u0435\u0441\u0442\u0432\u0435\u043d\u043d\u043e\u0433\u043e \u043b\u0430\u043c\u0438\u043d\u0438\u0440\u043e\u0432\u0430\u043d\u043d\u043e\u0433\u043e \u0414\u0421\u041f, \u041c\u0414\u0424; &#8212; \u0418\u0437\u0434\u0435\u043b\u0438\u0435 \u043e\u0442\u0432\u0435\u0447\u0430\u0435\u0442 \u043c\u0435\u0436\u0434\u0443\u043d\u0430\u0440\u043e\u0434\u043d\u044b\u043c \u0442\u0440\u0435\u0431\u043e\u0432\u0430\u043d\u0438\u044f\u043c \u0438 \u0433\u043e\u0441c\u0442\u0430\u043d\u0434\u0430\u0440\u0442\u0430\u043c \u0423\u043a\u0440\u0430\u0438\u043d\u044b (\u0421\u0435\u0440\u0442\u0438\u0444\u0438\u043a\u0430\u0442 \u0413\u043e\u0441\u0441\u0442\u0430\u043d\u0434\u0430\u0440\u0442 ISO 9001); &#8212; \u042d\u043a\u043e\u043b\u043e\u0433\u0438\u0447\u0435\u0441\u043a\u0438\u0439 \u0441\u0435\u0440\u0442\u0438\u0444\u0438\u043a\u0430\u0442 \u0441\u043e\u043e\u0442\u0432\u0435\u0442\u0441\u0442\u0432\u0438\u044f \u0441\u043e \u0441\u0442\u0430\u043d\u0434\u0430\u0440\u0442\u043e\u043c ISO 14024: 2002; &#8212; \u0421\u0435\u0440\u0442\u0438\u0444\u0438\u0446\u0438\u0440\u043e\u0432\u0430\u043d\u043d\u044b\u0435 \u043b\u0430\u043a\u0438 \u043d\u0430 \u0432\u043e\u0434\u043d\u043e\u0439 \u043e\u0441\u043d\u043e\u0432\u0435 \u2013 \u0433\u0430\u0440\u0430\u043d\u0442\u0438\u044f \u0431\u0435\u0437\u043e\u043f\u0430\u0441\u043d\u043e\u0441\u0442\u0438; &#8212; \u041a\u043e\u043c\u043f\u043b\u0435\u043a\u0442\u0443\u0435\u0442\u0441\u044f \u0432\u0441\u0442\u0440\u043e\u0435\u043d\u043d\u044b\u043c&hellip;","og_url":"https:\/\/www.fluture.md\/product\/comoda-de-infasat-veres-900-manhattan-alb-gri\/","og_site_name":"www.fluture.md","article_modified_time":"2022-04-16T20:26:58+00:00","og_image":[{"width":800,"height":800,"url":"https:\/\/www.fluture.md\/wp-content\/uploads\/2020\/04\/comoda_de_infasat_Veres_Manhattan_900_alb_gri.png","type":"image\/png"}],"twitter_card":"summary_large_image","twitter_misc":{"\u041f\u0440\u0438\u043c\u0435\u0440\u043d\u043e\u0435 \u0432\u0440\u0435\u043c\u044f \u0434\u043b\u044f \u0447\u0442\u0435\u043d\u0438\u044f":"1 \u043c\u0438\u043d\u0443\u0442\u0430"},"schema":{"@context":"https:\/\/schema.org","@graph":[{"@type":"WebPage","@id":"https:\/\/www.fluture.md\/product\/comoda-de-infasat-veres-900-manhattan-alb-gri\/","url":"https:\/\/www.fluture.md\/product\/comoda-de-infasat-veres-900-manhattan-alb-gri\/","name":"[:ru]\u041a\u043e\u043c\u043e\u0434 \u043f\u0435\u043b\u0435\u043d\u0430\u043b\u044c\u043d\u044b\u0439 \u0412\u0435\u0440\u0435\u0441 900 Manhattan \u0431\u0435\u043b\u044b\u0439[:ro]Comod\u0103 de \u00eenf\u0103\u0219at Veres 900 Manhattan alb - gri[:] - www.fluture.md","isPartOf":{"@id":"https:\/\/www.fluture.md\/ru\/#website"},"datePublished":"2020-04-17T16:24:34+00:00","dateModified":"2022-04-16T20:26:58+00:00","breadcrumb":{"@id":"https:\/\/www.fluture.md\/product\/comoda-de-infasat-veres-900-manhattan-alb-gri\/#breadcrumb"},"inLanguage":"ru-RU","potentialAction":[{"@type":"ReadAction","target":["https:\/\/www.fluture.md\/product\/comoda-de-infasat-veres-900-manhattan-alb-gri\/"]}]},{"@type":"BreadcrumbList","@id":"https:\/\/www.fluture.md\/product\/comoda-de-infasat-veres-900-manhattan-alb-gri\/#breadcrumb","itemListElement":[{"@type":"ListItem","position":1,"name":"\u0413\u043b\u0430\u0432\u043d\u0430\u044f \u0441\u0442\u0440\u0430\u043d\u0438\u0446\u0430","item":"https:\/\/www.fluture.md\/"},{"@type":"ListItem","position":2,"name":"Magazin online","item":"https:\/\/www.fluture.md\/shop\/"},{"@type":"ListItem","position":3,"name":"Comod\u0103 de \u00eenf\u0103\u0219at Veres 900 Manhattan alb &#8211; gri"}]},{"@type":"WebSite","@id":"https:\/\/www.fluture.md\/ru\/#website","url":"https:\/\/www.fluture.md\/ru\/","name":"www.fluture.md","description":"\u041c\u0435\u0431\u0435\u043b\u044c \u0438 \u0430\u043a\u0441\u0435\u0441\u0441\u0443\u0430\u0440\u044b \u0434\u043b\u044f \u043d\u043e\u0432\u043e\u0440\u043e\u0436\u0434\u0435\u043d\u043d\u044b\u0445 \u0441 \u0431\u0435\u0441\u043f\u043b\u0430\u0442\u043d\u043e\u0439 \u0434\u043e\u0441\u0442\u0430\u0432\u043a\u043e\u0439 \u043f\u043e \u041c\u043e\u043b\u0434\u043e\u0432\u0435","potentialAction":[{"@type":"SearchAction","target":{"@type":"EntryPoint","urlTemplate":"https:\/\/www.fluture.md\/ru\/?s={search_term_string}"},"query-input":"required name=search_term_string"}],"inLanguage":"ru-RU"}]}},"_links":{"self":[{"href":"https:\/\/www.fluture.md\/ru\/wp-json\/wp\/v2\/product\/28601"}],"collection":[{"href":"https:\/\/www.fluture.md\/ru\/wp-json\/wp\/v2\/product"}],"about":[{"href":"https:\/\/www.fluture.md\/ru\/wp-json\/wp\/v2\/types\/product"}],"replies":[{"embeddable":true,"href":"https:\/\/www.fluture.md\/ru\/wp-json\/wp\/v2\/comments?post=28601"}],"wp:featuredmedia":[{"embeddable":true,"href":"https:\/\/www.fluture.md\/ru\/wp-json\/wp\/v2\/media\/28608"}],"wp:attachment":[{"href":"https:\/\/www.fluture.md\/ru\/wp-json\/wp\/v2\/media?parent=28601"}],"wp:term":[{"taxonomy":"product_cat","embeddable":true,"href":"https:\/\/www.fluture.md\/ru\/wp-json\/wp\/v2\/product_cat?post=28601"},{"taxonomy":"product_tag","embeddable":true,"href":"https:\/\/www.fluture.md\/ru\/wp-json\/wp\/v2\/product_tag?post=28601"}],"curies":[{"name":"wp","href":"https:\/\/api.w.org\/{rel}","templated":true}]}}