
{"id":24608,"date":"2020-03-10T12:24:41","date_gmt":"2020-03-10T12:24:41","guid":{"rendered":"https:\/\/www.fluture.md\/?post_type=product&#038;p=24608"},"modified":"2020-10-22T22:50:26","modified_gmt":"2020-10-22T22:50:26","slug":"comoda-de-infasat-modern-4-sertare-alb","status":"publish","type":"product","link":"https:\/\/www.fluture.md\/ru\/product\/comoda-de-infasat-modern-4-sertare-alb\/","title":{"rendered":"Comod\u0103 de inf\u0103\u0219at &#171;Modern&#187; 4 sertare &#8212; Alb"},"content":{"rendered":"<p>Comod\u0103 de inf\u0103\u0219at &#171;Modern&#187; 4 sertare &#8212; Alb. Comod\u0103 de schimbat scutece este elegant \u0219i extrem de func\u021bional\u0103 cu un design frumos. Comod\u0103 ofer\u0103 funct\u021bonalitate suplimentar\u0103 p\u0103rin\u021bilor \u0219i solu\u021bii de stocare de spa\u021biu. Spa\u021biu pe partea de sus este perfect pentru utilizarea unei saltelu\u021be de inf\u0103\u0219at.<\/p>\n<p>4 sertare :<\/p>\n<ul>\n<li>M\u0103rimele masei de inf\u0103\u0219at: 74*74 cm<\/li>\n<li>In\u0103l\u021bime\u00a0 pin\u0103 la mas\u0103 de inf\u0103\u0219at: 88 cm<\/li>\n<li>L\u0103\u021bime: 80 cm<\/li>\n<li>Adincime: 44 cm<\/li>\n<li>Garantie 6 luni.<\/li>\n<\/ul>\n<p>Livrare gratuit\u0103 prin Chi\u0219in\u0103u \u0219i toat\u0103 Moldova.<\/p>\n","protected":false},"excerpt":{"rendered":"<p>Comod\u0103 de inf\u0103\u0219at &#171;Modern&#187; 4 sertare &#8212; Alb. Comod\u0103 de schimbat scutece este elegant \u0219i extrem de func\u021bional\u0103 cu un design frumos. Comod\u0103 ofer\u0103 funct\u021bonalitate suplimentar\u0103 p\u0103rin\u021bilor \u0219i solu\u021bii de stocare de spa\u021biu. Spa\u021biu pe partea de sus este perfect pentru utilizarea unei saltelu\u021be de inf\u0103\u0219at. 4 sertare : M\u0103rimele masei de inf\u0103\u0219at: 74*74 cm In\u0103l\u021bime\u00a0 pin\u0103 la mas\u0103 de inf\u0103\u0219at: 88 cm L\u0103\u021bime: 80 cm Adincime: 44 cm Garantie 6 luni. Livrare gratuit\u0103 prin Chi\u0219in\u0103u \u0219i toat\u0103 Moldova.<\/p>\n","protected":false},"featured_media":24609,"comment_status":"closed","ping_status":"closed","template":"","meta":[],"product_cat":[255],"product_tag":[],"yoast_head":"<!-- This site is optimized with the Yoast SEO plugin v21.9.1 - https:\/\/yoast.com\/wordpress\/plugins\/seo\/ -->\n<title>Comod\u0103 de inf\u0103\u0219at &quot;Modern&quot; 4 sertare - Alb - www.fluture.md<\/title>\n<meta name=\"robots\" content=\"index, follow, max-snippet:-1, max-image-preview:large, max-video-preview:-1\" \/>\n<link rel=\"canonical\" href=\"https:\/\/www.fluture.md\/product\/comoda-de-infasat-modern-4-sertare-alb\/\" \/>\n<meta property=\"og:locale\" content=\"ru_RU\" \/>\n<meta property=\"og:type\" content=\"article\" \/>\n<meta property=\"og:title\" content=\"Comod\u0103 de inf\u0103\u0219at &quot;Modern&quot; 4 sertare - Alb - www.fluture.md\" \/>\n<meta property=\"og:description\" content=\"Comod\u0103 de inf\u0103\u0219at &#171;Modern&#187; 4 sertare &#8212; Alb. Comod\u0103 de schimbat scutece este elegant \u0219i extrem de func\u021bional\u0103 cu un design frumos. Comod\u0103 ofer\u0103 funct\u021bonalitate suplimentar\u0103 p\u0103rin\u021bilor \u0219i solu\u021bii de stocare de spa\u021biu. Spa\u021biu pe partea de sus este perfect pentru utilizarea unei saltelu\u021be de inf\u0103\u0219at. 4 sertare : M\u0103rimele masei de inf\u0103\u0219at: 74*74 cm In\u0103l\u021bime\u00a0 pin\u0103 la mas\u0103 de inf\u0103\u0219at: 88 cm L\u0103\u021bime: 80 cm Adincime: 44 cm Garantie 6 luni. Livrare gratuit\u0103 prin Chi\u0219in\u0103u \u0219i toat\u0103 Moldova.\" \/>\n<meta property=\"og:url\" content=\"https:\/\/www.fluture.md\/product\/comoda-de-infasat-modern-4-sertare-alb\/\" \/>\n<meta property=\"og:site_name\" content=\"www.fluture.md\" \/>\n<meta property=\"article:modified_time\" content=\"2020-10-22T22:50:26+00:00\" \/>\n<meta property=\"og:image\" content=\"https:\/\/www.fluture.md\/wp-content\/uploads\/2020\/03\/Comoda-de-infasat-Modern-4-sertare-Alb-1-scaled-e1583843989485.jpg\" \/>\n\t<meta property=\"og:image:width\" content=\"900\" \/>\n\t<meta property=\"og:image:height\" content=\"900\" \/>\n\t<meta property=\"og:image:type\" content=\"image\/jpeg\" \/>\n<meta name=\"twitter:card\" content=\"summary_large_image\" \/>\n<script type=\"application\/ld+json\" class=\"yoast-schema-graph\">{\"@context\":\"https:\/\/schema.org\",\"@graph\":[{\"@type\":\"WebPage\",\"@id\":\"https:\/\/www.fluture.md\/product\/comoda-de-infasat-modern-4-sertare-alb\/\",\"url\":\"https:\/\/www.fluture.md\/product\/comoda-de-infasat-modern-4-sertare-alb\/\",\"name\":\"Comod\u0103 de inf\u0103\u0219at \\\"Modern\\\" 4 sertare - Alb - www.fluture.md\",\"isPartOf\":{\"@id\":\"https:\/\/www.fluture.md\/ru\/#website\"},\"datePublished\":\"2020-03-10T12:24:41+00:00\",\"dateModified\":\"2020-10-22T22:50:26+00:00\",\"breadcrumb\":{\"@id\":\"https:\/\/www.fluture.md\/product\/comoda-de-infasat-modern-4-sertare-alb\/#breadcrumb\"},\"inLanguage\":\"ru-RU\",\"potentialAction\":[{\"@type\":\"ReadAction\",\"target\":[\"https:\/\/www.fluture.md\/product\/comoda-de-infasat-modern-4-sertare-alb\/\"]}]},{\"@type\":\"BreadcrumbList\",\"@id\":\"https:\/\/www.fluture.md\/product\/comoda-de-infasat-modern-4-sertare-alb\/#breadcrumb\",\"itemListElement\":[{\"@type\":\"ListItem\",\"position\":1,\"name\":\"\u0413\u043b\u0430\u0432\u043d\u0430\u044f \u0441\u0442\u0440\u0430\u043d\u0438\u0446\u0430\",\"item\":\"https:\/\/www.fluture.md\/\"},{\"@type\":\"ListItem\",\"position\":2,\"name\":\"Magazin online\",\"item\":\"https:\/\/www.fluture.md\/shop\/\"},{\"@type\":\"ListItem\",\"position\":3,\"name\":\"Comod\u0103 de inf\u0103\u0219at &#8222;Modern&#8221; 4 sertare &#8211; Alb\"}]},{\"@type\":\"WebSite\",\"@id\":\"https:\/\/www.fluture.md\/ru\/#website\",\"url\":\"https:\/\/www.fluture.md\/ru\/\",\"name\":\"www.fluture.md\",\"description\":\"\u041c\u0435\u0431\u0435\u043b\u044c \u0438 \u0430\u043a\u0441\u0435\u0441\u0441\u0443\u0430\u0440\u044b \u0434\u043b\u044f \u043d\u043e\u0432\u043e\u0440\u043e\u0436\u0434\u0435\u043d\u043d\u044b\u0445 \u0441 \u0431\u0435\u0441\u043f\u043b\u0430\u0442\u043d\u043e\u0439 \u0434\u043e\u0441\u0442\u0430\u0432\u043a\u043e\u0439 \u043f\u043e \u041c\u043e\u043b\u0434\u043e\u0432\u0435\",\"potentialAction\":[{\"@type\":\"SearchAction\",\"target\":{\"@type\":\"EntryPoint\",\"urlTemplate\":\"https:\/\/www.fluture.md\/ru\/?s={search_term_string}\"},\"query-input\":\"required name=search_term_string\"}],\"inLanguage\":\"ru-RU\"}]}<\/script>\n<!-- \/ Yoast SEO plugin. -->","yoast_head_json":{"title":"Comod\u0103 de inf\u0103\u0219at \"Modern\" 4 sertare - Alb - www.fluture.md","robots":{"index":"index","follow":"follow","max-snippet":"max-snippet:-1","max-image-preview":"max-image-preview:large","max-video-preview":"max-video-preview:-1"},"canonical":"https:\/\/www.fluture.md\/product\/comoda-de-infasat-modern-4-sertare-alb\/","og_locale":"ru_RU","og_type":"article","og_title":"Comod\u0103 de inf\u0103\u0219at \"Modern\" 4 sertare - Alb - www.fluture.md","og_description":"Comod\u0103 de inf\u0103\u0219at &#171;Modern&#187; 4 sertare &#8212; Alb. Comod\u0103 de schimbat scutece este elegant \u0219i extrem de func\u021bional\u0103 cu un design frumos. Comod\u0103 ofer\u0103 funct\u021bonalitate suplimentar\u0103 p\u0103rin\u021bilor \u0219i solu\u021bii de stocare de spa\u021biu. Spa\u021biu pe partea de sus este perfect pentru utilizarea unei saltelu\u021be de inf\u0103\u0219at. 4 sertare : M\u0103rimele masei de inf\u0103\u0219at: 74*74 cm In\u0103l\u021bime\u00a0 pin\u0103 la mas\u0103 de inf\u0103\u0219at: 88 cm L\u0103\u021bime: 80 cm Adincime: 44 cm Garantie 6 luni. Livrare gratuit\u0103 prin Chi\u0219in\u0103u \u0219i toat\u0103 Moldova.","og_url":"https:\/\/www.fluture.md\/product\/comoda-de-infasat-modern-4-sertare-alb\/","og_site_name":"www.fluture.md","article_modified_time":"2020-10-22T22:50:26+00:00","og_image":[{"width":900,"height":900,"url":"https:\/\/www.fluture.md\/wp-content\/uploads\/2020\/03\/Comoda-de-infasat-Modern-4-sertare-Alb-1-scaled-e1583843989485.jpg","type":"image\/jpeg"}],"twitter_card":"summary_large_image","schema":{"@context":"https:\/\/schema.org","@graph":[{"@type":"WebPage","@id":"https:\/\/www.fluture.md\/product\/comoda-de-infasat-modern-4-sertare-alb\/","url":"https:\/\/www.fluture.md\/product\/comoda-de-infasat-modern-4-sertare-alb\/","name":"Comod\u0103 de inf\u0103\u0219at \"Modern\" 4 sertare - Alb - www.fluture.md","isPartOf":{"@id":"https:\/\/www.fluture.md\/ru\/#website"},"datePublished":"2020-03-10T12:24:41+00:00","dateModified":"2020-10-22T22:50:26+00:00","breadcrumb":{"@id":"https:\/\/www.fluture.md\/product\/comoda-de-infasat-modern-4-sertare-alb\/#breadcrumb"},"inLanguage":"ru-RU","potentialAction":[{"@type":"ReadAction","target":["https:\/\/www.fluture.md\/product\/comoda-de-infasat-modern-4-sertare-alb\/"]}]},{"@type":"BreadcrumbList","@id":"https:\/\/www.fluture.md\/product\/comoda-de-infasat-modern-4-sertare-alb\/#breadcrumb","itemListElement":[{"@type":"ListItem","position":1,"name":"\u0413\u043b\u0430\u0432\u043d\u0430\u044f \u0441\u0442\u0440\u0430\u043d\u0438\u0446\u0430","item":"https:\/\/www.fluture.md\/"},{"@type":"ListItem","position":2,"name":"Magazin online","item":"https:\/\/www.fluture.md\/shop\/"},{"@type":"ListItem","position":3,"name":"Comod\u0103 de inf\u0103\u0219at &#8222;Modern&#8221; 4 sertare &#8211; Alb"}]},{"@type":"WebSite","@id":"https:\/\/www.fluture.md\/ru\/#website","url":"https:\/\/www.fluture.md\/ru\/","name":"www.fluture.md","description":"\u041c\u0435\u0431\u0435\u043b\u044c \u0438 \u0430\u043a\u0441\u0435\u0441\u0441\u0443\u0430\u0440\u044b \u0434\u043b\u044f \u043d\u043e\u0432\u043e\u0440\u043e\u0436\u0434\u0435\u043d\u043d\u044b\u0445 \u0441 \u0431\u0435\u0441\u043f\u043b\u0430\u0442\u043d\u043e\u0439 \u0434\u043e\u0441\u0442\u0430\u0432\u043a\u043e\u0439 \u043f\u043e \u041c\u043e\u043b\u0434\u043e\u0432\u0435","potentialAction":[{"@type":"SearchAction","target":{"@type":"EntryPoint","urlTemplate":"https:\/\/www.fluture.md\/ru\/?s={search_term_string}"},"query-input":"required name=search_term_string"}],"inLanguage":"ru-RU"}]}},"_links":{"self":[{"href":"https:\/\/www.fluture.md\/ru\/wp-json\/wp\/v2\/product\/24608"}],"collection":[{"href":"https:\/\/www.fluture.md\/ru\/wp-json\/wp\/v2\/product"}],"about":[{"href":"https:\/\/www.fluture.md\/ru\/wp-json\/wp\/v2\/types\/product"}],"replies":[{"embeddable":true,"href":"https:\/\/www.fluture.md\/ru\/wp-json\/wp\/v2\/comments?post=24608"}],"wp:featuredmedia":[{"embeddable":true,"href":"https:\/\/www.fluture.md\/ru\/wp-json\/wp\/v2\/media\/24609"}],"wp:attachment":[{"href":"https:\/\/www.fluture.md\/ru\/wp-json\/wp\/v2\/media?parent=24608"}],"wp:term":[{"taxonomy":"product_cat","embeddable":true,"href":"https:\/\/www.fluture.md\/ru\/wp-json\/wp\/v2\/product_cat?post=24608"},{"taxonomy":"product_tag","embeddable":true,"href":"https:\/\/www.fluture.md\/ru\/wp-json\/wp\/v2\/product_tag?post=24608"}],"curies":[{"name":"wp","href":"https:\/\/api.w.org\/{rel}","templated":true}]}}