
{"id":22281,"date":"2019-12-16T14:01:45","date_gmt":"2019-12-16T14:01:45","guid":{"rendered":"https:\/\/www.fluture.md\/?post_type=product&#038;p=22281"},"modified":"2020-09-09T15:26:28","modified_gmt":"2020-09-09T15:26:28","slug":"comoda-clasic-4-sertari-natural","status":"publish","type":"product","link":"https:\/\/www.fluture.md\/ru\/product\/comoda-clasic-4-sertari-natural\/","title":{"rendered":"Comod\u0103 de inf\u0103\u0219at Clasic 5 sertare &#8212; Natural"},"content":{"rendered":"<p>Comod\u0103 de inf\u0103\u0219at Clasic 5 sertare &#8212; Natural<br \/>\nComoda de schimbat scutece este elegant si extrem de functionala cu un design frumos<\/p>\n<p>Comoda ofera functionalitate suplimentara parintilor si solutii de stocare de spatiu.<\/p>\n<p>Spatiu pe partea de sus este perfect pentru utilizarea unei saltelute de infasat.<\/p>\n<p>4 sertare :<\/p>\n<ul>\n<li>M\u0103rimele masei de \u00eenf\u0103\u0219at: 74*74 cm<\/li>\n<li>\u00cen\u0103l\u021bime\u00a0 p\u00een\u0103 la mas\u0103 de \u00eenf\u0103\u0219at: 88 cm<\/li>\n<li>L\u0103\u021bime : 80 cm<\/li>\n<li>Ad\u00e2ncime : 44 cm<\/li>\n<\/ul>\n<p>Livrare gratuita prin Chisinau.<\/p>\n<p>Livrare gratuita prin toata Moldova.<\/p>\n<p>Garantia 6 luni.<\/p>\n<p>&nbsp;<\/p>\n","protected":false},"excerpt":{"rendered":"<p>Comod\u0103 de inf\u0103\u0219at Clasic 5 sertare &#8212; Natural Comoda de schimbat scutece este elegant si extrem de functionala cu un design frumos Comoda ofera functionalitate suplimentara parintilor si solutii de stocare de spatiu. Spatiu pe partea de sus este perfect pentru utilizarea unei saltelute de infasat. 4 sertare : M\u0103rimele masei de \u00eenf\u0103\u0219at: 74*74 cm \u00cen\u0103l\u021bime\u00a0 p\u00een\u0103 la mas\u0103 de \u00eenf\u0103\u0219at: 88 cm L\u0103\u021bime : 80 cm Ad\u00e2ncime : 44 cm Livrare gratuita prin Chisinau. Livrare gratuita prin toata Moldova. Garantia 6 luni. &nbsp;<\/p>\n","protected":false},"featured_media":22286,"comment_status":"closed","ping_status":"closed","template":"","meta":[],"product_cat":[255],"product_tag":[],"yoast_head":"<!-- This site is optimized with the Yoast SEO plugin v21.9.1 - https:\/\/yoast.com\/wordpress\/plugins\/seo\/ -->\n<title>Comod\u0103 de inf\u0103\u0219at Clasic 5 sertare - Natural - www.fluture.md<\/title>\n<meta name=\"robots\" content=\"index, follow, max-snippet:-1, max-image-preview:large, max-video-preview:-1\" \/>\n<link rel=\"canonical\" href=\"https:\/\/www.fluture.md\/product\/comoda-clasic-4-sertari-natural\/\" \/>\n<meta property=\"og:locale\" content=\"ru_RU\" \/>\n<meta property=\"og:type\" content=\"article\" \/>\n<meta property=\"og:title\" content=\"Comod\u0103 de inf\u0103\u0219at Clasic 5 sertare - Natural - www.fluture.md\" \/>\n<meta property=\"og:description\" content=\"Comod\u0103 de inf\u0103\u0219at Clasic 5 sertare &#8212; Natural Comoda de schimbat scutece este elegant si extrem de functionala cu un design frumos Comoda ofera functionalitate suplimentara parintilor si solutii de stocare de spatiu. Spatiu pe partea de sus este perfect pentru utilizarea unei saltelute de infasat. 4 sertare : M\u0103rimele masei de \u00eenf\u0103\u0219at: 74*74 cm \u00cen\u0103l\u021bime\u00a0 p\u00een\u0103 la mas\u0103 de \u00eenf\u0103\u0219at: 88 cm L\u0103\u021bime : 80 cm Ad\u00e2ncime : 44 cm Livrare gratuita prin Chisinau. Livrare gratuita prin toata Moldova. Garantia 6 luni. &nbsp;\" \/>\n<meta property=\"og:url\" content=\"https:\/\/www.fluture.md\/product\/comoda-clasic-4-sertari-natural\/\" \/>\n<meta property=\"og:site_name\" content=\"www.fluture.md\" \/>\n<meta property=\"article:modified_time\" content=\"2020-09-09T15:26:28+00:00\" \/>\n<meta property=\"og:image\" content=\"https:\/\/www.fluture.md\/wp-content\/uploads\/2019\/12\/comod_Clasic_natural-3-scaled-e1583316248266.jpg\" \/>\n\t<meta property=\"og:image:width\" content=\"800\" \/>\n\t<meta property=\"og:image:height\" content=\"800\" \/>\n\t<meta property=\"og:image:type\" content=\"image\/jpeg\" \/>\n<meta name=\"twitter:card\" content=\"summary_large_image\" \/>\n<script type=\"application\/ld+json\" class=\"yoast-schema-graph\">{\"@context\":\"https:\/\/schema.org\",\"@graph\":[{\"@type\":\"WebPage\",\"@id\":\"https:\/\/www.fluture.md\/product\/comoda-clasic-4-sertari-natural\/\",\"url\":\"https:\/\/www.fluture.md\/product\/comoda-clasic-4-sertari-natural\/\",\"name\":\"Comod\u0103 de inf\u0103\u0219at Clasic 5 sertare - Natural - www.fluture.md\",\"isPartOf\":{\"@id\":\"https:\/\/www.fluture.md\/ru\/#website\"},\"datePublished\":\"2019-12-16T14:01:45+00:00\",\"dateModified\":\"2020-09-09T15:26:28+00:00\",\"breadcrumb\":{\"@id\":\"https:\/\/www.fluture.md\/product\/comoda-clasic-4-sertari-natural\/#breadcrumb\"},\"inLanguage\":\"ru-RU\",\"potentialAction\":[{\"@type\":\"ReadAction\",\"target\":[\"https:\/\/www.fluture.md\/product\/comoda-clasic-4-sertari-natural\/\"]}]},{\"@type\":\"BreadcrumbList\",\"@id\":\"https:\/\/www.fluture.md\/product\/comoda-clasic-4-sertari-natural\/#breadcrumb\",\"itemListElement\":[{\"@type\":\"ListItem\",\"position\":1,\"name\":\"\u0413\u043b\u0430\u0432\u043d\u0430\u044f \u0441\u0442\u0440\u0430\u043d\u0438\u0446\u0430\",\"item\":\"https:\/\/www.fluture.md\/\"},{\"@type\":\"ListItem\",\"position\":2,\"name\":\"Magazin online\",\"item\":\"https:\/\/www.fluture.md\/shop\/\"},{\"@type\":\"ListItem\",\"position\":3,\"name\":\"Comod\u0103 de inf\u0103\u0219at Clasic 5 sertare &#8211; Natural\"}]},{\"@type\":\"WebSite\",\"@id\":\"https:\/\/www.fluture.md\/ru\/#website\",\"url\":\"https:\/\/www.fluture.md\/ru\/\",\"name\":\"www.fluture.md\",\"description\":\"\u041c\u0435\u0431\u0435\u043b\u044c \u0438 \u0430\u043a\u0441\u0435\u0441\u0441\u0443\u0430\u0440\u044b \u0434\u043b\u044f \u043d\u043e\u0432\u043e\u0440\u043e\u0436\u0434\u0435\u043d\u043d\u044b\u0445 \u0441 \u0431\u0435\u0441\u043f\u043b\u0430\u0442\u043d\u043e\u0439 \u0434\u043e\u0441\u0442\u0430\u0432\u043a\u043e\u0439 \u043f\u043e \u041c\u043e\u043b\u0434\u043e\u0432\u0435\",\"potentialAction\":[{\"@type\":\"SearchAction\",\"target\":{\"@type\":\"EntryPoint\",\"urlTemplate\":\"https:\/\/www.fluture.md\/ru\/?s={search_term_string}\"},\"query-input\":\"required name=search_term_string\"}],\"inLanguage\":\"ru-RU\"}]}<\/script>\n<!-- \/ Yoast SEO plugin. -->","yoast_head_json":{"title":"Comod\u0103 de inf\u0103\u0219at Clasic 5 sertare - Natural - www.fluture.md","robots":{"index":"index","follow":"follow","max-snippet":"max-snippet:-1","max-image-preview":"max-image-preview:large","max-video-preview":"max-video-preview:-1"},"canonical":"https:\/\/www.fluture.md\/product\/comoda-clasic-4-sertari-natural\/","og_locale":"ru_RU","og_type":"article","og_title":"Comod\u0103 de inf\u0103\u0219at Clasic 5 sertare - Natural - www.fluture.md","og_description":"Comod\u0103 de inf\u0103\u0219at Clasic 5 sertare &#8212; Natural Comoda de schimbat scutece este elegant si extrem de functionala cu un design frumos Comoda ofera functionalitate suplimentara parintilor si solutii de stocare de spatiu. Spatiu pe partea de sus este perfect pentru utilizarea unei saltelute de infasat. 4 sertare : M\u0103rimele masei de \u00eenf\u0103\u0219at: 74*74 cm \u00cen\u0103l\u021bime\u00a0 p\u00een\u0103 la mas\u0103 de \u00eenf\u0103\u0219at: 88 cm L\u0103\u021bime : 80 cm Ad\u00e2ncime : 44 cm Livrare gratuita prin Chisinau. Livrare gratuita prin toata Moldova. Garantia 6 luni. &nbsp;","og_url":"https:\/\/www.fluture.md\/product\/comoda-clasic-4-sertari-natural\/","og_site_name":"www.fluture.md","article_modified_time":"2020-09-09T15:26:28+00:00","og_image":[{"width":800,"height":800,"url":"https:\/\/www.fluture.md\/wp-content\/uploads\/2019\/12\/comod_Clasic_natural-3-scaled-e1583316248266.jpg","type":"image\/jpeg"}],"twitter_card":"summary_large_image","schema":{"@context":"https:\/\/schema.org","@graph":[{"@type":"WebPage","@id":"https:\/\/www.fluture.md\/product\/comoda-clasic-4-sertari-natural\/","url":"https:\/\/www.fluture.md\/product\/comoda-clasic-4-sertari-natural\/","name":"Comod\u0103 de inf\u0103\u0219at Clasic 5 sertare - Natural - www.fluture.md","isPartOf":{"@id":"https:\/\/www.fluture.md\/ru\/#website"},"datePublished":"2019-12-16T14:01:45+00:00","dateModified":"2020-09-09T15:26:28+00:00","breadcrumb":{"@id":"https:\/\/www.fluture.md\/product\/comoda-clasic-4-sertari-natural\/#breadcrumb"},"inLanguage":"ru-RU","potentialAction":[{"@type":"ReadAction","target":["https:\/\/www.fluture.md\/product\/comoda-clasic-4-sertari-natural\/"]}]},{"@type":"BreadcrumbList","@id":"https:\/\/www.fluture.md\/product\/comoda-clasic-4-sertari-natural\/#breadcrumb","itemListElement":[{"@type":"ListItem","position":1,"name":"\u0413\u043b\u0430\u0432\u043d\u0430\u044f \u0441\u0442\u0440\u0430\u043d\u0438\u0446\u0430","item":"https:\/\/www.fluture.md\/"},{"@type":"ListItem","position":2,"name":"Magazin online","item":"https:\/\/www.fluture.md\/shop\/"},{"@type":"ListItem","position":3,"name":"Comod\u0103 de inf\u0103\u0219at Clasic 5 sertare &#8211; Natural"}]},{"@type":"WebSite","@id":"https:\/\/www.fluture.md\/ru\/#website","url":"https:\/\/www.fluture.md\/ru\/","name":"www.fluture.md","description":"\u041c\u0435\u0431\u0435\u043b\u044c \u0438 \u0430\u043a\u0441\u0435\u0441\u0441\u0443\u0430\u0440\u044b \u0434\u043b\u044f \u043d\u043e\u0432\u043e\u0440\u043e\u0436\u0434\u0435\u043d\u043d\u044b\u0445 \u0441 \u0431\u0435\u0441\u043f\u043b\u0430\u0442\u043d\u043e\u0439 \u0434\u043e\u0441\u0442\u0430\u0432\u043a\u043e\u0439 \u043f\u043e \u041c\u043e\u043b\u0434\u043e\u0432\u0435","potentialAction":[{"@type":"SearchAction","target":{"@type":"EntryPoint","urlTemplate":"https:\/\/www.fluture.md\/ru\/?s={search_term_string}"},"query-input":"required name=search_term_string"}],"inLanguage":"ru-RU"}]}},"_links":{"self":[{"href":"https:\/\/www.fluture.md\/ru\/wp-json\/wp\/v2\/product\/22281"}],"collection":[{"href":"https:\/\/www.fluture.md\/ru\/wp-json\/wp\/v2\/product"}],"about":[{"href":"https:\/\/www.fluture.md\/ru\/wp-json\/wp\/v2\/types\/product"}],"replies":[{"embeddable":true,"href":"https:\/\/www.fluture.md\/ru\/wp-json\/wp\/v2\/comments?post=22281"}],"wp:featuredmedia":[{"embeddable":true,"href":"https:\/\/www.fluture.md\/ru\/wp-json\/wp\/v2\/media\/22286"}],"wp:attachment":[{"href":"https:\/\/www.fluture.md\/ru\/wp-json\/wp\/v2\/media?parent=22281"}],"wp:term":[{"taxonomy":"product_cat","embeddable":true,"href":"https:\/\/www.fluture.md\/ru\/wp-json\/wp\/v2\/product_cat?post=22281"},{"taxonomy":"product_tag","embeddable":true,"href":"https:\/\/www.fluture.md\/ru\/wp-json\/wp\/v2\/product_tag?post=22281"}],"curies":[{"name":"wp","href":"https:\/\/api.w.org\/{rel}","templated":true}]}}