
{"id":22200,"date":"2019-10-28T08:39:52","date_gmt":"2019-10-28T08:39:52","guid":{"rendered":"https:\/\/www.fluture.md\/?post_type=product&#038;p=22200"},"modified":"2020-10-22T22:53:08","modified_gmt":"2020-10-22T22:53:08","slug":"comoda-de-infasat-balu-tic","status":"publish","type":"product","link":"https:\/\/www.fluture.md\/ru\/product\/comoda-de-infasat-balu-tic\/","title":{"rendered":"\u041a\u043e\u043c\u043e\u0434 \u043f\u0435\u043b\u0435\u043d\u0430\u043b\u044c\u043d\u044b\u0439 \u0411\u0410\u041b\u0423 &#8212; \u0422\u0438\u043a"},"content":{"rendered":"<p>\u041a\u043e\u043c\u043e\u0434 \u0434\u043b\u044f \u0434\u0435\u0442\u0441\u043a\u043e\u0439 \u043a\u043e\u043c\u043d\u0430\u0442\u044b .<\/p>\n<ul>\n<li>\u0428\u0438\u0440\u0438\u043d\u0430: 80 \u0441\u043c<\/li>\n<li>\u0412\u044b\u0441\u043e\u0442\u0430 \u0434\u043e \u043f\u0435\u043b\u0435\u043d\u0430\u043b\u044c\u043d\u043e\u0433\u043e \u0441\u0442\u043e\u043b\u0438\u043a\u0430 &#8212; 88 \u0441\u043c<\/li>\n<li>\u0413\u043b\u0443\u0431\u0438\u043d\u0430: 44 \u0441\u043c<\/li>\n<li>\u0412\u043d\u0443\u0442\u0440\u0435\u043d\u043d\u0438\u0439 \u0440\u0430\u0437\u043c\u0435\u0440 \u043f\u0435\u043b\u0435\u043d\u0430\u043b\u044c\u043d\u043e\u0433\u043e \u0441\u0442\u043e\u043b\u0438\u043a\u0430 \u0432 \u0440\u0430\u0437\u043b\u043e\u0436\u0435\u043d\u043d\u043e\u043c \u0432\u0438\u0434\u0435\u00a0 &#8212; 74 * 74 \u0441\u043c<\/li>\n<\/ul>\n<p>\u0421\u00a04\u00a0\u044f\u0449\u0438\u043a\u0430\u043c\u0438,\u00a0\u0444\u0430\u0441\u0430\u0434\u044b\u00a0\u043a\u043e\u0442\u043e\u0440\u044b\u0445\u00a0\u0438\u0437\u0433\u043e\u0442\u043e\u0432\u043b\u0435\u043d\u044b\u00a0\u0438\u0437\u00a0\u043c\u0430\u0441\u0441\u0438\u0432\u0430\u00a0\u0434\u0440\u0435\u0432\u0435\u0441\u0438\u043d\u044b\u00a0\u043e\u043b\u044c\u0445\u0430,\u00a0\u044f\u0449\u0438\u043a\u0438\u00a0\u043f\u043e\u043b\u043d\u043e\u00a0&#8212;\u00a0\u0432\u044b\u0434\u0432\u0438\u0436\u043d\u044b\u0435<\/p>\n<p>\u0411\u043e\u043a\u043e\u0432\u044b\u0435\u00a0\u043d\u0430\u043a\u043b\u0430\u0434\u043a\u0438\u00a0\u0433\u0430\u0440\u043c\u043e\u043d\u0438\u0440\u0443\u044e\u0442\u00a0\u0441\u00a0\u0431\u043e\u043b\u044c\u0448\u0438\u043d\u0441\u0442\u0432\u043e\u043c\u00a0\u043d\u0430\u0448\u0438\u0445\u00a0\u043a\u0440\u043e\u0432\u0430\u0442\u043e\u043a.<\/p>\n<p style=\"color: #000000;\">\u0414\u043e\u0441\u0442\u0430\u0432\u043a\u0430 \u0438 \u0441\u0431\u043e\u0440\u043a\u0430 \u0431\u0435\u0441\u043f\u043b\u0430\u0442\u043d\u0430\u044f \u043f\u043e \u0432\u0441\u0435\u0439 \u041c\u043e\u043b\u0434\u043e\u0432\u0435<\/p>\n<p><\/p>","protected":false},"excerpt":{"rendered":"<p>\u041a\u043e\u043c\u043e\u0434 \u0434\u043b\u044f \u0434\u0435\u0442\u0441\u043a\u043e\u0439 \u043a\u043e\u043c\u043d\u0430\u0442\u044b . \u0428\u0438\u0440\u0438\u043d\u0430: 80 \u0441\u043c \u0412\u044b\u0441\u043e\u0442\u0430 \u0434\u043e \u043f\u0435\u043b\u0435\u043d\u0430\u043b\u044c\u043d\u043e\u0433\u043e \u0441\u0442\u043e\u043b\u0438\u043a\u0430 &#8212; 88 \u0441\u043c \u0413\u043b\u0443\u0431\u0438\u043d\u0430: 44 \u0441\u043c \u0412\u043d\u0443\u0442\u0440\u0435\u043d\u043d\u0438\u0439 \u0440\u0430\u0437\u043c\u0435\u0440 \u043f\u0435\u043b\u0435\u043d\u0430\u043b\u044c\u043d\u043e\u0433\u043e \u0441\u0442\u043e\u043b\u0438\u043a\u0430 \u0432 \u0440\u0430\u0437\u043b\u043e\u0436\u0435\u043d\u043d\u043e\u043c \u0432\u0438\u0434\u0435\u00a0 &#8212; 74 * 74 \u0441\u043c \u0421\u00a04\u00a0\u044f\u0449\u0438\u043a\u0430\u043c\u0438,\u00a0\u0444\u0430\u0441\u0430\u0434\u044b\u00a0\u043a\u043e\u0442\u043e\u0440\u044b\u0445\u00a0\u0438\u0437\u0433\u043e\u0442\u043e\u0432\u043b\u0435\u043d\u044b\u00a0\u0438\u0437\u00a0\u043c\u0430\u0441\u0441\u0438\u0432\u0430\u00a0\u0434\u0440\u0435\u0432\u0435\u0441\u0438\u043d\u044b\u00a0\u043e\u043b\u044c\u0445\u0430,\u00a0\u044f\u0449\u0438\u043a\u0438\u00a0\u043f\u043e\u043b\u043d\u043e\u00a0&#8212;\u00a0\u0432\u044b\u0434\u0432\u0438\u0436\u043d\u044b\u0435 \u0411\u043e\u043a\u043e\u0432\u044b\u0435\u00a0\u043d\u0430\u043a\u043b\u0430\u0434\u043a\u0438\u00a0\u0433\u0430\u0440\u043c\u043e\u043d\u0438\u0440\u0443\u044e\u0442\u00a0\u0441\u00a0\u0431\u043e\u043b\u044c\u0448\u0438\u043d\u0441\u0442\u0432\u043e\u043c\u00a0\u043d\u0430\u0448\u0438\u0445\u00a0\u043a\u0440\u043e\u0432\u0430\u0442\u043e\u043a. \u0414\u043e\u0441\u0442\u0430\u0432\u043a\u0430 \u0438 \u0441\u0431\u043e\u0440\u043a\u0430 \u0431\u0435\u0441\u043f\u043b\u0430\u0442\u043d\u0430\u044f \u043f\u043e \u0432\u0441\u0435\u0439 \u041c\u043e\u043b\u0434\u043e\u0432\u0435<\/p>\n","protected":false},"featured_media":22177,"comment_status":"closed","ping_status":"closed","template":"","meta":[],"product_cat":[255],"product_tag":[],"yoast_head":"<!-- This site is optimized with the Yoast SEO plugin v21.9.1 - https:\/\/yoast.com\/wordpress\/plugins\/seo\/ -->\n<title>Comod\u0103 de \u00eenf\u0103\u0219at BALU - Tic la cel mai bun pret in Chisinau<\/title>\n<meta name=\"description\" content=\"Comod\u0103 de \u00eenf\u0103\u0219at BALU - Tic la cel mai bun pret, cu livrarea gratuita prin toata Moldova. Magazinul pentru copii FlutureMD din Chisinau\" \/>\n<meta name=\"robots\" content=\"index, follow, max-snippet:-1, max-image-preview:large, max-video-preview:-1\" \/>\n<link rel=\"canonical\" href=\"https:\/\/www.fluture.md\/product\/comoda-de-infasat-balu-tic\/\" \/>\n<meta property=\"og:locale\" content=\"ru_RU\" \/>\n<meta property=\"og:type\" content=\"article\" \/>\n<meta property=\"og:title\" content=\"Comod\u0103 de \u00eenf\u0103\u0219at BALU - Tic la cel mai bun pret in Chisinau\" \/>\n<meta property=\"og:description\" content=\"Comod\u0103 de \u00eenf\u0103\u0219at BALU - Tic la cel mai bun pret, cu livrarea gratuita prin toata Moldova. Magazinul pentru copii FlutureMD din Chisinau\" \/>\n<meta property=\"og:url\" content=\"https:\/\/www.fluture.md\/product\/comoda-de-infasat-balu-tic\/\" \/>\n<meta property=\"og:site_name\" content=\"www.fluture.md\" \/>\n<meta property=\"article:modified_time\" content=\"2020-10-22T22:53:08+00:00\" \/>\n<meta property=\"og:image\" content=\"https:\/\/www.fluture.md\/wp-content\/uploads\/2018\/08\/comoda_balu_mar_tic-1-e1572252246683.jpg\" \/>\n\t<meta property=\"og:image:width\" content=\"900\" \/>\n\t<meta property=\"og:image:height\" content=\"900\" \/>\n\t<meta property=\"og:image:type\" content=\"image\/jpeg\" \/>\n<meta name=\"twitter:card\" content=\"summary_large_image\" \/>\n<script type=\"application\/ld+json\" class=\"yoast-schema-graph\">{\"@context\":\"https:\/\/schema.org\",\"@graph\":[{\"@type\":\"WebPage\",\"@id\":\"https:\/\/www.fluture.md\/product\/comoda-de-infasat-balu-tic\/\",\"url\":\"https:\/\/www.fluture.md\/product\/comoda-de-infasat-balu-tic\/\",\"name\":\"Comod\u0103 de \u00eenf\u0103\u0219at BALU - Tic la cel mai bun pret in Chisinau\",\"isPartOf\":{\"@id\":\"https:\/\/www.fluture.md\/ru\/#website\"},\"datePublished\":\"2019-10-28T08:39:52+00:00\",\"dateModified\":\"2020-10-22T22:53:08+00:00\",\"description\":\"Comod\u0103 de \u00eenf\u0103\u0219at BALU - Tic la cel mai bun pret, cu livrarea gratuita prin toata Moldova. Magazinul pentru copii FlutureMD din Chisinau\",\"breadcrumb\":{\"@id\":\"https:\/\/www.fluture.md\/product\/comoda-de-infasat-balu-tic\/#breadcrumb\"},\"inLanguage\":\"ru-RU\",\"potentialAction\":[{\"@type\":\"ReadAction\",\"target\":[\"https:\/\/www.fluture.md\/product\/comoda-de-infasat-balu-tic\/\"]}]},{\"@type\":\"BreadcrumbList\",\"@id\":\"https:\/\/www.fluture.md\/product\/comoda-de-infasat-balu-tic\/#breadcrumb\",\"itemListElement\":[{\"@type\":\"ListItem\",\"position\":1,\"name\":\"\u0413\u043b\u0430\u0432\u043d\u0430\u044f \u0441\u0442\u0440\u0430\u043d\u0438\u0446\u0430\",\"item\":\"https:\/\/www.fluture.md\/\"},{\"@type\":\"ListItem\",\"position\":2,\"name\":\"Magazin online\",\"item\":\"https:\/\/www.fluture.md\/shop\/\"},{\"@type\":\"ListItem\",\"position\":3,\"name\":\"Comod\u0103 de \u00eenf\u0103\u0219at BALU &#8211; Tic\"}]},{\"@type\":\"WebSite\",\"@id\":\"https:\/\/www.fluture.md\/ru\/#website\",\"url\":\"https:\/\/www.fluture.md\/ru\/\",\"name\":\"www.fluture.md\",\"description\":\"\u041c\u0435\u0431\u0435\u043b\u044c \u0438 \u0430\u043a\u0441\u0435\u0441\u0441\u0443\u0430\u0440\u044b \u0434\u043b\u044f \u043d\u043e\u0432\u043e\u0440\u043e\u0436\u0434\u0435\u043d\u043d\u044b\u0445 \u0441 \u0431\u0435\u0441\u043f\u043b\u0430\u0442\u043d\u043e\u0439 \u0434\u043e\u0441\u0442\u0430\u0432\u043a\u043e\u0439 \u043f\u043e \u041c\u043e\u043b\u0434\u043e\u0432\u0435\",\"potentialAction\":[{\"@type\":\"SearchAction\",\"target\":{\"@type\":\"EntryPoint\",\"urlTemplate\":\"https:\/\/www.fluture.md\/ru\/?s={search_term_string}\"},\"query-input\":\"required name=search_term_string\"}],\"inLanguage\":\"ru-RU\"}]}<\/script>\n<!-- \/ Yoast SEO plugin. -->","yoast_head_json":{"title":"Comod\u0103 de \u00eenf\u0103\u0219at BALU - Tic la cel mai bun pret in Chisinau","description":"Comod\u0103 de \u00eenf\u0103\u0219at BALU - Tic la cel mai bun pret, cu livrarea gratuita prin toata Moldova. Magazinul pentru copii FlutureMD din Chisinau","robots":{"index":"index","follow":"follow","max-snippet":"max-snippet:-1","max-image-preview":"max-image-preview:large","max-video-preview":"max-video-preview:-1"},"canonical":"https:\/\/www.fluture.md\/product\/comoda-de-infasat-balu-tic\/","og_locale":"ru_RU","og_type":"article","og_title":"Comod\u0103 de \u00eenf\u0103\u0219at BALU - Tic la cel mai bun pret in Chisinau","og_description":"Comod\u0103 de \u00eenf\u0103\u0219at BALU - Tic la cel mai bun pret, cu livrarea gratuita prin toata Moldova. Magazinul pentru copii FlutureMD din Chisinau","og_url":"https:\/\/www.fluture.md\/product\/comoda-de-infasat-balu-tic\/","og_site_name":"www.fluture.md","article_modified_time":"2020-10-22T22:53:08+00:00","og_image":[{"width":900,"height":900,"url":"https:\/\/www.fluture.md\/wp-content\/uploads\/2018\/08\/comoda_balu_mar_tic-1-e1572252246683.jpg","type":"image\/jpeg"}],"twitter_card":"summary_large_image","schema":{"@context":"https:\/\/schema.org","@graph":[{"@type":"WebPage","@id":"https:\/\/www.fluture.md\/product\/comoda-de-infasat-balu-tic\/","url":"https:\/\/www.fluture.md\/product\/comoda-de-infasat-balu-tic\/","name":"Comod\u0103 de \u00eenf\u0103\u0219at BALU - Tic la cel mai bun pret in Chisinau","isPartOf":{"@id":"https:\/\/www.fluture.md\/ru\/#website"},"datePublished":"2019-10-28T08:39:52+00:00","dateModified":"2020-10-22T22:53:08+00:00","description":"Comod\u0103 de \u00eenf\u0103\u0219at BALU - Tic la cel mai bun pret, cu livrarea gratuita prin toata Moldova. Magazinul pentru copii FlutureMD din Chisinau","breadcrumb":{"@id":"https:\/\/www.fluture.md\/product\/comoda-de-infasat-balu-tic\/#breadcrumb"},"inLanguage":"ru-RU","potentialAction":[{"@type":"ReadAction","target":["https:\/\/www.fluture.md\/product\/comoda-de-infasat-balu-tic\/"]}]},{"@type":"BreadcrumbList","@id":"https:\/\/www.fluture.md\/product\/comoda-de-infasat-balu-tic\/#breadcrumb","itemListElement":[{"@type":"ListItem","position":1,"name":"\u0413\u043b\u0430\u0432\u043d\u0430\u044f \u0441\u0442\u0440\u0430\u043d\u0438\u0446\u0430","item":"https:\/\/www.fluture.md\/"},{"@type":"ListItem","position":2,"name":"Magazin online","item":"https:\/\/www.fluture.md\/shop\/"},{"@type":"ListItem","position":3,"name":"Comod\u0103 de \u00eenf\u0103\u0219at BALU &#8211; Tic"}]},{"@type":"WebSite","@id":"https:\/\/www.fluture.md\/ru\/#website","url":"https:\/\/www.fluture.md\/ru\/","name":"www.fluture.md","description":"\u041c\u0435\u0431\u0435\u043b\u044c \u0438 \u0430\u043a\u0441\u0435\u0441\u0441\u0443\u0430\u0440\u044b \u0434\u043b\u044f \u043d\u043e\u0432\u043e\u0440\u043e\u0436\u0434\u0435\u043d\u043d\u044b\u0445 \u0441 \u0431\u0435\u0441\u043f\u043b\u0430\u0442\u043d\u043e\u0439 \u0434\u043e\u0441\u0442\u0430\u0432\u043a\u043e\u0439 \u043f\u043e \u041c\u043e\u043b\u0434\u043e\u0432\u0435","potentialAction":[{"@type":"SearchAction","target":{"@type":"EntryPoint","urlTemplate":"https:\/\/www.fluture.md\/ru\/?s={search_term_string}"},"query-input":"required name=search_term_string"}],"inLanguage":"ru-RU"}]}},"_links":{"self":[{"href":"https:\/\/www.fluture.md\/ru\/wp-json\/wp\/v2\/product\/22200"}],"collection":[{"href":"https:\/\/www.fluture.md\/ru\/wp-json\/wp\/v2\/product"}],"about":[{"href":"https:\/\/www.fluture.md\/ru\/wp-json\/wp\/v2\/types\/product"}],"replies":[{"embeddable":true,"href":"https:\/\/www.fluture.md\/ru\/wp-json\/wp\/v2\/comments?post=22200"}],"wp:featuredmedia":[{"embeddable":true,"href":"https:\/\/www.fluture.md\/ru\/wp-json\/wp\/v2\/media\/22177"}],"wp:attachment":[{"href":"https:\/\/www.fluture.md\/ru\/wp-json\/wp\/v2\/media?parent=22200"}],"wp:term":[{"taxonomy":"product_cat","embeddable":true,"href":"https:\/\/www.fluture.md\/ru\/wp-json\/wp\/v2\/product_cat?post=22200"},{"taxonomy":"product_tag","embeddable":true,"href":"https:\/\/www.fluture.md\/ru\/wp-json\/wp\/v2\/product_tag?post=22200"}],"curies":[{"name":"wp","href":"https:\/\/api.w.org\/{rel}","templated":true}]}}