
{"id":19484,"date":"2019-03-05T16:10:58","date_gmt":"2019-03-05T16:10:58","guid":{"rendered":"https:\/\/www.fluture.md\/?post_type=product&#038;p=19484"},"modified":"2022-08-16T14:12:06","modified_gmt":"2022-08-16T14:12:06","slug":"patut-de-lemn-quax-hip-alb","status":"publish","type":"product","link":"https:\/\/www.fluture.md\/ru\/product\/patut-de-lemn-quax-hip-alb\/","title":{"rendered":"\u0414\u0435\u0440\u0435\u0432\u044f\u043d\u043d\u0430\u044f \u043a\u0440\u043e\u0432\u0430\u0442\u043a\u0430 QUAX Hip White"},"content":{"rendered":"<p>\u0414\u0435\u0440\u0435\u0432\u044f\u043d\u043d\u0430\u044f \u043a\u0440\u043e\u0432\u0430\u0442\u043a\u0430 QUAX Hip White. \u0420\u0435\u0431\u0435\u043d\u043e\u043a \u0431\u0443\u0434\u0435\u0442 \u0441\u043f\u0430\u0442\u044c \u0441\u043f\u043e\u043a\u043e\u0439\u043d\u043e \u0432 \u0431\u0435\u0437\u043e\u043f\u0430\u0441\u043d\u043e\u0439 \u0438 \u043f\u0440\u043e\u0447\u043d\u043e\u0439 \u0434\u0435\u0442\u0441\u043a\u043e\u0439 \u043a\u0440\u043e\u0432\u0430\u0442\u043a\u0435, \u0438\u0437\u0433\u043e\u0442\u043e\u0432\u043b\u0435\u043d\u043d\u043e\u0439 \u0432 \u0441\u043e\u043e\u0442\u0432\u0435\u0442\u0441\u0442\u0432\u0438\u0438 \u0441 \u0435\u0432\u0440\u043e\u043f\u0435\u0439\u0441\u043a\u0438\u043c\u0438 \u0441\u0442\u0430\u043d\u0434\u0430\u0440\u0442\u0430\u043c\u0438 \u043a\u0430\u0447\u0435\u0441\u0442\u0432\u0430.<\/p>\n<ul>\n<li>\u041e\u043a\u0440\u0430\u0448\u0435\u043d\u044b \u043a\u0440\u0430\u0441\u043a\u0430\u043c\u0438, \u0441\u043f\u0435\u0446\u0438\u0430\u043b\u044c\u043d\u043e \u0440\u0430\u0437\u0440\u0430\u0431\u043e\u0442\u0430\u043d\u043d\u044b\u043c\u0438 \u0434\u043b\u044f \u0434\u0435\u0442\u0435\u0439<\/li>\n<li>\u041e\u0442\u0432\u0435\u0447\u0430\u0435\u0442 \u0441\u0442\u0440\u043e\u0433\u0438\u043c \u0441\u0442\u0430\u043d\u0434\u0430\u0440\u0442\u0430\u043c \u0431\u0435\u0437\u043e\u043f\u0430\u0441\u043d\u043e\u0441\u0442\u0438 EN 716<\/li>\n<li>3 \u0432\u044b\u0441\u043e\u0442\u044b \u0443\u0441\u0442\u0430\u043d\u043e\u0432\u043a\u0438 \u043c\u0430\u0442\u0440\u0430\u0441\u0430 : 30, 43 \u0438 56 \u0441\u043c<\/li>\n<li>\u0414\u0435\u0440\u0435\u0432\u043e &#8212; \u0431\u0443\u043a, \u0441\u043e \u0432\u0441\u0442\u0430\u0432\u043a\u0430\u043c\u0438 \u0438\u0437 \u041c\u0414\u0424<\/li>\n<li>\u0420\u0430\u0437\u043c\u0435\u0440\u044b: 129 x 67 x 80 \u0441\u043c<\/li>\n<li>\u0420\u0430\u0437\u043c\u0435\u0440\u044b \u043c\u0430\u0442\u0440\u0430\u0441\u0430 120 \u0445 60 \u0441\u043c (\u043f\u0440\u0438\u043e\u0431\u0440\u0435\u0442\u0430\u0435\u0442\u0441\u044f \u043e\u0442\u0434\u0435\u043b\u044c\u043d\u043e)<\/li>\n<li>\u0412\u0435\u0441: 26 \u043a\u0433<\/li>\n<\/ul>\n<p>Quax \u0441\u043e\u0437\u0434\u0430\u0435\u0442 \u043c\u0435\u0431\u0435\u043b\u044c \u0441 \u043c\u0438\u043d\u0438\u043c\u0430\u043b\u0438\u0441\u0442\u0441\u043a\u0438\u043c \u0434\u0438\u0437\u0430\u0439\u043d\u043e\u043c \u0431\u043e\u043b\u0435\u0435 20 \u043b\u0435\u0442. \u041e\u0441\u043d\u043e\u0432\u0430\u043d\u043d\u044b\u0439 \u0432 \u0411\u0435\u043b\u044c\u0433\u0438\u0438, Quax \u0441\u0442\u0440\u0435\u043c\u0438\u0442\u0441\u044f \u043a \u0438\u043d\u043d\u043e\u0432\u0430\u0446\u0438\u044f\u043c \u0438 \u043f\u0435\u0440\u0435\u043e\u0441\u043c\u044b\u0441\u043b\u0435\u043d\u0438\u044e \u043a\u043b\u0430\u0441\u0441\u0438\u0447\u0435\u0441\u043a\u043e\u0433\u043e \u0441\u0442\u0438\u043b\u044f, \u0434\u0435\u043b\u0430\u044f \u043b\u0438\u043d\u0438\u0438 \u0434\u0438\u0437\u0430\u0439\u043d\u0430 \u043f\u0440\u043e\u0441\u0442\u044b\u043c\u0438 \u0438 \u0447\u0438\u0441\u0442\u044b\u043c\u0438, \u043f\u0440\u0438 \u044d\u0442\u043e\u043c \u0431\u0443\u0434\u0443\u0447\u0438 \u0447\u0440\u0435\u0437\u0432\u044b\u0447\u0430\u0439\u043d\u043e \u0441\u0442\u0438\u043b\u044c\u043d\u044b\u043c\u0438 \u0438 \u0434\u043e\u043b\u0433\u043e\u0432\u0435\u0447\u043d\u044b\u043c\u0438. \u0414\u043e\u0441\u0442\u0430\u0432\u043a\u0430 \u043f\u043e \u0432\u0441\u0435\u0439 \u041c\u043e\u043b\u0434\u043e\u0432\u0435 \u0431\u0435\u0441\u043f\u043b\u0430\u0442\u043d\u0430\u044f.<\/p>","protected":false},"excerpt":{"rendered":"<p>\u0414\u0435\u0440\u0435\u0432\u044f\u043d\u043d\u0430\u044f \u043a\u0440\u043e\u0432\u0430\u0442\u043a\u0430 QUAX Hip White. \u0420\u0435\u0431\u0435\u043d\u043e\u043a \u0431\u0443\u0434\u0435\u0442 \u0441\u043f\u0430\u0442\u044c \u0441\u043f\u043e\u043a\u043e\u0439\u043d\u043e \u0432 \u0431\u0435\u0437\u043e\u043f\u0430\u0441\u043d\u043e\u0439 \u0438 \u043f\u0440\u043e\u0447\u043d\u043e\u0439 \u0434\u0435\u0442\u0441\u043a\u043e\u0439 \u043a\u0440\u043e\u0432\u0430\u0442\u043a\u0435, \u0438\u0437\u0433\u043e\u0442\u043e\u0432\u043b\u0435\u043d\u043d\u043e\u0439 \u0432 \u0441\u043e\u043e\u0442\u0432\u0435\u0442\u0441\u0442\u0432\u0438\u0438 \u0441 \u0435\u0432\u0440\u043e\u043f\u0435\u0439\u0441\u043a\u0438\u043c\u0438 \u0441\u0442\u0430\u043d\u0434\u0430\u0440\u0442\u0430\u043c\u0438 \u043a\u0430\u0447\u0435\u0441\u0442\u0432\u0430. \u041e\u043a\u0440\u0430\u0448\u0435\u043d\u044b \u043a\u0440\u0430\u0441\u043a\u0430\u043c\u0438, \u0441\u043f\u0435\u0446\u0438\u0430\u043b\u044c\u043d\u043e \u0440\u0430\u0437\u0440\u0430\u0431\u043e\u0442\u0430\u043d\u043d\u044b\u043c\u0438 \u0434\u043b\u044f \u0434\u0435\u0442\u0435\u0439 \u041e\u0442\u0432\u0435\u0447\u0430\u0435\u0442 \u0441\u0442\u0440\u043e\u0433\u0438\u043c \u0441\u0442\u0430\u043d\u0434\u0430\u0440\u0442\u0430\u043c \u0431\u0435\u0437\u043e\u043f\u0430\u0441\u043d\u043e\u0441\u0442\u0438 EN 716 3 \u0432\u044b\u0441\u043e\u0442\u044b \u0443\u0441\u0442\u0430\u043d\u043e\u0432\u043a\u0438 \u043c\u0430\u0442\u0440\u0430\u0441\u0430 : 30, 43 \u0438 56 \u0441\u043c \u0414\u0435\u0440\u0435\u0432\u043e &#8212; \u0431\u0443\u043a, \u0441\u043e \u0432\u0441\u0442\u0430\u0432\u043a\u0430\u043c\u0438 \u0438\u0437 \u041c\u0414\u0424 \u0420\u0430\u0437\u043c\u0435\u0440\u044b: 129 x 67 x 80 \u0441\u043c \u0420\u0430\u0437\u043c\u0435\u0440\u044b \u043c\u0430\u0442\u0440\u0430\u0441\u0430 120 \u0445 60 \u0441\u043c (\u043f\u0440\u0438\u043e\u0431\u0440\u0435\u0442\u0430\u0435\u0442\u0441\u044f \u043e\u0442\u0434\u0435\u043b\u044c\u043d\u043e) \u0412\u0435\u0441: 26 \u043a\u0433 Quax \u0441\u043e\u0437\u0434\u0430\u0435\u0442 \u043c\u0435\u0431\u0435\u043b\u044c \u0441 \u043c\u0438\u043d\u0438\u043c\u0430\u043b\u0438\u0441\u0442\u0441\u043a\u0438\u043c \u0434\u0438\u0437\u0430\u0439\u043d\u043e\u043c \u0431\u043e\u043b\u0435\u0435 20 \u043b\u0435\u0442. \u041e\u0441\u043d\u043e\u0432\u0430\u043d\u043d\u044b\u0439 \u0432 \u0411\u0435\u043b\u044c\u0433\u0438\u0438, Quax \u0441\u0442\u0440\u0435\u043c\u0438\u0442\u0441\u044f \u043a&hellip;<\/p>\n","protected":false},"featured_media":19487,"comment_status":"closed","ping_status":"closed","template":"","meta":[],"product_cat":[249],"product_tag":[],"yoast_head":"<!-- This site is optimized with the Yoast SEO plugin v21.9.1 - https:\/\/yoast.com\/wordpress\/plugins\/seo\/ -->\n<title>\u0414\u0435\u0440\u0435\u0432\u044f\u043d\u043d\u0430\u044f \u043a\u0440\u043e\u0432\u0430\u0442\u043a\u0430 QUAX Hip White - www.fluture.md<\/title>\n<meta name=\"description\" content=\"P\u0103tu\u0163 pentru copii QUAX Hip, culoarea Alb. Cump\u0103r\u0103 in credit in Chi\u0219in\u0103u cu livrare gratuit\u0103 prin Moldova.\" \/>\n<meta name=\"robots\" content=\"index, follow, max-snippet:-1, max-image-preview:large, max-video-preview:-1\" \/>\n<link rel=\"canonical\" href=\"https:\/\/www.fluture.md\/product\/patut-de-lemn-quax-hip-alb\/\" \/>\n<meta property=\"og:locale\" content=\"ru_RU\" \/>\n<meta property=\"og:type\" content=\"article\" \/>\n<meta property=\"og:title\" content=\"[:ru]\u0414\u0435\u0440\u0435\u0432\u044f\u043d\u043d\u0430\u044f \u043a\u0440\u043e\u0432\u0430\u0442\u043a\u0430 QUAX Hip White[:ro]P\u0103tuc de lemn QUAX Hip White[:] - www.fluture.md\" \/>\n<meta property=\"og:description\" content=\"P\u0103tu\u0163 pentru copii QUAX Hip, culoarea Alb. Cump\u0103r\u0103 in credit in Chi\u0219in\u0103u cu livrare gratuit\u0103 prin Moldova.\" \/>\n<meta property=\"og:url\" content=\"https:\/\/www.fluture.md\/product\/patut-de-lemn-quax-hip-alb\/\" \/>\n<meta property=\"og:site_name\" content=\"www.fluture.md\" \/>\n<meta property=\"article:modified_time\" content=\"2022-08-16T14:12:06+00:00\" \/>\n<meta property=\"og:image\" content=\"https:\/\/www.fluture.md\/wp-content\/uploads\/2019\/03\/Patuc-pentru-copii-Hip-Alb1.jpg\" \/>\n\t<meta property=\"og:image:width\" content=\"900\" \/>\n\t<meta property=\"og:image:height\" content=\"900\" \/>\n\t<meta property=\"og:image:type\" content=\"image\/jpeg\" \/>\n<meta name=\"twitter:card\" content=\"summary_large_image\" \/>\n<meta name=\"twitter:label1\" content=\"\u041f\u0440\u0438\u043c\u0435\u0440\u043d\u043e\u0435 \u0432\u0440\u0435\u043c\u044f \u0434\u043b\u044f \u0447\u0442\u0435\u043d\u0438\u044f\" \/>\n\t<meta name=\"twitter:data1\" content=\"1 \u043c\u0438\u043d\u0443\u0442\u0430\" \/>\n<script type=\"application\/ld+json\" class=\"yoast-schema-graph\">{\"@context\":\"https:\/\/schema.org\",\"@graph\":[{\"@type\":\"WebPage\",\"@id\":\"https:\/\/www.fluture.md\/product\/patut-de-lemn-quax-hip-alb\/\",\"url\":\"https:\/\/www.fluture.md\/product\/patut-de-lemn-quax-hip-alb\/\",\"name\":\"[:ru]\u0414\u0435\u0440\u0435\u0432\u044f\u043d\u043d\u0430\u044f \u043a\u0440\u043e\u0432\u0430\u0442\u043a\u0430 QUAX Hip White[:ro]P\u0103tuc de lemn QUAX Hip White[:] - www.fluture.md\",\"isPartOf\":{\"@id\":\"https:\/\/www.fluture.md\/ru\/#website\"},\"datePublished\":\"2019-03-05T16:10:58+00:00\",\"dateModified\":\"2022-08-16T14:12:06+00:00\",\"description\":\"P\u0103tu\u0163 pentru copii QUAX Hip, culoarea Alb. Cump\u0103r\u0103 in credit in Chi\u0219in\u0103u cu livrare gratuit\u0103 prin Moldova.\",\"breadcrumb\":{\"@id\":\"https:\/\/www.fluture.md\/product\/patut-de-lemn-quax-hip-alb\/#breadcrumb\"},\"inLanguage\":\"ru-RU\",\"potentialAction\":[{\"@type\":\"ReadAction\",\"target\":[\"https:\/\/www.fluture.md\/product\/patut-de-lemn-quax-hip-alb\/\"]}]},{\"@type\":\"BreadcrumbList\",\"@id\":\"https:\/\/www.fluture.md\/product\/patut-de-lemn-quax-hip-alb\/#breadcrumb\",\"itemListElement\":[{\"@type\":\"ListItem\",\"position\":1,\"name\":\"\u0413\u043b\u0430\u0432\u043d\u0430\u044f \u0441\u0442\u0440\u0430\u043d\u0438\u0446\u0430\",\"item\":\"https:\/\/www.fluture.md\/\"},{\"@type\":\"ListItem\",\"position\":2,\"name\":\"Magazin online\",\"item\":\"https:\/\/www.fluture.md\/shop\/\"},{\"@type\":\"ListItem\",\"position\":3,\"name\":\"P\u0103tuc de lemn QUAX Hip White\"}]},{\"@type\":\"WebSite\",\"@id\":\"https:\/\/www.fluture.md\/ru\/#website\",\"url\":\"https:\/\/www.fluture.md\/ru\/\",\"name\":\"www.fluture.md\",\"description\":\"\u041c\u0435\u0431\u0435\u043b\u044c \u0438 \u0430\u043a\u0441\u0435\u0441\u0441\u0443\u0430\u0440\u044b \u0434\u043b\u044f \u043d\u043e\u0432\u043e\u0440\u043e\u0436\u0434\u0435\u043d\u043d\u044b\u0445 \u0441 \u0431\u0435\u0441\u043f\u043b\u0430\u0442\u043d\u043e\u0439 \u0434\u043e\u0441\u0442\u0430\u0432\u043a\u043e\u0439 \u043f\u043e \u041c\u043e\u043b\u0434\u043e\u0432\u0435\",\"potentialAction\":[{\"@type\":\"SearchAction\",\"target\":{\"@type\":\"EntryPoint\",\"urlTemplate\":\"https:\/\/www.fluture.md\/ru\/?s={search_term_string}\"},\"query-input\":\"required name=search_term_string\"}],\"inLanguage\":\"ru-RU\"}]}<\/script>\n<!-- \/ Yoast SEO plugin. -->","yoast_head_json":{"title":"[:ru]\u0414\u0435\u0440\u0435\u0432\u044f\u043d\u043d\u0430\u044f \u043a\u0440\u043e\u0432\u0430\u0442\u043a\u0430 QUAX Hip White[:ro]P\u0103tuc de lemn QUAX Hip White[:] - www.fluture.md","description":"P\u0103tu\u0163 pentru copii QUAX Hip, culoarea Alb. Cump\u0103r\u0103 in credit in Chi\u0219in\u0103u cu livrare gratuit\u0103 prin Moldova.","robots":{"index":"index","follow":"follow","max-snippet":"max-snippet:-1","max-image-preview":"max-image-preview:large","max-video-preview":"max-video-preview:-1"},"canonical":"https:\/\/www.fluture.md\/product\/patut-de-lemn-quax-hip-alb\/","og_locale":"ru_RU","og_type":"article","og_title":"[:ru]\u0414\u0435\u0440\u0435\u0432\u044f\u043d\u043d\u0430\u044f \u043a\u0440\u043e\u0432\u0430\u0442\u043a\u0430 QUAX Hip White[:ro]P\u0103tuc de lemn QUAX Hip White[:] - www.fluture.md","og_description":"P\u0103tu\u0163 pentru copii QUAX Hip, culoarea Alb. Cump\u0103r\u0103 in credit in Chi\u0219in\u0103u cu livrare gratuit\u0103 prin Moldova.","og_url":"https:\/\/www.fluture.md\/product\/patut-de-lemn-quax-hip-alb\/","og_site_name":"www.fluture.md","article_modified_time":"2022-08-16T14:12:06+00:00","og_image":[{"width":900,"height":900,"url":"https:\/\/www.fluture.md\/wp-content\/uploads\/2019\/03\/Patuc-pentru-copii-Hip-Alb1.jpg","type":"image\/jpeg"}],"twitter_card":"summary_large_image","twitter_misc":{"\u041f\u0440\u0438\u043c\u0435\u0440\u043d\u043e\u0435 \u0432\u0440\u0435\u043c\u044f \u0434\u043b\u044f \u0447\u0442\u0435\u043d\u0438\u044f":"1 \u043c\u0438\u043d\u0443\u0442\u0430"},"schema":{"@context":"https:\/\/schema.org","@graph":[{"@type":"WebPage","@id":"https:\/\/www.fluture.md\/product\/patut-de-lemn-quax-hip-alb\/","url":"https:\/\/www.fluture.md\/product\/patut-de-lemn-quax-hip-alb\/","name":"[:ru]\u0414\u0435\u0440\u0435\u0432\u044f\u043d\u043d\u0430\u044f \u043a\u0440\u043e\u0432\u0430\u0442\u043a\u0430 QUAX Hip White[:ro]P\u0103tuc de lemn QUAX Hip White[:] - www.fluture.md","isPartOf":{"@id":"https:\/\/www.fluture.md\/ru\/#website"},"datePublished":"2019-03-05T16:10:58+00:00","dateModified":"2022-08-16T14:12:06+00:00","description":"P\u0103tu\u0163 pentru copii QUAX Hip, culoarea Alb. Cump\u0103r\u0103 in credit in Chi\u0219in\u0103u cu livrare gratuit\u0103 prin Moldova.","breadcrumb":{"@id":"https:\/\/www.fluture.md\/product\/patut-de-lemn-quax-hip-alb\/#breadcrumb"},"inLanguage":"ru-RU","potentialAction":[{"@type":"ReadAction","target":["https:\/\/www.fluture.md\/product\/patut-de-lemn-quax-hip-alb\/"]}]},{"@type":"BreadcrumbList","@id":"https:\/\/www.fluture.md\/product\/patut-de-lemn-quax-hip-alb\/#breadcrumb","itemListElement":[{"@type":"ListItem","position":1,"name":"\u0413\u043b\u0430\u0432\u043d\u0430\u044f \u0441\u0442\u0440\u0430\u043d\u0438\u0446\u0430","item":"https:\/\/www.fluture.md\/"},{"@type":"ListItem","position":2,"name":"Magazin online","item":"https:\/\/www.fluture.md\/shop\/"},{"@type":"ListItem","position":3,"name":"P\u0103tuc de lemn QUAX Hip White"}]},{"@type":"WebSite","@id":"https:\/\/www.fluture.md\/ru\/#website","url":"https:\/\/www.fluture.md\/ru\/","name":"www.fluture.md","description":"\u041c\u0435\u0431\u0435\u043b\u044c \u0438 \u0430\u043a\u0441\u0435\u0441\u0441\u0443\u0430\u0440\u044b \u0434\u043b\u044f \u043d\u043e\u0432\u043e\u0440\u043e\u0436\u0434\u0435\u043d\u043d\u044b\u0445 \u0441 \u0431\u0435\u0441\u043f\u043b\u0430\u0442\u043d\u043e\u0439 \u0434\u043e\u0441\u0442\u0430\u0432\u043a\u043e\u0439 \u043f\u043e \u041c\u043e\u043b\u0434\u043e\u0432\u0435","potentialAction":[{"@type":"SearchAction","target":{"@type":"EntryPoint","urlTemplate":"https:\/\/www.fluture.md\/ru\/?s={search_term_string}"},"query-input":"required name=search_term_string"}],"inLanguage":"ru-RU"}]}},"_links":{"self":[{"href":"https:\/\/www.fluture.md\/ru\/wp-json\/wp\/v2\/product\/19484"}],"collection":[{"href":"https:\/\/www.fluture.md\/ru\/wp-json\/wp\/v2\/product"}],"about":[{"href":"https:\/\/www.fluture.md\/ru\/wp-json\/wp\/v2\/types\/product"}],"replies":[{"embeddable":true,"href":"https:\/\/www.fluture.md\/ru\/wp-json\/wp\/v2\/comments?post=19484"}],"wp:featuredmedia":[{"embeddable":true,"href":"https:\/\/www.fluture.md\/ru\/wp-json\/wp\/v2\/media\/19487"}],"wp:attachment":[{"href":"https:\/\/www.fluture.md\/ru\/wp-json\/wp\/v2\/media?parent=19484"}],"wp:term":[{"taxonomy":"product_cat","embeddable":true,"href":"https:\/\/www.fluture.md\/ru\/wp-json\/wp\/v2\/product_cat?post=19484"},{"taxonomy":"product_tag","embeddable":true,"href":"https:\/\/www.fluture.md\/ru\/wp-json\/wp\/v2\/product_tag?post=19484"}],"curies":[{"name":"wp","href":"https:\/\/api.w.org\/{rel}","templated":true}]}}