
{"id":189332,"date":"2026-05-07T12:12:00","date_gmt":"2026-05-07T09:12:00","guid":{"rendered":"https:\/\/www.fluture.md\/?post_type=product&#038;p=189332"},"modified":"2026-05-07T12:12:02","modified_gmt":"2026-05-07T09:12:02","slug":"rucsac-pentru-copii-littlelife-toddler-unicorn","status":"publish","type":"product","link":"https:\/\/www.fluture.md\/ru\/product\/rucsac-pentru-copii-littlelife-toddler-unicorn\/","title":{"rendered":"Rucsac pentru copii LittleLife Toddler, Unicorn"},"content":{"rendered":"<p><strong>Detalii:<\/strong><\/p>\n<ul>\n<li>V\u00e2rst\u0103: de la 1 la 3 ani<\/li>\n<li>Capacitate: 2 litri<\/li>\n<li>Dimensiuni: 14\u00d718\u00d723 cm<\/li>\n<li>Fermoar central<\/li>\n<li>Etichet\u0103 interioar\u0103 pentru nume<\/li>\n<li>Bretele de um\u0103r c\u0103ptu\u0219ite<\/li>\n<li>Ham de siguran\u021b\u0103 deta\u0219abile<\/li>\n<\/ul>\n<p>* Toat\u0103 informa\u021bia publicat\u0103 pe site-ul www.fluture.md, inclusiv pre\u021burile produselor, poart\u0103 caracter informa\u021bional \u0219i nici \u00eentr-un caz nu este o ofert\u0103 public\u0103, definit\u0103 de dispozi\u021biile articolelor 681 \u0219i 805 ale Codului civil al R.M. Nr. 1107 din 06.06.2002. Pentru mai multe informa\u021bii cu privire la stocuri \u0219i costul produselor \u0219i serviciilor, v\u0103 rug\u0103m s\u0103 ne contacta\u021bi la num\u0103rul de telefon:\u00a0<a href=\"tel:+37369757176\">+37369757176<\/a>. Parametrii \u0219i componen\u021ba produsului pot fi modificate de produc\u0103tor f\u0103r\u0103 pre\u00eent\u00e2mpinare.<\/p>\n","protected":false},"excerpt":{"rendered":"<p>Detalii: V\u00e2rst\u0103: de la 1 la 3 ani Capacitate: 2 litri Dimensiuni: 14\u00d718\u00d723 cm Fermoar central Etichet\u0103 interioar\u0103 pentru nume Bretele de um\u0103r c\u0103ptu\u0219ite Ham de siguran\u021b\u0103 deta\u0219abile * Toat\u0103 informa\u021bia publicat\u0103 pe site-ul www.fluture.md, inclusiv pre\u021burile produselor, poart\u0103 caracter informa\u021bional \u0219i nici \u00eentr-un caz nu este o ofert\u0103 public\u0103, definit\u0103 de dispozi\u021biile articolelor 681 \u0219i 805 ale Codului civil al R.M. Nr. 1107 din 06.06.2002. Pentru mai multe informa\u021bii cu privire la stocuri \u0219i costul produselor \u0219i serviciilor, v\u0103 rug\u0103m s\u0103 ne contacta\u021bi&hellip;<\/p>\n","protected":false},"featured_media":189324,"comment_status":"open","ping_status":"closed","template":"","meta":[],"product_cat":[410,636,432],"product_tag":[],"yoast_head":"<!-- This site is optimized with the Yoast SEO plugin v21.9.1 - https:\/\/yoast.com\/wordpress\/plugins\/seo\/ -->\n<title>Rucsac pentru copii LittleLife Toddler, Unicorn - www.fluture.md<\/title>\n<meta name=\"robots\" content=\"index, follow, max-snippet:-1, max-image-preview:large, max-video-preview:-1\" \/>\n<link rel=\"canonical\" href=\"https:\/\/www.fluture.md\/product\/rucsac-pentru-copii-littlelife-toddler-unicorn\/\" \/>\n<meta property=\"og:locale\" content=\"ru_RU\" \/>\n<meta property=\"og:type\" content=\"article\" \/>\n<meta property=\"og:title\" content=\"[:ru]Rucsac pentru copii LittleLife Toddler, Unicorn[:ro]Rucsac pentru copii LittleLife Toddler, unicorn[:] - www.fluture.md\" \/>\n<meta property=\"og:description\" content=\"Detalii: V\u00e2rst\u0103: de la 1 la 3 ani Capacitate: 2 litri Dimensiuni: 14\u00d718\u00d723 cm Fermoar central Etichet\u0103 interioar\u0103 pentru nume Bretele de um\u0103r c\u0103ptu\u0219ite Ham de siguran\u021b\u0103 deta\u0219abile * Toat\u0103 informa\u021bia publicat\u0103 pe site-ul www.fluture.md, inclusiv pre\u021burile produselor, poart\u0103 caracter informa\u021bional \u0219i nici \u00eentr-un caz nu este o ofert\u0103 public\u0103, definit\u0103 de dispozi\u021biile articolelor 681 \u0219i 805 ale Codului civil al R.M. Nr. 1107 din 06.06.2002. Pentru mai multe informa\u021bii cu privire la stocuri \u0219i costul produselor \u0219i serviciilor, v\u0103 rug\u0103m s\u0103 ne contacta\u021bi&hellip;\" \/>\n<meta property=\"og:url\" content=\"https:\/\/www.fluture.md\/product\/rucsac-pentru-copii-littlelife-toddler-unicorn\/\" \/>\n<meta property=\"og:site_name\" content=\"www.fluture.md\" \/>\n<meta property=\"article:modified_time\" content=\"2026-05-07T09:12:02+00:00\" \/>\n<meta property=\"og:image\" content=\"https:\/\/www.fluture.md\/wp-content\/uploads\/2026\/05\/WHPSK_SQ1_0000000099_N_A_SLf.webp\" \/>\n\t<meta property=\"og:image:width\" content=\"1650\" \/>\n\t<meta property=\"og:image:height\" content=\"2199\" \/>\n\t<meta property=\"og:image:type\" content=\"image\/webp\" \/>\n<meta name=\"twitter:card\" content=\"summary_large_image\" \/>\n<meta name=\"twitter:label1\" content=\"\u041f\u0440\u0438\u043c\u0435\u0440\u043d\u043e\u0435 \u0432\u0440\u0435\u043c\u044f \u0434\u043b\u044f \u0447\u0442\u0435\u043d\u0438\u044f\" \/>\n\t<meta name=\"twitter:data1\" content=\"1 \u043c\u0438\u043d\u0443\u0442\u0430\" \/>\n<script type=\"application\/ld+json\" class=\"yoast-schema-graph\">{\"@context\":\"https:\/\/schema.org\",\"@graph\":[{\"@type\":\"WebPage\",\"@id\":\"https:\/\/www.fluture.md\/product\/rucsac-pentru-copii-littlelife-toddler-unicorn\/\",\"url\":\"https:\/\/www.fluture.md\/product\/rucsac-pentru-copii-littlelife-toddler-unicorn\/\",\"name\":\"[:ru]Rucsac pentru copii LittleLife Toddler, Unicorn[:ro]Rucsac pentru copii LittleLife Toddler, unicorn[:] - www.fluture.md\",\"isPartOf\":{\"@id\":\"https:\/\/www.fluture.md\/ru\/#website\"},\"datePublished\":\"2026-05-07T09:12:00+00:00\",\"dateModified\":\"2026-05-07T09:12:02+00:00\",\"breadcrumb\":{\"@id\":\"https:\/\/www.fluture.md\/product\/rucsac-pentru-copii-littlelife-toddler-unicorn\/#breadcrumb\"},\"inLanguage\":\"ru-RU\",\"potentialAction\":[{\"@type\":\"ReadAction\",\"target\":[\"https:\/\/www.fluture.md\/product\/rucsac-pentru-copii-littlelife-toddler-unicorn\/\"]}]},{\"@type\":\"BreadcrumbList\",\"@id\":\"https:\/\/www.fluture.md\/product\/rucsac-pentru-copii-littlelife-toddler-unicorn\/#breadcrumb\",\"itemListElement\":[{\"@type\":\"ListItem\",\"position\":1,\"name\":\"\u0413\u043b\u0430\u0432\u043d\u0430\u044f \u0441\u0442\u0440\u0430\u043d\u0438\u0446\u0430\",\"item\":\"https:\/\/www.fluture.md\/\"},{\"@type\":\"ListItem\",\"position\":2,\"name\":\"Magazin online\",\"item\":\"https:\/\/www.fluture.md\/shop\/\"},{\"@type\":\"ListItem\",\"position\":3,\"name\":\"Rucsac pentru copii LittleLife Toddler, unicorn\"}]},{\"@type\":\"WebSite\",\"@id\":\"https:\/\/www.fluture.md\/ru\/#website\",\"url\":\"https:\/\/www.fluture.md\/ru\/\",\"name\":\"www.fluture.md\",\"description\":\"\u041c\u0435\u0431\u0435\u043b\u044c \u0438 \u0430\u043a\u0441\u0435\u0441\u0441\u0443\u0430\u0440\u044b \u0434\u043b\u044f \u043d\u043e\u0432\u043e\u0440\u043e\u0436\u0434\u0435\u043d\u043d\u044b\u0445 \u0441 \u0431\u0435\u0441\u043f\u043b\u0430\u0442\u043d\u043e\u0439 \u0434\u043e\u0441\u0442\u0430\u0432\u043a\u043e\u0439 \u043f\u043e \u041c\u043e\u043b\u0434\u043e\u0432\u0435\",\"potentialAction\":[{\"@type\":\"SearchAction\",\"target\":{\"@type\":\"EntryPoint\",\"urlTemplate\":\"https:\/\/www.fluture.md\/ru\/?s={search_term_string}\"},\"query-input\":\"required name=search_term_string\"}],\"inLanguage\":\"ru-RU\"}]}<\/script>\n<!-- \/ Yoast SEO plugin. -->","yoast_head_json":{"title":"[:ru]Rucsac pentru copii LittleLife Toddler, Unicorn[:ro]Rucsac pentru copii LittleLife Toddler, unicorn[:] - www.fluture.md","robots":{"index":"index","follow":"follow","max-snippet":"max-snippet:-1","max-image-preview":"max-image-preview:large","max-video-preview":"max-video-preview:-1"},"canonical":"https:\/\/www.fluture.md\/product\/rucsac-pentru-copii-littlelife-toddler-unicorn\/","og_locale":"ru_RU","og_type":"article","og_title":"[:ru]Rucsac pentru copii LittleLife Toddler, Unicorn[:ro]Rucsac pentru copii LittleLife Toddler, unicorn[:] - www.fluture.md","og_description":"Detalii: V\u00e2rst\u0103: de la 1 la 3 ani Capacitate: 2 litri Dimensiuni: 14\u00d718\u00d723 cm Fermoar central Etichet\u0103 interioar\u0103 pentru nume Bretele de um\u0103r c\u0103ptu\u0219ite Ham de siguran\u021b\u0103 deta\u0219abile * Toat\u0103 informa\u021bia publicat\u0103 pe site-ul www.fluture.md, inclusiv pre\u021burile produselor, poart\u0103 caracter informa\u021bional \u0219i nici \u00eentr-un caz nu este o ofert\u0103 public\u0103, definit\u0103 de dispozi\u021biile articolelor 681 \u0219i 805 ale Codului civil al R.M. Nr. 1107 din 06.06.2002. Pentru mai multe informa\u021bii cu privire la stocuri \u0219i costul produselor \u0219i serviciilor, v\u0103 rug\u0103m s\u0103 ne contacta\u021bi&hellip;","og_url":"https:\/\/www.fluture.md\/product\/rucsac-pentru-copii-littlelife-toddler-unicorn\/","og_site_name":"www.fluture.md","article_modified_time":"2026-05-07T09:12:02+00:00","og_image":[{"width":1650,"height":2199,"url":"https:\/\/www.fluture.md\/wp-content\/uploads\/2026\/05\/WHPSK_SQ1_0000000099_N_A_SLf.webp","type":"image\/webp"}],"twitter_card":"summary_large_image","twitter_misc":{"\u041f\u0440\u0438\u043c\u0435\u0440\u043d\u043e\u0435 \u0432\u0440\u0435\u043c\u044f \u0434\u043b\u044f \u0447\u0442\u0435\u043d\u0438\u044f":"1 \u043c\u0438\u043d\u0443\u0442\u0430"},"schema":{"@context":"https:\/\/schema.org","@graph":[{"@type":"WebPage","@id":"https:\/\/www.fluture.md\/product\/rucsac-pentru-copii-littlelife-toddler-unicorn\/","url":"https:\/\/www.fluture.md\/product\/rucsac-pentru-copii-littlelife-toddler-unicorn\/","name":"[:ru]Rucsac pentru copii LittleLife Toddler, Unicorn[:ro]Rucsac pentru copii LittleLife Toddler, unicorn[:] - www.fluture.md","isPartOf":{"@id":"https:\/\/www.fluture.md\/ru\/#website"},"datePublished":"2026-05-07T09:12:00+00:00","dateModified":"2026-05-07T09:12:02+00:00","breadcrumb":{"@id":"https:\/\/www.fluture.md\/product\/rucsac-pentru-copii-littlelife-toddler-unicorn\/#breadcrumb"},"inLanguage":"ru-RU","potentialAction":[{"@type":"ReadAction","target":["https:\/\/www.fluture.md\/product\/rucsac-pentru-copii-littlelife-toddler-unicorn\/"]}]},{"@type":"BreadcrumbList","@id":"https:\/\/www.fluture.md\/product\/rucsac-pentru-copii-littlelife-toddler-unicorn\/#breadcrumb","itemListElement":[{"@type":"ListItem","position":1,"name":"\u0413\u043b\u0430\u0432\u043d\u0430\u044f \u0441\u0442\u0440\u0430\u043d\u0438\u0446\u0430","item":"https:\/\/www.fluture.md\/"},{"@type":"ListItem","position":2,"name":"Magazin online","item":"https:\/\/www.fluture.md\/shop\/"},{"@type":"ListItem","position":3,"name":"Rucsac pentru copii LittleLife Toddler, unicorn"}]},{"@type":"WebSite","@id":"https:\/\/www.fluture.md\/ru\/#website","url":"https:\/\/www.fluture.md\/ru\/","name":"www.fluture.md","description":"\u041c\u0435\u0431\u0435\u043b\u044c \u0438 \u0430\u043a\u0441\u0435\u0441\u0441\u0443\u0430\u0440\u044b \u0434\u043b\u044f \u043d\u043e\u0432\u043e\u0440\u043e\u0436\u0434\u0435\u043d\u043d\u044b\u0445 \u0441 \u0431\u0435\u0441\u043f\u043b\u0430\u0442\u043d\u043e\u0439 \u0434\u043e\u0441\u0442\u0430\u0432\u043a\u043e\u0439 \u043f\u043e \u041c\u043e\u043b\u0434\u043e\u0432\u0435","potentialAction":[{"@type":"SearchAction","target":{"@type":"EntryPoint","urlTemplate":"https:\/\/www.fluture.md\/ru\/?s={search_term_string}"},"query-input":"required name=search_term_string"}],"inLanguage":"ru-RU"}]}},"_links":{"self":[{"href":"https:\/\/www.fluture.md\/ru\/wp-json\/wp\/v2\/product\/189332"}],"collection":[{"href":"https:\/\/www.fluture.md\/ru\/wp-json\/wp\/v2\/product"}],"about":[{"href":"https:\/\/www.fluture.md\/ru\/wp-json\/wp\/v2\/types\/product"}],"replies":[{"embeddable":true,"href":"https:\/\/www.fluture.md\/ru\/wp-json\/wp\/v2\/comments?post=189332"}],"wp:featuredmedia":[{"embeddable":true,"href":"https:\/\/www.fluture.md\/ru\/wp-json\/wp\/v2\/media\/189324"}],"wp:attachment":[{"href":"https:\/\/www.fluture.md\/ru\/wp-json\/wp\/v2\/media?parent=189332"}],"wp:term":[{"taxonomy":"product_cat","embeddable":true,"href":"https:\/\/www.fluture.md\/ru\/wp-json\/wp\/v2\/product_cat?post=189332"},{"taxonomy":"product_tag","embeddable":true,"href":"https:\/\/www.fluture.md\/ru\/wp-json\/wp\/v2\/product_tag?post=189332"}],"curies":[{"name":"wp","href":"https:\/\/api.w.org\/{rel}","templated":true}]}}