
{"id":183890,"date":"2025-02-24T14:15:07","date_gmt":"2025-02-24T12:15:07","guid":{"rendered":"https:\/\/www.fluture.md\/?post_type=product&#038;p=183890"},"modified":"2025-02-24T14:17:47","modified_gmt":"2025-02-24T12:17:47","slug":"trotineta-micro-mini-deluxe-glow-led-icy-lime","status":"publish","type":"product","link":"https:\/\/www.fluture.md\/ru\/product\/trotineta-micro-mini-deluxe-glow-led-icy-lime\/","title":{"rendered":"Trotineta Micro Mini Deluxe Glow LED Icy Lime"},"content":{"rendered":"<p>Mini Micro Deluxe \u2013 design inovativ si calitate elvetiana fara compromisuri.<\/p>\n<p>Caracteristici:<\/p>\n<ul>\n<li>Ghidonul trotinetei este reglabil in functie de inaltimea copilului. Asta inseamna ca trotineta \u201cva creste\u201d impreuna cu copilul. Cand este lasat la minim, inaltimea fata de sol este de 49cm, iar cand este ridicat la maxim inaltimea fata de sol este de 67cm.<\/li>\n<li>Platforma, frana si manerele au culori asortate, iar bara ghidonului este vopsita in culori metalizate, fiind protejata impotriva coroziunii.<\/li>\n<li>Pe platforma este imprimat logo-ul MICRO, acest logo avand si aspect practic, fiind din silicon si asigurand o aderenta sporita a talpii pantofului pe platforma.<\/li>\n<li>Mini Micro Deluxe rezista la o greutate a copilului de pana la 50kg, iar trotineta in sine este foarte usoara, cantarind numai 1,95kg, fapt care o face sa fie foarte usor de manevrat de catre copil, dar si usor de transportat si depozitat de catre parinti.<\/li>\n<li>Rotile trotinetei au leduri incorporate, care lumineaza atunci cand copilul se plimba. Nu este nevoie de baterii, intrucat ledurile pornesc si sunt alimentate de rotirea rotilor.<\/li>\n<\/ul>\n<p>Trotineta Mini Micro Deluxe este alegerea perfecta pentru copiii cu varste de peste 2 ani. Mecanismul de luare a curbei prin inclinarea ghidonului le permite copiilor s\u0103 stapaneasc\u0103 intuitiv, usor si repede trotineta. Ii ajut\u0103 s\u0103 isi dezvolte coordonarea, echilibrul si abilitatile motorii fine.<\/p>\n<p>Aceasta trotineta a fost proiectata in colaborare cu experti in pediatrie si mobilitate. Este realizata din materiale de cea mai buna calitate, fiind solida si durabila. Ea ii va ajuta pe copiii sportivi sa-si consume energia intr-un mod placut si sa faca miscare, iar pe copiii mai timizi si precauti sa capete incredere in fortele lor si sa devina mai dezinvolti si independenti.<\/p>\n<p>&nbsp;<\/p>\n<p>&nbsp;<\/p>\n<p>* Toat\u0103 informa\u021bia publicat\u0103 pe site-ul www.fluture.md, inclusiv pre\u021burile produselor, poart\u0103 caracter informa\u021bional \u0219i nici \u00eentr-un caz nu este o ofert\u0103 public\u0103, definit\u0103 de dispozi\u021biile articolelor 681 \u0219i 805 ale Codului civil al R.M. Nr. 1107 din 06.06.2002. Pentru mai multe informa\u021bii cu privire la stocuri \u0219i costul produselor \u0219i serviciilor, v\u0103 rug\u0103m s\u0103 ne contacta\u021bi la num\u0103rul de telefon: +373 69757176. Parametrii \u0219i componen\u021ba produsului pot fi modificate de produc\u0103tor f\u0103r\u0103 pre\u00eent\u00e2mpinare.<\/p>\n<p><iframe loading=\"lazy\" title=\"Mini Micro Deluxe Glow LED - GLOW. RIDE. THRIVE. REPEAT.\" width=\"1220\" height=\"686\" src=\"https:\/\/www.youtube.com\/embed\/KuWpCdH7FLY?feature=oembed\" frameborder=\"0\" allow=\"accelerometer; autoplay; clipboard-write; encrypted-media; gyroscope; picture-in-picture; web-share\" referrerpolicy=\"strict-origin-when-cross-origin\" allowfullscreen><\/iframe><\/p>\n","protected":false},"excerpt":{"rendered":"<p>Mini Micro Deluxe \u2013 design inovativ si calitate elvetiana fara compromisuri. Caracteristici: Ghidonul trotinetei este reglabil in functie de inaltimea copilului. Asta inseamna ca trotineta \u201cva creste\u201d impreuna cu copilul. Cand este lasat la minim, inaltimea fata de sol este de 49cm, iar cand este ridicat la maxim inaltimea fata de sol este de 67cm. Platforma, frana si manerele au culori asortate, iar bara ghidonului este vopsita in culori metalizate, fiind protejata impotriva coroziunii. Pe platforma este imprimat logo-ul MICRO, acest logo avand si&hellip;<\/p>\n","protected":false},"featured_media":183891,"comment_status":"open","ping_status":"closed","template":"","meta":[],"product_cat":[792,410,416,413],"product_tag":[],"yoast_head":"<!-- This site is optimized with the Yoast SEO plugin v21.9.1 - https:\/\/yoast.com\/wordpress\/plugins\/seo\/ -->\n<title>Trotineta Micro Mini Deluxe Glow LED Icy Lime - www.fluture.md<\/title>\n<meta name=\"robots\" content=\"index, follow, max-snippet:-1, max-image-preview:large, max-video-preview:-1\" \/>\n<link rel=\"canonical\" href=\"https:\/\/www.fluture.md\/product\/trotineta-micro-mini-deluxe-glow-led-icy-lime\/\" \/>\n<meta property=\"og:locale\" content=\"ru_RU\" \/>\n<meta property=\"og:type\" content=\"article\" \/>\n<meta property=\"og:title\" content=\"Trotineta Micro Mini Deluxe Glow LED Icy Lime - www.fluture.md\" \/>\n<meta property=\"og:description\" content=\"Mini Micro Deluxe \u2013 design inovativ si calitate elvetiana fara compromisuri. Caracteristici: Ghidonul trotinetei este reglabil in functie de inaltimea copilului. Asta inseamna ca trotineta \u201cva creste\u201d impreuna cu copilul. Cand este lasat la minim, inaltimea fata de sol este de 49cm, iar cand este ridicat la maxim inaltimea fata de sol este de 67cm. Platforma, frana si manerele au culori asortate, iar bara ghidonului este vopsita in culori metalizate, fiind protejata impotriva coroziunii. Pe platforma este imprimat logo-ul MICRO, acest logo avand si&hellip;\" \/>\n<meta property=\"og:url\" content=\"https:\/\/www.fluture.md\/product\/trotineta-micro-mini-deluxe-glow-led-icy-lime\/\" \/>\n<meta property=\"og:site_name\" content=\"www.fluture.md\" \/>\n<meta property=\"article:modified_time\" content=\"2025-02-24T12:17:47+00:00\" \/>\n<meta property=\"og:image\" content=\"https:\/\/www.fluture.md\/wp-content\/uploads\/2025\/02\/Trotineta-Micro-Mini-Deluxe-Glow-LED-Icy-Lime.jpg\" \/>\n\t<meta property=\"og:image:width\" content=\"1500\" \/>\n\t<meta property=\"og:image:height\" content=\"1500\" \/>\n\t<meta property=\"og:image:type\" content=\"image\/jpeg\" \/>\n<meta name=\"twitter:card\" content=\"summary_large_image\" \/>\n<meta name=\"twitter:label1\" content=\"\u041f\u0440\u0438\u043c\u0435\u0440\u043d\u043e\u0435 \u0432\u0440\u0435\u043c\u044f \u0434\u043b\u044f \u0447\u0442\u0435\u043d\u0438\u044f\" \/>\n\t<meta name=\"twitter:data1\" content=\"3 \u043c\u0438\u043d\u0443\u0442\u044b\" \/>\n<script type=\"application\/ld+json\" class=\"yoast-schema-graph\">{\"@context\":\"https:\/\/schema.org\",\"@graph\":[{\"@type\":\"WebPage\",\"@id\":\"https:\/\/www.fluture.md\/product\/trotineta-micro-mini-deluxe-glow-led-icy-lime\/\",\"url\":\"https:\/\/www.fluture.md\/product\/trotineta-micro-mini-deluxe-glow-led-icy-lime\/\",\"name\":\"Trotineta Micro Mini Deluxe Glow LED Icy Lime - www.fluture.md\",\"isPartOf\":{\"@id\":\"https:\/\/www.fluture.md\/ru\/#website\"},\"datePublished\":\"2025-02-24T12:15:07+00:00\",\"dateModified\":\"2025-02-24T12:17:47+00:00\",\"breadcrumb\":{\"@id\":\"https:\/\/www.fluture.md\/product\/trotineta-micro-mini-deluxe-glow-led-icy-lime\/#breadcrumb\"},\"inLanguage\":\"ru-RU\",\"potentialAction\":[{\"@type\":\"ReadAction\",\"target\":[\"https:\/\/www.fluture.md\/product\/trotineta-micro-mini-deluxe-glow-led-icy-lime\/\"]}]},{\"@type\":\"BreadcrumbList\",\"@id\":\"https:\/\/www.fluture.md\/product\/trotineta-micro-mini-deluxe-glow-led-icy-lime\/#breadcrumb\",\"itemListElement\":[{\"@type\":\"ListItem\",\"position\":1,\"name\":\"\u0413\u043b\u0430\u0432\u043d\u0430\u044f \u0441\u0442\u0440\u0430\u043d\u0438\u0446\u0430\",\"item\":\"https:\/\/www.fluture.md\/\"},{\"@type\":\"ListItem\",\"position\":2,\"name\":\"Magazin online\",\"item\":\"https:\/\/www.fluture.md\/shop\/\"},{\"@type\":\"ListItem\",\"position\":3,\"name\":\"Trotineta Micro Mini Deluxe Glow LED Icy Lime\"}]},{\"@type\":\"WebSite\",\"@id\":\"https:\/\/www.fluture.md\/ru\/#website\",\"url\":\"https:\/\/www.fluture.md\/ru\/\",\"name\":\"www.fluture.md\",\"description\":\"\u041c\u0435\u0431\u0435\u043b\u044c \u0438 \u0430\u043a\u0441\u0435\u0441\u0441\u0443\u0430\u0440\u044b \u0434\u043b\u044f \u043d\u043e\u0432\u043e\u0440\u043e\u0436\u0434\u0435\u043d\u043d\u044b\u0445 \u0441 \u0431\u0435\u0441\u043f\u043b\u0430\u0442\u043d\u043e\u0439 \u0434\u043e\u0441\u0442\u0430\u0432\u043a\u043e\u0439 \u043f\u043e \u041c\u043e\u043b\u0434\u043e\u0432\u0435\",\"potentialAction\":[{\"@type\":\"SearchAction\",\"target\":{\"@type\":\"EntryPoint\",\"urlTemplate\":\"https:\/\/www.fluture.md\/ru\/?s={search_term_string}\"},\"query-input\":\"required name=search_term_string\"}],\"inLanguage\":\"ru-RU\"}]}<\/script>\n<!-- \/ Yoast SEO plugin. -->","yoast_head_json":{"title":"Trotineta Micro Mini Deluxe Glow LED Icy Lime - www.fluture.md","robots":{"index":"index","follow":"follow","max-snippet":"max-snippet:-1","max-image-preview":"max-image-preview:large","max-video-preview":"max-video-preview:-1"},"canonical":"https:\/\/www.fluture.md\/product\/trotineta-micro-mini-deluxe-glow-led-icy-lime\/","og_locale":"ru_RU","og_type":"article","og_title":"Trotineta Micro Mini Deluxe Glow LED Icy Lime - www.fluture.md","og_description":"Mini Micro Deluxe \u2013 design inovativ si calitate elvetiana fara compromisuri. Caracteristici: Ghidonul trotinetei este reglabil in functie de inaltimea copilului. Asta inseamna ca trotineta \u201cva creste\u201d impreuna cu copilul. Cand este lasat la minim, inaltimea fata de sol este de 49cm, iar cand este ridicat la maxim inaltimea fata de sol este de 67cm. Platforma, frana si manerele au culori asortate, iar bara ghidonului este vopsita in culori metalizate, fiind protejata impotriva coroziunii. Pe platforma este imprimat logo-ul MICRO, acest logo avand si&hellip;","og_url":"https:\/\/www.fluture.md\/product\/trotineta-micro-mini-deluxe-glow-led-icy-lime\/","og_site_name":"www.fluture.md","article_modified_time":"2025-02-24T12:17:47+00:00","og_image":[{"width":1500,"height":1500,"url":"https:\/\/www.fluture.md\/wp-content\/uploads\/2025\/02\/Trotineta-Micro-Mini-Deluxe-Glow-LED-Icy-Lime.jpg","type":"image\/jpeg"}],"twitter_card":"summary_large_image","twitter_misc":{"\u041f\u0440\u0438\u043c\u0435\u0440\u043d\u043e\u0435 \u0432\u0440\u0435\u043c\u044f \u0434\u043b\u044f \u0447\u0442\u0435\u043d\u0438\u044f":"3 \u043c\u0438\u043d\u0443\u0442\u044b"},"schema":{"@context":"https:\/\/schema.org","@graph":[{"@type":"WebPage","@id":"https:\/\/www.fluture.md\/product\/trotineta-micro-mini-deluxe-glow-led-icy-lime\/","url":"https:\/\/www.fluture.md\/product\/trotineta-micro-mini-deluxe-glow-led-icy-lime\/","name":"Trotineta Micro Mini Deluxe Glow LED Icy Lime - www.fluture.md","isPartOf":{"@id":"https:\/\/www.fluture.md\/ru\/#website"},"datePublished":"2025-02-24T12:15:07+00:00","dateModified":"2025-02-24T12:17:47+00:00","breadcrumb":{"@id":"https:\/\/www.fluture.md\/product\/trotineta-micro-mini-deluxe-glow-led-icy-lime\/#breadcrumb"},"inLanguage":"ru-RU","potentialAction":[{"@type":"ReadAction","target":["https:\/\/www.fluture.md\/product\/trotineta-micro-mini-deluxe-glow-led-icy-lime\/"]}]},{"@type":"BreadcrumbList","@id":"https:\/\/www.fluture.md\/product\/trotineta-micro-mini-deluxe-glow-led-icy-lime\/#breadcrumb","itemListElement":[{"@type":"ListItem","position":1,"name":"\u0413\u043b\u0430\u0432\u043d\u0430\u044f \u0441\u0442\u0440\u0430\u043d\u0438\u0446\u0430","item":"https:\/\/www.fluture.md\/"},{"@type":"ListItem","position":2,"name":"Magazin online","item":"https:\/\/www.fluture.md\/shop\/"},{"@type":"ListItem","position":3,"name":"Trotineta Micro Mini Deluxe Glow LED Icy Lime"}]},{"@type":"WebSite","@id":"https:\/\/www.fluture.md\/ru\/#website","url":"https:\/\/www.fluture.md\/ru\/","name":"www.fluture.md","description":"\u041c\u0435\u0431\u0435\u043b\u044c \u0438 \u0430\u043a\u0441\u0435\u0441\u0441\u0443\u0430\u0440\u044b \u0434\u043b\u044f \u043d\u043e\u0432\u043e\u0440\u043e\u0436\u0434\u0435\u043d\u043d\u044b\u0445 \u0441 \u0431\u0435\u0441\u043f\u043b\u0430\u0442\u043d\u043e\u0439 \u0434\u043e\u0441\u0442\u0430\u0432\u043a\u043e\u0439 \u043f\u043e \u041c\u043e\u043b\u0434\u043e\u0432\u0435","potentialAction":[{"@type":"SearchAction","target":{"@type":"EntryPoint","urlTemplate":"https:\/\/www.fluture.md\/ru\/?s={search_term_string}"},"query-input":"required name=search_term_string"}],"inLanguage":"ru-RU"}]}},"_links":{"self":[{"href":"https:\/\/www.fluture.md\/ru\/wp-json\/wp\/v2\/product\/183890"}],"collection":[{"href":"https:\/\/www.fluture.md\/ru\/wp-json\/wp\/v2\/product"}],"about":[{"href":"https:\/\/www.fluture.md\/ru\/wp-json\/wp\/v2\/types\/product"}],"replies":[{"embeddable":true,"href":"https:\/\/www.fluture.md\/ru\/wp-json\/wp\/v2\/comments?post=183890"}],"wp:featuredmedia":[{"embeddable":true,"href":"https:\/\/www.fluture.md\/ru\/wp-json\/wp\/v2\/media\/183891"}],"wp:attachment":[{"href":"https:\/\/www.fluture.md\/ru\/wp-json\/wp\/v2\/media?parent=183890"}],"wp:term":[{"taxonomy":"product_cat","embeddable":true,"href":"https:\/\/www.fluture.md\/ru\/wp-json\/wp\/v2\/product_cat?post=183890"},{"taxonomy":"product_tag","embeddable":true,"href":"https:\/\/www.fluture.md\/ru\/wp-json\/wp\/v2\/product_tag?post=183890"}],"curies":[{"name":"wp","href":"https:\/\/api.w.org\/{rel}","templated":true}]}}