
{"id":180846,"date":"2024-10-17T08:23:56","date_gmt":"2024-10-17T05:23:56","guid":{"rendered":"https:\/\/www.fluture.md\/?post_type=product&#038;p=180846"},"modified":"2024-12-26T00:07:12","modified_gmt":"2024-12-25T22:07:12","slug":"set-lenjerie-olivia-tiny-forest","status":"publish","type":"product","link":"https:\/\/www.fluture.md\/ru\/product\/set-lenjerie-olivia-tiny-forest\/","title":{"rendered":"Set lenjerie p\/p Olivia Tiny Forest ES"},"content":{"rendered":"<p>Setul de lenjerie pentru p\u0103tu\u021b oval Olivia &#8212; ofer\u0103 confort copilului, fiind de \u00eenalt\u0103 calitate. Acest set delicat \u0219i u\u0219or va asigura un somn lini\u0219tit \u0219i sigur pentru copilul dumneavoastr\u0103.<\/p>\n<div class=\"flex max-w-full flex-col flex-grow\">\n<div class=\"min-h-8 text-message flex w-full flex-col items-end gap-2 whitespace-normal break-words [.text-message+&amp;]:mt-5\" dir=\"auto\" data-message-author-role=\"assistant\" data-message-id=\"f3090c4c-83d1-4a07-9f9f-ef218741747b\" data-message-model-slug=\"gpt-4o-mini\">\n<div class=\"flex w-full flex-col gap-1 empty:hidden first:pt-[3px]\">\n<div class=\"markdown prose w-full break-words dark:prose-invert light\">\n<p><strong>\u021aes\u0103tur\u0103:<\/strong> bumbac, material hipoalergenic<\/p>\n<p>Lenjerie este f\u0103cut\u0103 din stof\u0103 natural\u0103 din bumbac conform standartelor europene!<\/p>\n<p>\u00cen set sunt incluse:<\/p>\n<ul>\n<li>Borduri din 4 p\u0103r\u021bi (matlasate)<\/li>\n<li>P\u0103tur\u0103 120&#215;90 cm<\/li>\n<li>Hus\u0103 pentru plapum\u0103 120&#215;90 cm<\/li>\n<li>Pern\u0103 30&#215;50 cm<\/li>\n<li>Fa\u021b\u0103 de pern\u0103 30&#215;50 cm<\/li>\n<li>Cear\u0219af oval 120&#215;70 cm<\/li>\n<li>Pern\u0103 ortopedic\u0103 (\u00een form\u0103 de pic\u0103tur\u0103)<\/li>\n<\/ul>\n<\/div>\n<\/div>\n<\/div>\n<\/div>\n","protected":false},"excerpt":{"rendered":"<p>Setul de lenjerie pentru p\u0103tu\u021b oval Olivia &#8212; ofer\u0103 confort copilului, fiind de \u00eenalt\u0103 calitate. Acest set delicat \u0219i u\u0219or va asigura un somn lini\u0219tit \u0219i sigur pentru copilul dumneavoastr\u0103. \u021aes\u0103tur\u0103: bumbac, material hipoalergenic Lenjerie este f\u0103cut\u0103 din stof\u0103 natural\u0103 din bumbac conform standartelor europene! \u00cen set sunt incluse: Borduri din 4 p\u0103r\u021bi (matlasate) P\u0103tur\u0103 120&#215;90 cm Hus\u0103 pentru plapum\u0103 120&#215;90 cm Pern\u0103 30&#215;50 cm Fa\u021b\u0103 de pern\u0103 30&#215;50 cm Cear\u0219af oval 120&#215;70 cm Pern\u0103 ortopedic\u0103 (\u00een form\u0103 de pic\u0103tur\u0103)<\/p>\n","protected":false},"featured_media":180847,"comment_status":"open","ping_status":"closed","template":"","meta":[],"product_cat":[272,89],"product_tag":[],"yoast_head":"<!-- This site is optimized with the Yoast SEO plugin v21.9.1 - https:\/\/yoast.com\/wordpress\/plugins\/seo\/ -->\n<title>Set lenjerie p\/p Olivia Tiny Forest ES - www.fluture.md<\/title>\n<meta name=\"robots\" content=\"index, follow, max-snippet:-1, max-image-preview:large, max-video-preview:-1\" \/>\n<link rel=\"canonical\" href=\"https:\/\/www.fluture.md\/product\/set-lenjerie-olivia-tiny-forest\/\" \/>\n<meta property=\"og:locale\" content=\"ru_RU\" \/>\n<meta property=\"og:type\" content=\"article\" \/>\n<meta property=\"og:title\" content=\"Set lenjerie p\/p Olivia Tiny Forest ES - www.fluture.md\" \/>\n<meta property=\"og:description\" content=\"Setul de lenjerie pentru p\u0103tu\u021b oval Olivia &#8212; ofer\u0103 confort copilului, fiind de \u00eenalt\u0103 calitate. Acest set delicat \u0219i u\u0219or va asigura un somn lini\u0219tit \u0219i sigur pentru copilul dumneavoastr\u0103. \u021aes\u0103tur\u0103: bumbac, material hipoalergenic Lenjerie este f\u0103cut\u0103 din stof\u0103 natural\u0103 din bumbac conform standartelor europene! \u00cen set sunt incluse: Borduri din 4 p\u0103r\u021bi (matlasate) P\u0103tur\u0103 120&#215;90 cm Hus\u0103 pentru plapum\u0103 120&#215;90 cm Pern\u0103 30&#215;50 cm Fa\u021b\u0103 de pern\u0103 30&#215;50 cm Cear\u0219af oval 120&#215;70 cm Pern\u0103 ortopedic\u0103 (\u00een form\u0103 de pic\u0103tur\u0103)\" \/>\n<meta property=\"og:url\" content=\"https:\/\/www.fluture.md\/product\/set-lenjerie-olivia-tiny-forest\/\" \/>\n<meta property=\"og:site_name\" content=\"www.fluture.md\" \/>\n<meta property=\"article:modified_time\" content=\"2024-12-25T22:07:12+00:00\" \/>\n<meta property=\"og:image\" content=\"https:\/\/www.fluture.md\/wp-content\/uploads\/2024\/10\/Set-lenjerie-7-elemente-pentu-patut-oval-2.jpg\" \/>\n\t<meta property=\"og:image:width\" content=\"2400\" \/>\n\t<meta property=\"og:image:height\" content=\"2400\" \/>\n\t<meta property=\"og:image:type\" content=\"image\/jpeg\" \/>\n<meta name=\"twitter:card\" content=\"summary_large_image\" \/>\n<meta name=\"twitter:label1\" content=\"\u041f\u0440\u0438\u043c\u0435\u0440\u043d\u043e\u0435 \u0432\u0440\u0435\u043c\u044f \u0434\u043b\u044f \u0447\u0442\u0435\u043d\u0438\u044f\" \/>\n\t<meta name=\"twitter:data1\" content=\"1 \u043c\u0438\u043d\u0443\u0442\u0430\" \/>\n<script type=\"application\/ld+json\" class=\"yoast-schema-graph\">{\"@context\":\"https:\/\/schema.org\",\"@graph\":[{\"@type\":\"WebPage\",\"@id\":\"https:\/\/www.fluture.md\/product\/set-lenjerie-olivia-tiny-forest\/\",\"url\":\"https:\/\/www.fluture.md\/product\/set-lenjerie-olivia-tiny-forest\/\",\"name\":\"Set lenjerie p\/p Olivia Tiny Forest ES - www.fluture.md\",\"isPartOf\":{\"@id\":\"https:\/\/www.fluture.md\/ru\/#website\"},\"datePublished\":\"2024-10-17T05:23:56+00:00\",\"dateModified\":\"2024-12-25T22:07:12+00:00\",\"breadcrumb\":{\"@id\":\"https:\/\/www.fluture.md\/product\/set-lenjerie-olivia-tiny-forest\/#breadcrumb\"},\"inLanguage\":\"ru-RU\",\"potentialAction\":[{\"@type\":\"ReadAction\",\"target\":[\"https:\/\/www.fluture.md\/product\/set-lenjerie-olivia-tiny-forest\/\"]}]},{\"@type\":\"BreadcrumbList\",\"@id\":\"https:\/\/www.fluture.md\/product\/set-lenjerie-olivia-tiny-forest\/#breadcrumb\",\"itemListElement\":[{\"@type\":\"ListItem\",\"position\":1,\"name\":\"\u0413\u043b\u0430\u0432\u043d\u0430\u044f \u0441\u0442\u0440\u0430\u043d\u0438\u0446\u0430\",\"item\":\"https:\/\/www.fluture.md\/\"},{\"@type\":\"ListItem\",\"position\":2,\"name\":\"Magazin online\",\"item\":\"https:\/\/www.fluture.md\/shop\/\"},{\"@type\":\"ListItem\",\"position\":3,\"name\":\"Set lenjerie p\/p Olivia Tiny Forest ES\"}]},{\"@type\":\"WebSite\",\"@id\":\"https:\/\/www.fluture.md\/ru\/#website\",\"url\":\"https:\/\/www.fluture.md\/ru\/\",\"name\":\"www.fluture.md\",\"description\":\"\u041c\u0435\u0431\u0435\u043b\u044c \u0438 \u0430\u043a\u0441\u0435\u0441\u0441\u0443\u0430\u0440\u044b \u0434\u043b\u044f \u043d\u043e\u0432\u043e\u0440\u043e\u0436\u0434\u0435\u043d\u043d\u044b\u0445 \u0441 \u0431\u0435\u0441\u043f\u043b\u0430\u0442\u043d\u043e\u0439 \u0434\u043e\u0441\u0442\u0430\u0432\u043a\u043e\u0439 \u043f\u043e \u041c\u043e\u043b\u0434\u043e\u0432\u0435\",\"potentialAction\":[{\"@type\":\"SearchAction\",\"target\":{\"@type\":\"EntryPoint\",\"urlTemplate\":\"https:\/\/www.fluture.md\/ru\/?s={search_term_string}\"},\"query-input\":\"required name=search_term_string\"}],\"inLanguage\":\"ru-RU\"}]}<\/script>\n<!-- \/ Yoast SEO plugin. -->","yoast_head_json":{"title":"Set lenjerie p\/p Olivia Tiny Forest ES - www.fluture.md","robots":{"index":"index","follow":"follow","max-snippet":"max-snippet:-1","max-image-preview":"max-image-preview:large","max-video-preview":"max-video-preview:-1"},"canonical":"https:\/\/www.fluture.md\/product\/set-lenjerie-olivia-tiny-forest\/","og_locale":"ru_RU","og_type":"article","og_title":"Set lenjerie p\/p Olivia Tiny Forest ES - www.fluture.md","og_description":"Setul de lenjerie pentru p\u0103tu\u021b oval Olivia &#8212; ofer\u0103 confort copilului, fiind de \u00eenalt\u0103 calitate. Acest set delicat \u0219i u\u0219or va asigura un somn lini\u0219tit \u0219i sigur pentru copilul dumneavoastr\u0103. \u021aes\u0103tur\u0103: bumbac, material hipoalergenic Lenjerie este f\u0103cut\u0103 din stof\u0103 natural\u0103 din bumbac conform standartelor europene! \u00cen set sunt incluse: Borduri din 4 p\u0103r\u021bi (matlasate) P\u0103tur\u0103 120&#215;90 cm Hus\u0103 pentru plapum\u0103 120&#215;90 cm Pern\u0103 30&#215;50 cm Fa\u021b\u0103 de pern\u0103 30&#215;50 cm Cear\u0219af oval 120&#215;70 cm Pern\u0103 ortopedic\u0103 (\u00een form\u0103 de pic\u0103tur\u0103)","og_url":"https:\/\/www.fluture.md\/product\/set-lenjerie-olivia-tiny-forest\/","og_site_name":"www.fluture.md","article_modified_time":"2024-12-25T22:07:12+00:00","og_image":[{"width":2400,"height":2400,"url":"https:\/\/www.fluture.md\/wp-content\/uploads\/2024\/10\/Set-lenjerie-7-elemente-pentu-patut-oval-2.jpg","type":"image\/jpeg"}],"twitter_card":"summary_large_image","twitter_misc":{"\u041f\u0440\u0438\u043c\u0435\u0440\u043d\u043e\u0435 \u0432\u0440\u0435\u043c\u044f \u0434\u043b\u044f \u0447\u0442\u0435\u043d\u0438\u044f":"1 \u043c\u0438\u043d\u0443\u0442\u0430"},"schema":{"@context":"https:\/\/schema.org","@graph":[{"@type":"WebPage","@id":"https:\/\/www.fluture.md\/product\/set-lenjerie-olivia-tiny-forest\/","url":"https:\/\/www.fluture.md\/product\/set-lenjerie-olivia-tiny-forest\/","name":"Set lenjerie p\/p Olivia Tiny Forest ES - www.fluture.md","isPartOf":{"@id":"https:\/\/www.fluture.md\/ru\/#website"},"datePublished":"2024-10-17T05:23:56+00:00","dateModified":"2024-12-25T22:07:12+00:00","breadcrumb":{"@id":"https:\/\/www.fluture.md\/product\/set-lenjerie-olivia-tiny-forest\/#breadcrumb"},"inLanguage":"ru-RU","potentialAction":[{"@type":"ReadAction","target":["https:\/\/www.fluture.md\/product\/set-lenjerie-olivia-tiny-forest\/"]}]},{"@type":"BreadcrumbList","@id":"https:\/\/www.fluture.md\/product\/set-lenjerie-olivia-tiny-forest\/#breadcrumb","itemListElement":[{"@type":"ListItem","position":1,"name":"\u0413\u043b\u0430\u0432\u043d\u0430\u044f \u0441\u0442\u0440\u0430\u043d\u0438\u0446\u0430","item":"https:\/\/www.fluture.md\/"},{"@type":"ListItem","position":2,"name":"Magazin online","item":"https:\/\/www.fluture.md\/shop\/"},{"@type":"ListItem","position":3,"name":"Set lenjerie p\/p Olivia Tiny Forest ES"}]},{"@type":"WebSite","@id":"https:\/\/www.fluture.md\/ru\/#website","url":"https:\/\/www.fluture.md\/ru\/","name":"www.fluture.md","description":"\u041c\u0435\u0431\u0435\u043b\u044c \u0438 \u0430\u043a\u0441\u0435\u0441\u0441\u0443\u0430\u0440\u044b \u0434\u043b\u044f \u043d\u043e\u0432\u043e\u0440\u043e\u0436\u0434\u0435\u043d\u043d\u044b\u0445 \u0441 \u0431\u0435\u0441\u043f\u043b\u0430\u0442\u043d\u043e\u0439 \u0434\u043e\u0441\u0442\u0430\u0432\u043a\u043e\u0439 \u043f\u043e \u041c\u043e\u043b\u0434\u043e\u0432\u0435","potentialAction":[{"@type":"SearchAction","target":{"@type":"EntryPoint","urlTemplate":"https:\/\/www.fluture.md\/ru\/?s={search_term_string}"},"query-input":"required name=search_term_string"}],"inLanguage":"ru-RU"}]}},"_links":{"self":[{"href":"https:\/\/www.fluture.md\/ru\/wp-json\/wp\/v2\/product\/180846"}],"collection":[{"href":"https:\/\/www.fluture.md\/ru\/wp-json\/wp\/v2\/product"}],"about":[{"href":"https:\/\/www.fluture.md\/ru\/wp-json\/wp\/v2\/types\/product"}],"replies":[{"embeddable":true,"href":"https:\/\/www.fluture.md\/ru\/wp-json\/wp\/v2\/comments?post=180846"}],"wp:featuredmedia":[{"embeddable":true,"href":"https:\/\/www.fluture.md\/ru\/wp-json\/wp\/v2\/media\/180847"}],"wp:attachment":[{"href":"https:\/\/www.fluture.md\/ru\/wp-json\/wp\/v2\/media?parent=180846"}],"wp:term":[{"taxonomy":"product_cat","embeddable":true,"href":"https:\/\/www.fluture.md\/ru\/wp-json\/wp\/v2\/product_cat?post=180846"},{"taxonomy":"product_tag","embeddable":true,"href":"https:\/\/www.fluture.md\/ru\/wp-json\/wp\/v2\/product_tag?post=180846"}],"curies":[{"name":"wp","href":"https:\/\/api.w.org\/{rel}","templated":true}]}}