
{"id":159245,"date":"2022-11-13T21:46:41","date_gmt":"2022-11-13T21:46:41","guid":{"rendered":"https:\/\/www.fluture.md\/?post_type=product&#038;p=159245"},"modified":"2024-03-12T17:19:32","modified_gmt":"2024-03-12T15:19:32","slug":"husa-protectie-ploaie-easylife","status":"publish","type":"product","link":"https:\/\/www.fluture.md\/ru\/product\/husa-protectie-ploaie-easylife\/","title":{"rendered":"\u0414\u043e\u0436\u0434\u0435\u0432\u0438\u043a Easylife (5604.000.00)"},"content":{"rendered":"<p>\u0414\u043e\u0436\u0434\u0435\u0432\u0438\u043a \u0434\u043b\u044f \u043e\u0431\u0435\u0441\u043f\u0435\u0447\u0435\u043d\u0438\u044f \u0437\u0430\u0449\u0438\u0442\u044b \u043e\u0442 \u0434\u043e\u0436\u0434\u044f \u0438 \u0432\u0435\u0442\u0440\u0430.<\/p>\n<p>&nbsp;<\/p>\n<p>&nbsp;<\/p>\n<p>* Toat\u0103 informa\u021bia publicat\u0103 pe site-ul www.fluture.md, inclusiv pre\u021burile produselor, poart\u0103 caracter informa\u021bional \u0219i nici \u00eentr-un caz nu este o ofert\u0103 public\u0103, definit\u0103 de dispozi\u021biile articolelor 681 \u0219i 805 ale Codului civil al R.M. Nr. 1107 din 06.06.2002. Pentru mai multe informa\u021bii cu privire la stocuri \u0219i costul produselor \u0219i serviciilor, v\u0103 rug\u0103m s\u0103 ne contacta\u021bi la num\u0103rul de telefon: +373 69757176. Parametrii \u0219i componen\u021ba produsului pot fi modificate de produc\u0103tor f\u0103r\u0103 pre\u00eent\u00e2mpinare.<\/p>","protected":false},"excerpt":{"rendered":"<p>\u0414\u043e\u0436\u0434\u0435\u0432\u0438\u043a \u0434\u043b\u044f \u043e\u0431\u0435\u0441\u043f\u0435\u0447\u0435\u043d\u0438\u044f \u0437\u0430\u0449\u0438\u0442\u044b \u043e\u0442 \u0434\u043e\u0436\u0434\u044f \u0438 \u0432\u0435\u0442\u0440\u0430. &nbsp; &nbsp; * Toat\u0103 informa\u021bia publicat\u0103 pe site-ul www.fluture.md, inclusiv pre\u021burile produselor, poart\u0103 caracter informa\u021bional \u0219i nici \u00eentr-un caz nu este o ofert\u0103 public\u0103, definit\u0103 de dispozi\u021biile articolelor 681 \u0219i 805 ale Codului civil al R.M. Nr. 1107 din 06.06.2002. Pentru mai multe informa\u021bii cu privire la stocuri \u0219i costul produselor \u0219i serviciilor, v\u0103 rug\u0103m s\u0103 ne contacta\u021bi la num\u0103rul de telefon: +373 69757176. Parametrii \u0219i componen\u021ba produsului pot fi modificate de produc\u0103tor f\u0103r\u0103 pre\u00eent\u00e2mpinare.<\/p>\n","protected":false},"featured_media":159246,"comment_status":"open","ping_status":"closed","template":"","meta":[],"product_cat":[457,86,300],"product_tag":[],"yoast_head":"<!-- This site is optimized with the Yoast SEO plugin v21.9.1 - https:\/\/yoast.com\/wordpress\/plugins\/seo\/ -->\n<title>\u0414\u043e\u0436\u0434\u0435\u0432\u0438\u043a Easylife (5604.000.00) - www.fluture.md<\/title>\n<meta name=\"robots\" content=\"index, follow, max-snippet:-1, max-image-preview:large, max-video-preview:-1\" \/>\n<link rel=\"canonical\" href=\"https:\/\/www.fluture.md\/product\/husa-protectie-ploaie-easylife\/\" \/>\n<meta property=\"og:locale\" content=\"ru_RU\" \/>\n<meta property=\"og:type\" content=\"article\" \/>\n<meta property=\"og:title\" content=\"[:ru]\u0414\u043e\u0436\u0434\u0435\u0432\u0438\u043a Easylife (5604.000.00)[:ro]Husa protectie ploaie Easylife (5604.000.00)[:] - www.fluture.md\" \/>\n<meta property=\"og:description\" content=\"\u0414\u043e\u0436\u0434\u0435\u0432\u0438\u043a \u0434\u043b\u044f \u043e\u0431\u0435\u0441\u043f\u0435\u0447\u0435\u043d\u0438\u044f \u0437\u0430\u0449\u0438\u0442\u044b \u043e\u0442 \u0434\u043e\u0436\u0434\u044f \u0438 \u0432\u0435\u0442\u0440\u0430. &nbsp; &nbsp; * Toat\u0103 informa\u021bia publicat\u0103 pe site-ul www.fluture.md, inclusiv pre\u021burile produselor, poart\u0103 caracter informa\u021bional \u0219i nici \u00eentr-un caz nu este o ofert\u0103 public\u0103, definit\u0103 de dispozi\u021biile articolelor 681 \u0219i 805 ale Codului civil al R.M. Nr. 1107 din 06.06.2002. Pentru mai multe informa\u021bii cu privire la stocuri \u0219i costul produselor \u0219i serviciilor, v\u0103 rug\u0103m s\u0103 ne contacta\u021bi la num\u0103rul de telefon: +373 69757176. Parametrii \u0219i componen\u021ba produsului pot fi modificate de produc\u0103tor f\u0103r\u0103 pre\u00eent\u00e2mpinare.\" \/>\n<meta property=\"og:url\" content=\"https:\/\/www.fluture.md\/product\/husa-protectie-ploaie-easylife\/\" \/>\n<meta property=\"og:site_name\" content=\"www.fluture.md\" \/>\n<meta property=\"article:modified_time\" content=\"2024-03-12T15:19:32+00:00\" \/>\n<meta property=\"og:image\" content=\"https:\/\/www.fluture.md\/wp-content\/uploads\/2022\/11\/Husa-protectie-ploaie-Easylife.webp\" \/>\n\t<meta property=\"og:image:width\" content=\"460\" \/>\n\t<meta property=\"og:image:height\" content=\"613\" \/>\n\t<meta property=\"og:image:type\" content=\"image\/webp\" \/>\n<meta name=\"twitter:card\" content=\"summary_large_image\" \/>\n<meta name=\"twitter:label1\" content=\"\u041f\u0440\u0438\u043c\u0435\u0440\u043d\u043e\u0435 \u0432\u0440\u0435\u043c\u044f \u0434\u043b\u044f \u0447\u0442\u0435\u043d\u0438\u044f\" \/>\n\t<meta name=\"twitter:data1\" content=\"1 \u043c\u0438\u043d\u0443\u0442\u0430\" \/>\n<script type=\"application\/ld+json\" class=\"yoast-schema-graph\">{\"@context\":\"https:\/\/schema.org\",\"@graph\":[{\"@type\":\"WebPage\",\"@id\":\"https:\/\/www.fluture.md\/product\/husa-protectie-ploaie-easylife\/\",\"url\":\"https:\/\/www.fluture.md\/product\/husa-protectie-ploaie-easylife\/\",\"name\":\"[:ru]\u0414\u043e\u0436\u0434\u0435\u0432\u0438\u043a Easylife (5604.000.00)[:ro]Husa protectie ploaie Easylife (5604.000.00)[:] - www.fluture.md\",\"isPartOf\":{\"@id\":\"https:\/\/www.fluture.md\/ru\/#website\"},\"datePublished\":\"2022-11-13T21:46:41+00:00\",\"dateModified\":\"2024-03-12T15:19:32+00:00\",\"breadcrumb\":{\"@id\":\"https:\/\/www.fluture.md\/product\/husa-protectie-ploaie-easylife\/#breadcrumb\"},\"inLanguage\":\"ru-RU\",\"potentialAction\":[{\"@type\":\"ReadAction\",\"target\":[\"https:\/\/www.fluture.md\/product\/husa-protectie-ploaie-easylife\/\"]}]},{\"@type\":\"BreadcrumbList\",\"@id\":\"https:\/\/www.fluture.md\/product\/husa-protectie-ploaie-easylife\/#breadcrumb\",\"itemListElement\":[{\"@type\":\"ListItem\",\"position\":1,\"name\":\"\u0413\u043b\u0430\u0432\u043d\u0430\u044f \u0441\u0442\u0440\u0430\u043d\u0438\u0446\u0430\",\"item\":\"https:\/\/www.fluture.md\/\"},{\"@type\":\"ListItem\",\"position\":2,\"name\":\"Magazin online\",\"item\":\"https:\/\/www.fluture.md\/shop\/\"},{\"@type\":\"ListItem\",\"position\":3,\"name\":\"\u0414\u043e\u0436\u0434\u0435\u0432\u0438\u043a Easylife (5604.000.00)\"}]},{\"@type\":\"WebSite\",\"@id\":\"https:\/\/www.fluture.md\/ru\/#website\",\"url\":\"https:\/\/www.fluture.md\/ru\/\",\"name\":\"www.fluture.md\",\"description\":\"\u041c\u0435\u0431\u0435\u043b\u044c \u0438 \u0430\u043a\u0441\u0435\u0441\u0441\u0443\u0430\u0440\u044b \u0434\u043b\u044f \u043d\u043e\u0432\u043e\u0440\u043e\u0436\u0434\u0435\u043d\u043d\u044b\u0445 \u0441 \u0431\u0435\u0441\u043f\u043b\u0430\u0442\u043d\u043e\u0439 \u0434\u043e\u0441\u0442\u0430\u0432\u043a\u043e\u0439 \u043f\u043e \u041c\u043e\u043b\u0434\u043e\u0432\u0435\",\"potentialAction\":[{\"@type\":\"SearchAction\",\"target\":{\"@type\":\"EntryPoint\",\"urlTemplate\":\"https:\/\/www.fluture.md\/ru\/?s={search_term_string}\"},\"query-input\":\"required name=search_term_string\"}],\"inLanguage\":\"ru-RU\"}]}<\/script>\n<!-- \/ Yoast SEO plugin. -->","yoast_head_json":{"title":"[:ru]\u0414\u043e\u0436\u0434\u0435\u0432\u0438\u043a Easylife (5604.000.00)[:ro]Husa protectie ploaie Easylife (5604.000.00)[:] - www.fluture.md","robots":{"index":"index","follow":"follow","max-snippet":"max-snippet:-1","max-image-preview":"max-image-preview:large","max-video-preview":"max-video-preview:-1"},"canonical":"https:\/\/www.fluture.md\/product\/husa-protectie-ploaie-easylife\/","og_locale":"ru_RU","og_type":"article","og_title":"[:ru]\u0414\u043e\u0436\u0434\u0435\u0432\u0438\u043a Easylife (5604.000.00)[:ro]Husa protectie ploaie Easylife (5604.000.00)[:] - www.fluture.md","og_description":"\u0414\u043e\u0436\u0434\u0435\u0432\u0438\u043a \u0434\u043b\u044f \u043e\u0431\u0435\u0441\u043f\u0435\u0447\u0435\u043d\u0438\u044f \u0437\u0430\u0449\u0438\u0442\u044b \u043e\u0442 \u0434\u043e\u0436\u0434\u044f \u0438 \u0432\u0435\u0442\u0440\u0430. &nbsp; &nbsp; * Toat\u0103 informa\u021bia publicat\u0103 pe site-ul www.fluture.md, inclusiv pre\u021burile produselor, poart\u0103 caracter informa\u021bional \u0219i nici \u00eentr-un caz nu este o ofert\u0103 public\u0103, definit\u0103 de dispozi\u021biile articolelor 681 \u0219i 805 ale Codului civil al R.M. Nr. 1107 din 06.06.2002. Pentru mai multe informa\u021bii cu privire la stocuri \u0219i costul produselor \u0219i serviciilor, v\u0103 rug\u0103m s\u0103 ne contacta\u021bi la num\u0103rul de telefon: +373 69757176. Parametrii \u0219i componen\u021ba produsului pot fi modificate de produc\u0103tor f\u0103r\u0103 pre\u00eent\u00e2mpinare.","og_url":"https:\/\/www.fluture.md\/product\/husa-protectie-ploaie-easylife\/","og_site_name":"www.fluture.md","article_modified_time":"2024-03-12T15:19:32+00:00","og_image":[{"width":460,"height":613,"url":"https:\/\/www.fluture.md\/wp-content\/uploads\/2022\/11\/Husa-protectie-ploaie-Easylife.webp","type":"image\/webp"}],"twitter_card":"summary_large_image","twitter_misc":{"\u041f\u0440\u0438\u043c\u0435\u0440\u043d\u043e\u0435 \u0432\u0440\u0435\u043c\u044f \u0434\u043b\u044f \u0447\u0442\u0435\u043d\u0438\u044f":"1 \u043c\u0438\u043d\u0443\u0442\u0430"},"schema":{"@context":"https:\/\/schema.org","@graph":[{"@type":"WebPage","@id":"https:\/\/www.fluture.md\/product\/husa-protectie-ploaie-easylife\/","url":"https:\/\/www.fluture.md\/product\/husa-protectie-ploaie-easylife\/","name":"[:ru]\u0414\u043e\u0436\u0434\u0435\u0432\u0438\u043a Easylife (5604.000.00)[:ro]Husa protectie ploaie Easylife (5604.000.00)[:] - www.fluture.md","isPartOf":{"@id":"https:\/\/www.fluture.md\/ru\/#website"},"datePublished":"2022-11-13T21:46:41+00:00","dateModified":"2024-03-12T15:19:32+00:00","breadcrumb":{"@id":"https:\/\/www.fluture.md\/product\/husa-protectie-ploaie-easylife\/#breadcrumb"},"inLanguage":"ru-RU","potentialAction":[{"@type":"ReadAction","target":["https:\/\/www.fluture.md\/product\/husa-protectie-ploaie-easylife\/"]}]},{"@type":"BreadcrumbList","@id":"https:\/\/www.fluture.md\/product\/husa-protectie-ploaie-easylife\/#breadcrumb","itemListElement":[{"@type":"ListItem","position":1,"name":"\u0413\u043b\u0430\u0432\u043d\u0430\u044f \u0441\u0442\u0440\u0430\u043d\u0438\u0446\u0430","item":"https:\/\/www.fluture.md\/"},{"@type":"ListItem","position":2,"name":"Magazin online","item":"https:\/\/www.fluture.md\/shop\/"},{"@type":"ListItem","position":3,"name":"\u0414\u043e\u0436\u0434\u0435\u0432\u0438\u043a Easylife (5604.000.00)"}]},{"@type":"WebSite","@id":"https:\/\/www.fluture.md\/ru\/#website","url":"https:\/\/www.fluture.md\/ru\/","name":"www.fluture.md","description":"\u041c\u0435\u0431\u0435\u043b\u044c \u0438 \u0430\u043a\u0441\u0435\u0441\u0441\u0443\u0430\u0440\u044b \u0434\u043b\u044f \u043d\u043e\u0432\u043e\u0440\u043e\u0436\u0434\u0435\u043d\u043d\u044b\u0445 \u0441 \u0431\u0435\u0441\u043f\u043b\u0430\u0442\u043d\u043e\u0439 \u0434\u043e\u0441\u0442\u0430\u0432\u043a\u043e\u0439 \u043f\u043e \u041c\u043e\u043b\u0434\u043e\u0432\u0435","potentialAction":[{"@type":"SearchAction","target":{"@type":"EntryPoint","urlTemplate":"https:\/\/www.fluture.md\/ru\/?s={search_term_string}"},"query-input":"required name=search_term_string"}],"inLanguage":"ru-RU"}]}},"_links":{"self":[{"href":"https:\/\/www.fluture.md\/ru\/wp-json\/wp\/v2\/product\/159245"}],"collection":[{"href":"https:\/\/www.fluture.md\/ru\/wp-json\/wp\/v2\/product"}],"about":[{"href":"https:\/\/www.fluture.md\/ru\/wp-json\/wp\/v2\/types\/product"}],"replies":[{"embeddable":true,"href":"https:\/\/www.fluture.md\/ru\/wp-json\/wp\/v2\/comments?post=159245"}],"wp:featuredmedia":[{"embeddable":true,"href":"https:\/\/www.fluture.md\/ru\/wp-json\/wp\/v2\/media\/159246"}],"wp:attachment":[{"href":"https:\/\/www.fluture.md\/ru\/wp-json\/wp\/v2\/media?parent=159245"}],"wp:term":[{"taxonomy":"product_cat","embeddable":true,"href":"https:\/\/www.fluture.md\/ru\/wp-json\/wp\/v2\/product_cat?post=159245"},{"taxonomy":"product_tag","embeddable":true,"href":"https:\/\/www.fluture.md\/ru\/wp-json\/wp\/v2\/product_tag?post=159245"}],"curies":[{"name":"wp","href":"https:\/\/api.w.org\/{rel}","templated":true}]}}